{"id":24481,"date":"2024-01-17T15:32:00","date_gmt":"2024-01-17T07:32:00","guid":{"rendered":"https:\/\/www.fjpremium.com\/?post_type=product&#038;p=24481"},"modified":"2024-03-27T10:34:25","modified_gmt":"2024-03-27T02:34:25","slug":"90-angle-20pin-motherboard-panel-mount-cale","status":"publish","type":"product","link":"https:\/\/www.fjpremium.com\/fr\/product\/90-angle-20pin-motherboard-panel-mount-cale\/","title":{"rendered":"90\u00b0 Angle 20PIN carte m\u00e8re femelle vers double c\u00e2ble vertical USB 3.0 A femelle pour montage sur panneau"},"content":{"rendered":"<p>Ce c\u00e2ble offre une solution unique pour connecter efficacement les appareils. Son connecteur femelle de carte m\u00e8re 20 broches \u00e0 angle de 90\u00b0 et ses deux connecteurs femelles USB 3.0 Type-A avec verrouillage \u00e0 vis garantissent des connexions s\u00e9curis\u00e9es et pratiques, m\u00eame dans les espaces restreints.<\/p>\n<p>Prenant en charge les appareils USB 3.0 ultra rapides avec un taux de transfert allant jusqu&#039;\u00e0 5 Gbit\/s et une r\u00e9trocompatibilit\u00e9 avec USB 2.0, il garantit un transfert de donn\u00e9es rapide entre divers appareils.<\/p>\n<p>Construit avec des mat\u00e9riaux durables et conforme aux r\u00e9glementations RoHS et REACH, il r\u00e9pond \u00e0 des normes de haute qualit\u00e9 tout en garantissant la s\u00e9curit\u00e9 et la responsabilit\u00e9 environnementale.<\/p>\n<p>Id\u00e9al pour les constructions de PC personnalis\u00e9es et les configurations industrielles, ce c\u00e2ble offre une connectivit\u00e9 fiable pour diverses applications, ce qui en fait un ajout pr\u00e9cieux \u00e0 n&#039;importe quel syst\u00e8me.<\/p>\n<p><span style=\"font-size: 16px;\">Ses caract\u00e9ristiques :<\/span><\/p>\n<ul>\n<li>Connecteur 1 : 20PIN carte m\u00e8re femelle 90\u00b0 Angle<\/li>\n<li>Connecteur 2 : Double USB 3.0 Type -A femelle avec verrouillage \u00e0 vis<\/li>\n<li>Contact plaqu\u00e9 or, coque plaqu\u00e9e nickel<\/li>\n<li>Type d'\u00e9crou et de vis : M3 nickel\u00e9<\/li>\n<li>Pas du trou : 30\u00b10.5mm<\/li>\n<li>Conducteur du c\u00e2ble : Cuivre nu<\/li>\n<li>Calibre des fils : 28\/28\/24AWG<\/li>\n<li>Diam\u00e8tre ext\u00e9rieur : 5,5\u00b10,15 mm<\/li>\n<li>Blindage : Feuille d'aluminium, tresse<\/li>\n<li>Bo\u00eetier : Moulage par injection<\/li>\n<li>Gaine : PVC<\/li>\n<li>Prend en charge les p\u00e9riph\u00e9riques USB 3.0 \u00e0 grande vitesse et le taux de transfert atteint 5 Gbps.<\/li>\n<li>R\u00e9trocompatibilit\u00e9 avec l'USB 2.0 \u00e0 haut d\u00e9bit (480 Mbps), l'USB 1.1 \u00e0 haut d\u00e9bit (12 Mbps) et l'USB 1.0 \u00e0 bas d\u00e9bit (1,5 Mbps)<\/li>\n<li>Conformit\u00e9 : RoHS, REACH<\/li>\n<\/ul>","protected":false},"excerpt":{"rendered":"<p>Angle 20PIN femelle carte m\u00e8re vers double c\u00e2ble vertical USB 3.0 A femelle pour montage en panneau avec fixation par vis, 0.3M<\/p>","protected":false},"featured_media":24484,"template":"","meta":{"_acf_changed":false,"_seopress_robots_primary_cat":"","_seopress_titles_title":"90\u00b0 Angle 20PIN MotherBoard Panel Mount Cable","_seopress_titles_desc":"","_seopress_robots_index":"","site-sidebar-layout":"default","site-content-layout":"default","ast-site-content-layout":"default","site-content-style":"default","site-sidebar-style":"default","ast-global-header-display":"","ast-banner-title-visibility":"","ast-main-header-display":"","ast-hfb-above-header-display":"","ast-hfb-below-header-display":"","ast-hfb-mobile-header-display":"","site-post-title":"","ast-breadcrumbs-content":"","ast-featured-img":"","footer-sml-layout":"","ast-disable-related-posts":"","theme-transparent-header-meta":"default","adv-header-id-meta":"","stick-header-meta":"","header-above-stick-meta":"","header-main-stick-meta":"","header-below-stick-meta":"","astra-migrate-meta-layouts":"set","ast-page-background-enabled":"default","ast-page-background-meta":{"desktop":{"background-color":"","background-image":"","background-repeat":"repeat","background-position":"center center","background-size":"auto","background-attachment":"scroll","background-type":"","background-media":"","overlay-type":"","overlay-color":"","overlay-opacity":"","overlay-gradient":""},"tablet":{"background-color":"","background-image":"","background-repeat":"repeat","background-position":"center center","background-size":"auto","background-attachment":"scroll","background-type":"","background-media":"","overlay-type":"","overlay-color":"","overlay-opacity":"","overlay-gradient":""},"mobile":{"background-color":"","background-image":"","background-repeat":"repeat","background-position":"center center","background-size":"auto","background-attachment":"scroll","background-type":"","background-media":"","overlay-type":"","overlay-color":"","overlay-opacity":"","overlay-gradient":""}},"ast-content-background-meta":{"desktop":{"background-color":"var(--ast-global-color-5)","background-image":"","background-repeat":"repeat","background-position":"center center","background-size":"auto","background-attachment":"scroll","background-type":"","background-media":"","overlay-type":"","overlay-color":"","overlay-opacity":"","overlay-gradient":""},"tablet":{"background-color":"var(--ast-global-color-5)","background-image":"","background-repeat":"repeat","background-position":"center center","background-size":"auto","background-attachment":"scroll","background-type":"","background-media":"","overlay-type":"","overlay-color":"","overlay-opacity":"","overlay-gradient":""},"mobile":{"background-color":"var(--ast-global-color-5)","background-image":"","background-repeat":"repeat","background-position":"center center","background-size":"auto","background-attachment":"scroll","background-type":"","background-media":"","overlay-type":"","overlay-color":"","overlay-opacity":"","overlay-gradient":""}},"iawp_total_views":5},"product_brand":[],"product_cat":[238,678],"product_tag":[],"class_list":{"0":"post-24481","1":"product","2":"type-product","3":"status-publish","4":"has-post-thumbnail","6":"product_cat-panel-mount","7":"product_cat-panel-mount-cables","8":"desktop-align-left","9":"tablet-align-left","10":"mobile-align-left","12":"first","13":"instock","14":"shipping-taxable","15":"purchasable","16":"product-type-simple"},"acf":[],"_links":{"self":[{"href":"https:\/\/www.fjpremium.com\/fr\/wp-json\/wp\/v2\/product\/24481","targetHints":{"allow":["GET"]}}],"collection":[{"href":"https:\/\/www.fjpremium.com\/fr\/wp-json\/wp\/v2\/product"}],"about":[{"href":"https:\/\/www.fjpremium.com\/fr\/wp-json\/wp\/v2\/types\/product"}],"wp:featuredmedia":[{"embeddable":true,"href":"https:\/\/www.fjpremium.com\/fr\/wp-json\/wp\/v2\/media\/24484"}],"wp:attachment":[{"href":"https:\/\/www.fjpremium.com\/fr\/wp-json\/wp\/v2\/media?parent=24481"}],"wp:term":[{"taxonomy":"product_brand","embeddable":true,"href":"https:\/\/www.fjpremium.com\/fr\/wp-json\/wp\/v2\/product_brand?post=24481"},{"taxonomy":"product_cat","embeddable":true,"href":"https:\/\/www.fjpremium.com\/fr\/wp-json\/wp\/v2\/product_cat?post=24481"},{"taxonomy":"product_tag","embeddable":true,"href":"https:\/\/www.fjpremium.com\/fr\/wp-json\/wp\/v2\/product_tag?post=24481"}],"curies":[{"name":"wp","href":"https:\/\/api.w.org\/{rel}","templated":true}]}}