{"id":24463,"date":"2024-01-17T15:04:11","date_gmt":"2024-01-17T07:04:11","guid":{"rendered":"https:\/\/www.fjpremium.com\/?post_type=product&#038;p=24463"},"modified":"2024-03-27T10:20:35","modified_gmt":"2024-03-27T02:20:35","slug":"20pin-motherboard-to-dual-usb-3-0-a-panel-mount-cable","status":"publish","type":"product","link":"https:\/\/www.fjpremium.com\/fr\/product\/20pin-motherboard-to-dual-usb-3-0-a-panel-mount-cable\/","title":{"rendered":"20PIN MotherBoard to Dual USB 3.0 A Female to Female Panel Mount Cable (Carte m\u00e8re vers double USB 3.0 A femelle vers femelle pour montage sur panneau)"},"content":{"rendered":"<p>Le c\u00e2ble de montage sur panneau de carte m\u00e8re 20 broches vers double USB 3.0 A est une solution de connectivit\u00e9 fiable con\u00e7ue pour les besoins informatiques modernes.<\/p>\n<p>Sa construction robuste, dot\u00e9e d&#039;un connecteur femelle de carte m\u00e8re 20 broches et de deux connecteurs femelles USB 3.0 Type-A avec verrouillage \u00e0 vis, garantit des connexions s\u00e9curis\u00e9es.<\/p>\n<p>Prenant en charge les p\u00e9riph\u00e9riques USB 3.0 ultra rapides avec un taux de transfert allant jusqu&#039;\u00e0 5 Gbit\/s et une r\u00e9trocompatibilit\u00e9 avec USB 2.0, il offre un transfert de donn\u00e9es rapide et polyvalent.<\/p>\n<p>Construit avec des conducteurs en cuivre nu, une feuille d&#039;aluminium et un blindage tress\u00e9, il maintient l&#039;int\u00e9grit\u00e9 du signal m\u00eame dans les environnements bruyants.<\/p>\n<p>Que ce soit pour la construction de PC personnalis\u00e9s ou l&#039;automatisation industrielle, ce c\u00e2ble offre fiabilit\u00e9 et performances, ce qui en fait un composant essentiel pour diverses applications.<\/p>\n<p><span style=\"font-size: 16px;\">Ses caract\u00e9ristiques :<\/span><\/p>\n<ul>\n<li>Connecteur 1 : 20PIN carte m\u00e8re femelle<\/li>\n<li>Connecteur 2 : Double USB 3.0 Type-A femelle avec verrouillage \u00e0 vis<\/li>\n<li>Contact plaqu\u00e9 or, coque plaqu\u00e9e nickel<\/li>\n<li>Type d'\u00e9crou et de vis : M3 nickel\u00e9<\/li>\n<li>Pas du trou : 47\u00b10.5mm<\/li>\n<li>Conducteur du c\u00e2ble : Cuivre nu<\/li>\n<li>Calibre des fils : 28\/28\/24AWG<\/li>\n<li>Diam\u00e8tre ext\u00e9rieur : 5,5\u00b10,15 mm<\/li>\n<li>Blindage : Feuille d'aluminium, tresse<\/li>\n<li>Bo\u00eetier : Moulage par injection<\/li>\n<li>Gaine : PVC<\/li>\n<li>Prend en charge les p\u00e9riph\u00e9riques USB 3.0 \u00e0 grande vitesse et le taux de transfert atteint 5 Gbps.<\/li>\n<li>R\u00e9trocompatibilit\u00e9 avec l'USB 2.0 \u00e0 haut d\u00e9bit (480 Mbps), l'USB 1.1 \u00e0 haut d\u00e9bit (12 Mbps) et l'USB 1.0 \u00e0 bas d\u00e9bit (1,5 Mbps)<\/li>\n<li>Conformit\u00e9 : RoHS, REACH<\/li>\n<\/ul>","protected":false},"excerpt":{"rendered":"<p>C\u00e2ble 20PIN carte m\u00e8re vers double USB 3.0 A femelle vers femelle pour montage sur panneau avec fixation par vis, 0.3M<\/p>","protected":false},"featured_media":24464,"template":"","meta":{"_acf_changed":false,"_seopress_robots_primary_cat":"","_seopress_titles_title":"20PIN MotherBoard to Dual USB 3.0 A Panel Mount Cable F-F","_seopress_titles_desc":"","_seopress_robots_index":"","site-sidebar-layout":"default","site-content-layout":"default","ast-site-content-layout":"default","site-content-style":"default","site-sidebar-style":"default","ast-global-header-display":"","ast-banner-title-visibility":"","ast-main-header-display":"","ast-hfb-above-header-display":"","ast-hfb-below-header-display":"","ast-hfb-mobile-header-display":"","site-post-title":"","ast-breadcrumbs-content":"","ast-featured-img":"","footer-sml-layout":"","ast-disable-related-posts":"","theme-transparent-header-meta":"default","adv-header-id-meta":"","stick-header-meta":"","header-above-stick-meta":"","header-main-stick-meta":"","header-below-stick-meta":"","astra-migrate-meta-layouts":"set","ast-page-background-enabled":"default","ast-page-background-meta":{"desktop":{"background-color":"","background-image":"","background-repeat":"repeat","background-position":"center center","background-size":"auto","background-attachment":"scroll","background-type":"","background-media":"","overlay-type":"","overlay-color":"","overlay-opacity":"","overlay-gradient":""},"tablet":{"background-color":"","background-image":"","background-repeat":"repeat","background-position":"center center","background-size":"auto","background-attachment":"scroll","background-type":"","background-media":"","overlay-type":"","overlay-color":"","overlay-opacity":"","overlay-gradient":""},"mobile":{"background-color":"","background-image":"","background-repeat":"repeat","background-position":"center center","background-size":"auto","background-attachment":"scroll","background-type":"","background-media":"","overlay-type":"","overlay-color":"","overlay-opacity":"","overlay-gradient":""}},"ast-content-background-meta":{"desktop":{"background-color":"var(--ast-global-color-5)","background-image":"","background-repeat":"repeat","background-position":"center center","background-size":"auto","background-attachment":"scroll","background-type":"","background-media":"","overlay-type":"","overlay-color":"","overlay-opacity":"","overlay-gradient":""},"tablet":{"background-color":"var(--ast-global-color-5)","background-image":"","background-repeat":"repeat","background-position":"center center","background-size":"auto","background-attachment":"scroll","background-type":"","background-media":"","overlay-type":"","overlay-color":"","overlay-opacity":"","overlay-gradient":""},"mobile":{"background-color":"var(--ast-global-color-5)","background-image":"","background-repeat":"repeat","background-position":"center center","background-size":"auto","background-attachment":"scroll","background-type":"","background-media":"","overlay-type":"","overlay-color":"","overlay-opacity":"","overlay-gradient":""}},"iawp_total_views":5},"product_brand":[],"product_cat":[238,678],"product_tag":[],"class_list":{"0":"post-24463","1":"product","2":"type-product","3":"status-publish","4":"has-post-thumbnail","6":"product_cat-panel-mount","7":"product_cat-panel-mount-cables","8":"desktop-align-left","9":"tablet-align-left","10":"mobile-align-left","12":"first","13":"instock","14":"shipping-taxable","15":"purchasable","16":"product-type-simple"},"acf":[],"_links":{"self":[{"href":"https:\/\/www.fjpremium.com\/fr\/wp-json\/wp\/v2\/product\/24463","targetHints":{"allow":["GET"]}}],"collection":[{"href":"https:\/\/www.fjpremium.com\/fr\/wp-json\/wp\/v2\/product"}],"about":[{"href":"https:\/\/www.fjpremium.com\/fr\/wp-json\/wp\/v2\/types\/product"}],"wp:featuredmedia":[{"embeddable":true,"href":"https:\/\/www.fjpremium.com\/fr\/wp-json\/wp\/v2\/media\/24464"}],"wp:attachment":[{"href":"https:\/\/www.fjpremium.com\/fr\/wp-json\/wp\/v2\/media?parent=24463"}],"wp:term":[{"taxonomy":"product_brand","embeddable":true,"href":"https:\/\/www.fjpremium.com\/fr\/wp-json\/wp\/v2\/product_brand?post=24463"},{"taxonomy":"product_cat","embeddable":true,"href":"https:\/\/www.fjpremium.com\/fr\/wp-json\/wp\/v2\/product_cat?post=24463"},{"taxonomy":"product_tag","embeddable":true,"href":"https:\/\/www.fjpremium.com\/fr\/wp-json\/wp\/v2\/product_tag?post=24463"}],"curies":[{"name":"wp","href":"https:\/\/api.w.org\/{rel}","templated":true}]}}