{"id":24434,"date":"2024-01-17T14:15:17","date_gmt":"2024-01-17T06:15:17","guid":{"rendered":"https:\/\/www.fjpremium.com\/?post_type=product&#038;p=24434"},"modified":"2024-03-26T17:07:29","modified_gmt":"2024-03-26T09:07:29","slug":"angle-usb-3-0-a-panel-mount-cable-m-f","status":"publish","type":"product","link":"https:\/\/www.fjpremium.com\/fr\/product\/angle-usb-3-0-a-panel-mount-cable-m-f\/","title":{"rendered":"Angle USB 3.0 A Panel Mount Cable, Male to Female Extension Cable (c\u00e2ble d'extension m\u00e2le-femelle)"},"content":{"rendered":"<p>C\u00e2ble FARSINCE Angle USB 3.0 A \u00e0 montage sur panneau \u2013 votre solution pour une connectivit\u00e9 flexible et rapide.<\/p>\n<p>Avec les options d&#039;angle gauche, droite, haut et bas, l&#039;installation se fait sans effort et est adapt\u00e9e \u00e0 vos besoins d&#039;installation.<\/p>\n<p>B\u00e9n\u00e9ficiez d&#039;un transfert de donn\u00e9es ultra-rapide de 5 Gbit\/s, prenant en charge les p\u00e9riph\u00e9riques USB 3.0 ultra rapides et d&#039;une r\u00e9trocompatibilit\u00e9 avec l&#039;USB 2.0 haut d\u00e9bit (480 Mbps).<\/p>\n<p>Blind\u00e9 avec une feuille d&#039;aluminium et un tressage, profitez d&#039;une int\u00e9grit\u00e9 fiable du signal et d&#039;une protection contre les interf\u00e9rences.<\/p>\n<p>Conforme aux normes RoHS et REACH, faites confiance \u00e0 sa qualit\u00e9 et \u00e0 son respect de l&#039;environnement.<\/p>\n<p>Am\u00e9liorez votre connectivit\u00e9 en toute confiance avec notre c\u00e2ble \u00e0 montage sur panneau Angle USB 3.0 A \u2013 o\u00f9 la flexibilit\u00e9 rencontre la vitesse.<\/p>\n<p><span style=\"font-size: 16px;\">Ses caract\u00e9ristiques :<\/span><\/p>\n<ul>\n<li>Connecteur 1 : USB3.0 A angle m\u00e2le<\/li>\n<li>Connecteur 2 : USB 3.0 A femelle avec verrouillage \u00e0 vis<\/li>\n<li>Contact plaqu\u00e9 or, coque plaqu\u00e9e nickel<\/li>\n<li>Type d'\u00e9crou et de vis : M3 nickel\u00e9<\/li>\n<li>Pas du trou : 30\u00b10.5mm<\/li>\n<li>Conducteur du c\u00e2ble : Cuivre nu<\/li>\n<li>Calibre des fils : 28\/28\/24AWG<\/li>\n<li>Diam\u00e8tre ext\u00e9rieur : 4,5\u00b10,15 mm<\/li>\n<li>Blindage : Feuille d'aluminium, tresse<\/li>\n<li>Bo\u00eetier : Moulage par injection<\/li>\n<li>Gaine : PVC<\/li>\n<li>Types d'angles disponibles : gauche, droite, haut, bas<\/li>\n<li>Prend en charge les p\u00e9riph\u00e9riques USB 3.0 \u00e0 grande vitesse et le taux de transfert atteint 5 Gbps.<\/li>\n<li>R\u00e9trocompatibilit\u00e9 avec l'USB 2.0 \u00e0 haut d\u00e9bit (480 Mbps)<\/li>\n<li>Conformit\u00e9 : RoHS, REACH<\/li>\n<\/ul>","protected":false},"excerpt":{"rendered":"<p>Angle USB 3.0 A Panel Mount Cable, Male to Female Extension Cable with screw locking, 0.3M<\/p>","protected":false},"featured_media":24435,"template":"","meta":{"_acf_changed":false,"_seopress_robots_primary_cat":"","_seopress_titles_title":"Angle USB 3.0 A Panel Mount Cable, M-F Extension Cable","_seopress_titles_desc":"","_seopress_robots_index":"","site-sidebar-layout":"default","site-content-layout":"default","ast-site-content-layout":"default","site-content-style":"default","site-sidebar-style":"default","ast-global-header-display":"","ast-banner-title-visibility":"","ast-main-header-display":"","ast-hfb-above-header-display":"","ast-hfb-below-header-display":"","ast-hfb-mobile-header-display":"","site-post-title":"","ast-breadcrumbs-content":"","ast-featured-img":"","footer-sml-layout":"","ast-disable-related-posts":"","theme-transparent-header-meta":"default","adv-header-id-meta":"","stick-header-meta":"","header-above-stick-meta":"","header-main-stick-meta":"","header-below-stick-meta":"","astra-migrate-meta-layouts":"set","ast-page-background-enabled":"default","ast-page-background-meta":{"desktop":{"background-color":"","background-image":"","background-repeat":"repeat","background-position":"center center","background-size":"auto","background-attachment":"scroll","background-type":"","background-media":"","overlay-type":"","overlay-color":"","overlay-opacity":"","overlay-gradient":""},"tablet":{"background-color":"","background-image":"","background-repeat":"repeat","background-position":"center center","background-size":"auto","background-attachment":"scroll","background-type":"","background-media":"","overlay-type":"","overlay-color":"","overlay-opacity":"","overlay-gradient":""},"mobile":{"background-color":"","background-image":"","background-repeat":"repeat","background-position":"center center","background-size":"auto","background-attachment":"scroll","background-type":"","background-media":"","overlay-type":"","overlay-color":"","overlay-opacity":"","overlay-gradient":""}},"ast-content-background-meta":{"desktop":{"background-color":"var(--ast-global-color-5)","background-image":"","background-repeat":"repeat","background-position":"center center","background-size":"auto","background-attachment":"scroll","background-type":"","background-media":"","overlay-type":"","overlay-color":"","overlay-opacity":"","overlay-gradient":""},"tablet":{"background-color":"var(--ast-global-color-5)","background-image":"","background-repeat":"repeat","background-position":"center center","background-size":"auto","background-attachment":"scroll","background-type":"","background-media":"","overlay-type":"","overlay-color":"","overlay-opacity":"","overlay-gradient":""},"mobile":{"background-color":"var(--ast-global-color-5)","background-image":"","background-repeat":"repeat","background-position":"center center","background-size":"auto","background-attachment":"scroll","background-type":"","background-media":"","overlay-type":"","overlay-color":"","overlay-opacity":"","overlay-gradient":""}},"iawp_total_views":52},"product_brand":[],"product_cat":[238,678],"product_tag":[],"class_list":{"0":"post-24434","1":"product","2":"type-product","3":"status-publish","4":"has-post-thumbnail","6":"product_cat-panel-mount","7":"product_cat-panel-mount-cables","8":"desktop-align-left","9":"tablet-align-left","10":"mobile-align-left","12":"first","13":"instock","14":"shipping-taxable","15":"purchasable","16":"product-type-simple"},"acf":[],"_links":{"self":[{"href":"https:\/\/www.fjpremium.com\/fr\/wp-json\/wp\/v2\/product\/24434","targetHints":{"allow":["GET"]}}],"collection":[{"href":"https:\/\/www.fjpremium.com\/fr\/wp-json\/wp\/v2\/product"}],"about":[{"href":"https:\/\/www.fjpremium.com\/fr\/wp-json\/wp\/v2\/types\/product"}],"wp:featuredmedia":[{"embeddable":true,"href":"https:\/\/www.fjpremium.com\/fr\/wp-json\/wp\/v2\/media\/24435"}],"wp:attachment":[{"href":"https:\/\/www.fjpremium.com\/fr\/wp-json\/wp\/v2\/media?parent=24434"}],"wp:term":[{"taxonomy":"product_brand","embeddable":true,"href":"https:\/\/www.fjpremium.com\/fr\/wp-json\/wp\/v2\/product_brand?post=24434"},{"taxonomy":"product_cat","embeddable":true,"href":"https:\/\/www.fjpremium.com\/fr\/wp-json\/wp\/v2\/product_cat?post=24434"},{"taxonomy":"product_tag","embeddable":true,"href":"https:\/\/www.fjpremium.com\/fr\/wp-json\/wp\/v2\/product_tag?post=24434"}],"curies":[{"name":"wp","href":"https:\/\/api.w.org\/{rel}","templated":true}]}}