{"id":24415,"date":"2024-01-17T14:00:34","date_gmt":"2024-01-17T06:00:34","guid":{"rendered":"https:\/\/www.fjpremium.com\/?post_type=product&#038;p=24415"},"modified":"2024-03-26T16:36:22","modified_gmt":"2024-03-26T08:36:22","slug":"micro-usb-2-0-panel-mount-cable-m-f","status":"publish","type":"product","link":"https:\/\/www.fjpremium.com\/fr\/product\/micro-usb-2-0-panel-mount-cable-m-f\/","title":{"rendered":"Micro USB 2.0 Panel Mount Cable, c\u00e2ble d'extension m\u00e2le-femelle"},"content":{"rendered":"<p>Pr\u00e9sentation de notre c\u00e2ble micro USB 2.0 \u00e0 montage sur panneau \u2013 o\u00f9 la qualit\u00e9 rencontre la simplicit\u00e9.<\/p>\n<p>Dot\u00e9 d&#039;un connecteur m\u00e2le Micro 5PIN USB 2.0 et d&#039;un connecteur femelle Micro 5PIN USB 2.0 \u00e0 verrouillage \u00e0 vis, profitez de connexions s\u00e9curis\u00e9es en toute simplicit\u00e9.<\/p>\n<p>Con\u00e7u pour la durabilit\u00e9, avec des contacts plaqu\u00e9s or et une coque nickel\u00e9e, ainsi qu&#039;un \u00e9crou et une vis M3 nickel\u00e9s.<\/p>\n<p>Installation sans effort avec un pas de trou de 27 mm et un diam\u00e8tre ext\u00e9rieur \u00e9l\u00e9gant de 4,5 mm.<\/p>\n<p>B\u00e9n\u00e9ficiez d&#039;un transfert de donn\u00e9es rapide, prenant en charge les p\u00e9riph\u00e9riques USB 2.0 haut d\u00e9bit \u00e0 480 Mbps.<\/p>\n<p>Conforme aux normes RoHS et REACH, garantissant qualit\u00e9 et responsabilit\u00e9 environnementale.<\/p>\n<p><span style=\"font-size: 16px;\">Ses caract\u00e9ristiques :<\/span><\/p>\n<ul>\n<li>Connecteur 1 : Micro 5PIN USB 2.0 m\u00e2le<\/li>\n<li>Connecteur 2 : Micro 5PIN USB 2.0 femelle avec verrouillage \u00e0 vis<\/li>\n<li>Contact plaqu\u00e9 or, coque plaqu\u00e9e nickel<\/li>\n<li>Type d'\u00e9crou et de vis : M3 nickel\u00e9<\/li>\n<li>Pas du trou : 27\u00b10.5mm<\/li>\n<li>Conducteur du c\u00e2ble : Cuivre nu<\/li>\n<li>Calibre du fil : 28\/24AWG<\/li>\n<li>Diam\u00e8tre ext\u00e9rieur : 4,5\u00b10,2 mm<\/li>\n<li>Blindage : Feuille d'aluminium, tresse<\/li>\n<li>Bo\u00eetier : Moulage par injection<\/li>\n<li>Gaine : PVC<\/li>\n<li>Prend en charge les p\u00e9riph\u00e9riques USB 2.0 \u00e0 grande vitesse et le taux de transfert atteint 480 Mbps.<\/li>\n<li>R\u00e9trocompatibilit\u00e9 avec l'USB 1.1 \u00e0 pleine vitesse (12 Mbps) et l'USB 1.0 \u00e0 faible vitesse (1,5 Mbps)<\/li>\n<li>Conformit\u00e9 : RoHS, REACH<\/li>\n<\/ul>","protected":false},"excerpt":{"rendered":"<p>Micro USB 2.0 Panel Mount Cable, Male to Female Extension Cable with screw fixing, 0.3M<\/p>","protected":false},"featured_media":24417,"template":"","meta":{"_acf_changed":false,"_seopress_robots_primary_cat":"","_seopress_titles_title":"Micro USB 2.0 Panel Mount Cable, M-F Extension Cable","_seopress_titles_desc":"","_seopress_robots_index":"","site-sidebar-layout":"default","site-content-layout":"default","ast-site-content-layout":"default","site-content-style":"default","site-sidebar-style":"default","ast-global-header-display":"","ast-banner-title-visibility":"","ast-main-header-display":"","ast-hfb-above-header-display":"","ast-hfb-below-header-display":"","ast-hfb-mobile-header-display":"","site-post-title":"","ast-breadcrumbs-content":"","ast-featured-img":"","footer-sml-layout":"","ast-disable-related-posts":"","theme-transparent-header-meta":"default","adv-header-id-meta":"","stick-header-meta":"","header-above-stick-meta":"","header-main-stick-meta":"","header-below-stick-meta":"","astra-migrate-meta-layouts":"set","ast-page-background-enabled":"default","ast-page-background-meta":{"desktop":{"background-color":"","background-image":"","background-repeat":"repeat","background-position":"center center","background-size":"auto","background-attachment":"scroll","background-type":"","background-media":"","overlay-type":"","overlay-color":"","overlay-opacity":"","overlay-gradient":""},"tablet":{"background-color":"","background-image":"","background-repeat":"repeat","background-position":"center center","background-size":"auto","background-attachment":"scroll","background-type":"","background-media":"","overlay-type":"","overlay-color":"","overlay-opacity":"","overlay-gradient":""},"mobile":{"background-color":"","background-image":"","background-repeat":"repeat","background-position":"center center","background-size":"auto","background-attachment":"scroll","background-type":"","background-media":"","overlay-type":"","overlay-color":"","overlay-opacity":"","overlay-gradient":""}},"ast-content-background-meta":{"desktop":{"background-color":"var(--ast-global-color-5)","background-image":"","background-repeat":"repeat","background-position":"center center","background-size":"auto","background-attachment":"scroll","background-type":"","background-media":"","overlay-type":"","overlay-color":"","overlay-opacity":"","overlay-gradient":""},"tablet":{"background-color":"var(--ast-global-color-5)","background-image":"","background-repeat":"repeat","background-position":"center center","background-size":"auto","background-attachment":"scroll","background-type":"","background-media":"","overlay-type":"","overlay-color":"","overlay-opacity":"","overlay-gradient":""},"mobile":{"background-color":"var(--ast-global-color-5)","background-image":"","background-repeat":"repeat","background-position":"center center","background-size":"auto","background-attachment":"scroll","background-type":"","background-media":"","overlay-type":"","overlay-color":"","overlay-opacity":"","overlay-gradient":""}},"iawp_total_views":5},"product_brand":[],"product_cat":[238,678],"product_tag":[],"class_list":{"0":"post-24415","1":"product","2":"type-product","3":"status-publish","4":"has-post-thumbnail","6":"product_cat-panel-mount","7":"product_cat-panel-mount-cables","8":"desktop-align-left","9":"tablet-align-left","10":"mobile-align-left","12":"first","13":"instock","14":"shipping-taxable","15":"purchasable","16":"product-type-simple"},"acf":[],"_links":{"self":[{"href":"https:\/\/www.fjpremium.com\/fr\/wp-json\/wp\/v2\/product\/24415","targetHints":{"allow":["GET"]}}],"collection":[{"href":"https:\/\/www.fjpremium.com\/fr\/wp-json\/wp\/v2\/product"}],"about":[{"href":"https:\/\/www.fjpremium.com\/fr\/wp-json\/wp\/v2\/types\/product"}],"wp:featuredmedia":[{"embeddable":true,"href":"https:\/\/www.fjpremium.com\/fr\/wp-json\/wp\/v2\/media\/24417"}],"wp:attachment":[{"href":"https:\/\/www.fjpremium.com\/fr\/wp-json\/wp\/v2\/media?parent=24415"}],"wp:term":[{"taxonomy":"product_brand","embeddable":true,"href":"https:\/\/www.fjpremium.com\/fr\/wp-json\/wp\/v2\/product_brand?post=24415"},{"taxonomy":"product_cat","embeddable":true,"href":"https:\/\/www.fjpremium.com\/fr\/wp-json\/wp\/v2\/product_cat?post=24415"},{"taxonomy":"product_tag","embeddable":true,"href":"https:\/\/www.fjpremium.com\/fr\/wp-json\/wp\/v2\/product_tag?post=24415"}],"curies":[{"name":"wp","href":"https:\/\/api.w.org\/{rel}","templated":true}]}}