{"id":24397,"date":"2024-01-17T13:38:59","date_gmt":"2024-01-17T05:38:59","guid":{"rendered":"https:\/\/www.fjpremium.com\/?post_type=product&#038;p=24397"},"modified":"2024-03-25T16:30:30","modified_gmt":"2024-03-25T08:30:30","slug":"usb-2-0-b-panel-mount-cable-m-f-extension","status":"publish","type":"product","link":"https:\/\/www.fjpremium.com\/fr\/product\/usb-2-0-b-panel-mount-cable-m-f-extension\/","title":{"rendered":"C\u00e2ble de montage sur panneau USB 2.0 B, c\u00e2ble d'extension m\u00e2le-femelle"},"content":{"rendered":"<p>Pr\u00e9sentation de notre c\u00e2ble USB 2.0 B \u00e0 montage sur panneau \u2013 la solution ultime pour une connectivit\u00e9 transparente. Dot\u00e9 d&#039;un connecteur m\u00e2le de type B et d&#039;un connecteur femelle de type B avec verrouillage \u00e0 vis, il garantit des connexions s\u00e9curis\u00e9es dans n&#039;importe quel environnement.<\/p>\n<p>Fabriqu\u00e9 avec pr\u00e9cision, y compris des \u00e9crous et des vis M3 nickel\u00e9s, il promet durabilit\u00e9 et stabilit\u00e9. Avec des conducteurs en cuivre nu et un blindage tress\u00e9 en feuille d&#039;aluminium, il garantit un transfert de donn\u00e9es efficace jusqu&#039;\u00e0 480 Mbps.<\/p>\n<p>Con\u00e7u pour la fiabilit\u00e9, avec un bo\u00eetier moul\u00e9 par injection et une gaine en PVC, il r\u00e9siste \u00e0 l&#039;usure. Compatible avec les appareils USB 2.0 haut d\u00e9bit, il est parfait pour diverses applications.<\/p>\n<p>Am\u00e9liorez votre exp\u00e9rience de connectivit\u00e9 avec notre c\u00e2ble fiable \u2013 o\u00f9 la qualit\u00e9 rencontre la performance.<\/p>\n<p><span style=\"font-size: 16px;\">Ses caract\u00e9ristiques :<\/span><\/p>\n<ul>\n<li>Connecteur 1 : USB 2.0 Type-B m\u00e2le<\/li>\n<li>Connecteur 2 : USB 2.0 Type-B femelle avec verrouillage \u00e0 vis<\/li>\n<li>Contact plaqu\u00e9 or, coque plaqu\u00e9e nickel<\/li>\n<li>Type d'\u00e9crou et de vis : M3 nickel\u00e9<\/li>\n<li>Pas du trou : 27\u00b10.5mm<\/li>\n<li>Conducteur du c\u00e2ble : Cuivre nu<\/li>\n<li>Calibre du fil : 28\/24AWG<\/li>\n<li>Diam\u00e8tre ext\u00e9rieur : 4,5\u00b10,2 mm<\/li>\n<li>Blindage : Feuille d'aluminium, tresse<\/li>\n<li>Bo\u00eetier : Moulage par injection<\/li>\n<li>Gaine : PVC<\/li>\n<li>Prend en charge les p\u00e9riph\u00e9riques USB 2.0 \u00e0 grande vitesse et le taux de transfert atteint 480 Mbps.<\/li>\n<li>R\u00e9trocompatibilit\u00e9 avec l'USB 1.1 \u00e0 pleine vitesse (12 Mbps) et l'USB 1.0 \u00e0 faible vitesse (1,5 Mbps)<\/li>\n<li>Conformit\u00e9 : RoHS, REACH<\/li>\n<\/ul>","protected":false},"excerpt":{"rendered":"<p>USB 2.0 B Panel-Mount Cable, C\u00e2ble d'extension m\u00e2le-femelle avec fixation par vis, 0.3M<\/p>","protected":false},"featured_media":24402,"template":"","meta":{"_acf_changed":false,"_seopress_robots_primary_cat":"","_seopress_titles_title":"USB 2.0 B Panel-Mount Cable, Male to Female Extension Cable","_seopress_titles_desc":"","_seopress_robots_index":"","site-sidebar-layout":"default","site-content-layout":"default","ast-site-content-layout":"default","site-content-style":"default","site-sidebar-style":"default","ast-global-header-display":"","ast-banner-title-visibility":"","ast-main-header-display":"","ast-hfb-above-header-display":"","ast-hfb-below-header-display":"","ast-hfb-mobile-header-display":"","site-post-title":"","ast-breadcrumbs-content":"","ast-featured-img":"","footer-sml-layout":"","ast-disable-related-posts":"","theme-transparent-header-meta":"default","adv-header-id-meta":"","stick-header-meta":"","header-above-stick-meta":"","header-main-stick-meta":"","header-below-stick-meta":"","astra-migrate-meta-layouts":"set","ast-page-background-enabled":"default","ast-page-background-meta":{"desktop":{"background-color":"","background-image":"","background-repeat":"repeat","background-position":"center center","background-size":"auto","background-attachment":"scroll","background-type":"","background-media":"","overlay-type":"","overlay-color":"","overlay-opacity":"","overlay-gradient":""},"tablet":{"background-color":"","background-image":"","background-repeat":"repeat","background-position":"center center","background-size":"auto","background-attachment":"scroll","background-type":"","background-media":"","overlay-type":"","overlay-color":"","overlay-opacity":"","overlay-gradient":""},"mobile":{"background-color":"","background-image":"","background-repeat":"repeat","background-position":"center center","background-size":"auto","background-attachment":"scroll","background-type":"","background-media":"","overlay-type":"","overlay-color":"","overlay-opacity":"","overlay-gradient":""}},"ast-content-background-meta":{"desktop":{"background-color":"var(--ast-global-color-5)","background-image":"","background-repeat":"repeat","background-position":"center center","background-size":"auto","background-attachment":"scroll","background-type":"","background-media":"","overlay-type":"","overlay-color":"","overlay-opacity":"","overlay-gradient":""},"tablet":{"background-color":"var(--ast-global-color-5)","background-image":"","background-repeat":"repeat","background-position":"center center","background-size":"auto","background-attachment":"scroll","background-type":"","background-media":"","overlay-type":"","overlay-color":"","overlay-opacity":"","overlay-gradient":""},"mobile":{"background-color":"var(--ast-global-color-5)","background-image":"","background-repeat":"repeat","background-position":"center center","background-size":"auto","background-attachment":"scroll","background-type":"","background-media":"","overlay-type":"","overlay-color":"","overlay-opacity":"","overlay-gradient":""}},"iawp_total_views":4},"product_brand":[],"product_cat":[238,678],"product_tag":[],"class_list":{"0":"post-24397","1":"product","2":"type-product","3":"status-publish","4":"has-post-thumbnail","6":"product_cat-panel-mount","7":"product_cat-panel-mount-cables","8":"desktop-align-left","9":"tablet-align-left","10":"mobile-align-left","12":"first","13":"instock","14":"shipping-taxable","15":"purchasable","16":"product-type-simple"},"acf":[],"_links":{"self":[{"href":"https:\/\/www.fjpremium.com\/fr\/wp-json\/wp\/v2\/product\/24397","targetHints":{"allow":["GET"]}}],"collection":[{"href":"https:\/\/www.fjpremium.com\/fr\/wp-json\/wp\/v2\/product"}],"about":[{"href":"https:\/\/www.fjpremium.com\/fr\/wp-json\/wp\/v2\/types\/product"}],"wp:featuredmedia":[{"embeddable":true,"href":"https:\/\/www.fjpremium.com\/fr\/wp-json\/wp\/v2\/media\/24402"}],"wp:attachment":[{"href":"https:\/\/www.fjpremium.com\/fr\/wp-json\/wp\/v2\/media?parent=24397"}],"wp:term":[{"taxonomy":"product_brand","embeddable":true,"href":"https:\/\/www.fjpremium.com\/fr\/wp-json\/wp\/v2\/product_brand?post=24397"},{"taxonomy":"product_cat","embeddable":true,"href":"https:\/\/www.fjpremium.com\/fr\/wp-json\/wp\/v2\/product_cat?post=24397"},{"taxonomy":"product_tag","embeddable":true,"href":"https:\/\/www.fjpremium.com\/fr\/wp-json\/wp\/v2\/product_tag?post=24397"}],"curies":[{"name":"wp","href":"https:\/\/api.w.org\/{rel}","templated":true}]}}