{"id":24390,"date":"2024-01-17T13:22:18","date_gmt":"2024-01-17T05:22:18","guid":{"rendered":"https:\/\/www.fjpremium.com\/?post_type=product&#038;p=24390"},"modified":"2024-03-25T16:12:23","modified_gmt":"2024-03-25T08:12:23","slug":"usb-2-0-a-to-b-panel-mount-cable-f-to-f","status":"publish","type":"product","link":"https:\/\/www.fjpremium.com\/fr\/product\/usb-2-0-a-to-b-panel-mount-cable-f-to-f\/","title":{"rendered":"C\u00e2ble USB 2.0 A vers B pour montage sur panneau, femelle vers femelle"},"content":{"rendered":"<p>Pr\u00e9sentation de notre c\u00e2ble USB 2.0 A vers B pour montage sur panneau \u2013 le summum de la connectivit\u00e9. Fabriqu\u00e9 avec pr\u00e9cision, il garantit une connexion transparente entre les appareils USB 2.0 Type-A et Type-B avec verrouillage \u00e0 vis pour plus de s\u00e9curit\u00e9.<\/p>\n<p>Dot\u00e9 d&#039;\u00e9crous et de vis M3 nickel\u00e9s pour plus de stabilit\u00e9, et de conducteurs en cuivre nu blind\u00e9s avec une feuille d&#039;aluminium et un tressage pour un transfert de donn\u00e9es \u00e0 haute vitesse jusqu&#039;\u00e0 480 Mbps. Sa gaine en PVC et son bo\u00eetier moul\u00e9 par injection assurent la durabilit\u00e9.<\/p>\n<p>Conforme aux normes RoHS et REACH, il refl\u00e8te notre engagement envers la qualit\u00e9 et la fiabilit\u00e9. Am\u00e9liorez votre connectivit\u00e9 avec notre c\u00e2ble fiable \u2013 o\u00f9 l&#039;innovation rencontre la performance.<\/p>\n<p><span style=\"font-size: 16px;\">Ses caract\u00e9ristiques :<\/span><\/p>\n<ul>\n<li>Connecteur 1 : USB 2.0 Type-A femelle avec verrouillage \u00e0 vis<\/li>\n<li>Connecteur 2 : USB 2.0 Type-B femelle avec verrouillage \u00e0 vis<\/li>\n<li>Contact plaqu\u00e9 or, coque plaqu\u00e9e nickel<\/li>\n<li>Type d'\u00e9crou et de vis : M3 nickel\u00e9<\/li>\n<li>Pas du trou : 30\u00b10.5mm<\/li>\n<li>Conducteur du c\u00e2ble : Cuivre nu<\/li>\n<li>Calibre du fil : 28\/24AWG<\/li>\n<li>Diam\u00e8tre ext\u00e9rieur : 4,5\u00b10,2 mm<\/li>\n<li>Blindage : Feuille d'aluminium, tresse<\/li>\n<li>Bo\u00eetier : Moulage par injection<\/li>\n<li>Gaine : PVC<\/li>\n<li>Prend en charge les p\u00e9riph\u00e9riques USB 2.0 \u00e0 grande vitesse et le taux de transfert atteint 480 Mbps.<\/li>\n<li>R\u00e9trocompatibilit\u00e9 avec l'USB 1.1 \u00e0 pleine vitesse (12 Mbps) et l'USB 1.0 \u00e0 faible vitesse (1,5 Mbps)<\/li>\n<li>Conformit\u00e9 : RoHS, REACH<\/li>\n<\/ul>","protected":false},"excerpt":{"rendered":"<p>C\u00e2ble USB 2.0 A vers B pour montage sur panneau, femelle vers femelle avec fixation par vis, 0.3M<\/p>","protected":false},"featured_media":24391,"template":"","meta":{"_acf_changed":false,"_seopress_robots_primary_cat":"","_seopress_titles_title":"USB 2.0 A to B Panel Mount Cable, Female to Female","_seopress_titles_desc":"","_seopress_robots_index":"","site-sidebar-layout":"default","site-content-layout":"default","ast-site-content-layout":"default","site-content-style":"default","site-sidebar-style":"default","ast-global-header-display":"","ast-banner-title-visibility":"","ast-main-header-display":"","ast-hfb-above-header-display":"","ast-hfb-below-header-display":"","ast-hfb-mobile-header-display":"","site-post-title":"","ast-breadcrumbs-content":"","ast-featured-img":"","footer-sml-layout":"","ast-disable-related-posts":"","theme-transparent-header-meta":"default","adv-header-id-meta":"","stick-header-meta":"","header-above-stick-meta":"","header-main-stick-meta":"","header-below-stick-meta":"","astra-migrate-meta-layouts":"set","ast-page-background-enabled":"default","ast-page-background-meta":{"desktop":{"background-color":"","background-image":"","background-repeat":"repeat","background-position":"center center","background-size":"auto","background-attachment":"scroll","background-type":"","background-media":"","overlay-type":"","overlay-color":"","overlay-opacity":"","overlay-gradient":""},"tablet":{"background-color":"","background-image":"","background-repeat":"repeat","background-position":"center center","background-size":"auto","background-attachment":"scroll","background-type":"","background-media":"","overlay-type":"","overlay-color":"","overlay-opacity":"","overlay-gradient":""},"mobile":{"background-color":"","background-image":"","background-repeat":"repeat","background-position":"center center","background-size":"auto","background-attachment":"scroll","background-type":"","background-media":"","overlay-type":"","overlay-color":"","overlay-opacity":"","overlay-gradient":""}},"ast-content-background-meta":{"desktop":{"background-color":"var(--ast-global-color-5)","background-image":"","background-repeat":"repeat","background-position":"center center","background-size":"auto","background-attachment":"scroll","background-type":"","background-media":"","overlay-type":"","overlay-color":"","overlay-opacity":"","overlay-gradient":""},"tablet":{"background-color":"var(--ast-global-color-5)","background-image":"","background-repeat":"repeat","background-position":"center center","background-size":"auto","background-attachment":"scroll","background-type":"","background-media":"","overlay-type":"","overlay-color":"","overlay-opacity":"","overlay-gradient":""},"mobile":{"background-color":"var(--ast-global-color-5)","background-image":"","background-repeat":"repeat","background-position":"center center","background-size":"auto","background-attachment":"scroll","background-type":"","background-media":"","overlay-type":"","overlay-color":"","overlay-opacity":"","overlay-gradient":""}},"iawp_total_views":5},"product_brand":[],"product_cat":[238,678],"product_tag":[],"class_list":{"0":"post-24390","1":"product","2":"type-product","3":"status-publish","4":"has-post-thumbnail","6":"product_cat-panel-mount","7":"product_cat-panel-mount-cables","8":"desktop-align-left","9":"tablet-align-left","10":"mobile-align-left","12":"first","13":"instock","14":"shipping-taxable","15":"purchasable","16":"product-type-simple"},"acf":[],"_links":{"self":[{"href":"https:\/\/www.fjpremium.com\/fr\/wp-json\/wp\/v2\/product\/24390","targetHints":{"allow":["GET"]}}],"collection":[{"href":"https:\/\/www.fjpremium.com\/fr\/wp-json\/wp\/v2\/product"}],"about":[{"href":"https:\/\/www.fjpremium.com\/fr\/wp-json\/wp\/v2\/types\/product"}],"wp:featuredmedia":[{"embeddable":true,"href":"https:\/\/www.fjpremium.com\/fr\/wp-json\/wp\/v2\/media\/24391"}],"wp:attachment":[{"href":"https:\/\/www.fjpremium.com\/fr\/wp-json\/wp\/v2\/media?parent=24390"}],"wp:term":[{"taxonomy":"product_brand","embeddable":true,"href":"https:\/\/www.fjpremium.com\/fr\/wp-json\/wp\/v2\/product_brand?post=24390"},{"taxonomy":"product_cat","embeddable":true,"href":"https:\/\/www.fjpremium.com\/fr\/wp-json\/wp\/v2\/product_cat?post=24390"},{"taxonomy":"product_tag","embeddable":true,"href":"https:\/\/www.fjpremium.com\/fr\/wp-json\/wp\/v2\/product_tag?post=24390"}],"curies":[{"name":"wp","href":"https:\/\/api.w.org\/{rel}","templated":true}]}}