{"id":24368,"date":"2024-01-17T11:19:04","date_gmt":"2024-01-17T03:19:04","guid":{"rendered":"https:\/\/www.fjpremium.com\/?post_type=product&#038;p=24368"},"modified":"2024-03-25T15:04:38","modified_gmt":"2024-03-25T07:04:38","slug":"usb-2-0-panel-mount-c-to-a-extension-cable","status":"publish","type":"product","link":"https:\/\/www.fjpremium.com\/fr\/product\/usb-2-0-panel-mount-c-to-a-extension-cable\/","title":{"rendered":"C\u00e2ble d'extension USB 2.0 C vers A mont\u00e9 sur panneau, M\/F"},"content":{"rendered":"<p>C\u00e2ble d&#039;extension FARSINCE USB 2.0 \u00e0 montage sur panneau C vers A \u2013 la solution ultime pour une connectivit\u00e9 transparente dans diverses applications.<\/p>\n<p>Avec sa prise en charge USB 2.0 haut d\u00e9bit et un taux de transfert allant jusqu&#039;\u00e0 480 Mbps, il est parfait pour les kiosques interactifs de transfert de donn\u00e9es, les machines industrielles et les \u00e9quipements m\u00e9dicaux.<\/p>\n<p>Notre c\u00e2ble est m\u00e9ticuleusement con\u00e7u avec des contacts plaqu\u00e9s or et une coque plaqu\u00e9e nickel, garantissant une conductivit\u00e9 et une durabilit\u00e9 de premier ordre. L&#039;\u00e9crou et la vis M3 nickel\u00e9s offrent un ajustement s\u00fbr, tandis que le blindage tress\u00e9 en feuille d&#039;aluminium bloque efficacement les interf\u00e9rences.<\/p>\n<p>Conforme aux normes RoHS et REACH, d\u00e9montrant notre engagement envers la qualit\u00e9 et la durabilit\u00e9. Am\u00e9liorez votre connectivit\u00e9 avec notre c\u00e2ble d&#039;extension USB 2.0 C vers A \u00e0 montage sur panneau \u2013 o\u00f9 la fiabilit\u00e9 rencontre l&#039;innovation.<\/p>\n<p>Ses caract\u00e9ristiques :<\/p>\n<ul>\n<li>Connecteur 1 : USB 2.0 Type-C m\u00e2le<\/li>\n<li>Connecteur 2 : USB 2.0 Type-A femelle avec verrouillage \u00e0 vis<\/li>\n<li>Contact plaqu\u00e9 or, coque plaqu\u00e9e nickel<\/li>\n<li>Type d'\u00e9crou et de vis : M3 nickel\u00e9<\/li>\n<li>Pas du trou : 30\u00b10.5mm<\/li>\n<li>Conducteur du c\u00e2ble : Cuivre nu<\/li>\n<li>Calibre du fil : 28\/24AWG<\/li>\n<li>Diam\u00e8tre ext\u00e9rieur : 4,5\u00b10,2 mm<\/li>\n<li>Blindage : Feuille d'aluminium, tresse<\/li>\n<li>Bo\u00eetier : Moulage par injection<\/li>\n<li>Gaine : PVC<\/li>\n<li>Prend en charge les p\u00e9riph\u00e9riques USB 2.0 \u00e0 grande vitesse et le taux de transfert atteint 480 Mbps.<\/li>\n<li>R\u00e9trocompatibilit\u00e9 avec l'USB 1.1 \u00e0 pleine vitesse (12 Mbps) et l'USB 1.0 \u00e0 faible vitesse (1,5 Mbps)<\/li>\n<li>Conformit\u00e9 : RoHS, REACH<\/li>\n<\/ul>","protected":false},"excerpt":{"rendered":"<p>C\u00e2ble d'extension USB 2.0 C vers A avec fixation par vis, M\/F, 0.3M<\/p>","protected":false},"featured_media":24369,"template":"","meta":{"_acf_changed":false,"_seopress_robots_primary_cat":"","_seopress_titles_title":"USB 2.0 Panel Mount C to A Extension Cable, M\/F","_seopress_titles_desc":"","_seopress_robots_index":"","site-sidebar-layout":"default","site-content-layout":"default","ast-site-content-layout":"default","site-content-style":"default","site-sidebar-style":"default","ast-global-header-display":"","ast-banner-title-visibility":"","ast-main-header-display":"","ast-hfb-above-header-display":"","ast-hfb-below-header-display":"","ast-hfb-mobile-header-display":"","site-post-title":"","ast-breadcrumbs-content":"","ast-featured-img":"","footer-sml-layout":"","ast-disable-related-posts":"","theme-transparent-header-meta":"default","adv-header-id-meta":"","stick-header-meta":"","header-above-stick-meta":"","header-main-stick-meta":"","header-below-stick-meta":"","astra-migrate-meta-layouts":"set","ast-page-background-enabled":"default","ast-page-background-meta":{"desktop":{"background-color":"","background-image":"","background-repeat":"repeat","background-position":"center center","background-size":"auto","background-attachment":"scroll","background-type":"","background-media":"","overlay-type":"","overlay-color":"","overlay-opacity":"","overlay-gradient":""},"tablet":{"background-color":"","background-image":"","background-repeat":"repeat","background-position":"center center","background-size":"auto","background-attachment":"scroll","background-type":"","background-media":"","overlay-type":"","overlay-color":"","overlay-opacity":"","overlay-gradient":""},"mobile":{"background-color":"","background-image":"","background-repeat":"repeat","background-position":"center center","background-size":"auto","background-attachment":"scroll","background-type":"","background-media":"","overlay-type":"","overlay-color":"","overlay-opacity":"","overlay-gradient":""}},"ast-content-background-meta":{"desktop":{"background-color":"var(--ast-global-color-5)","background-image":"","background-repeat":"repeat","background-position":"center center","background-size":"auto","background-attachment":"scroll","background-type":"","background-media":"","overlay-type":"","overlay-color":"","overlay-opacity":"","overlay-gradient":""},"tablet":{"background-color":"var(--ast-global-color-5)","background-image":"","background-repeat":"repeat","background-position":"center center","background-size":"auto","background-attachment":"scroll","background-type":"","background-media":"","overlay-type":"","overlay-color":"","overlay-opacity":"","overlay-gradient":""},"mobile":{"background-color":"var(--ast-global-color-5)","background-image":"","background-repeat":"repeat","background-position":"center center","background-size":"auto","background-attachment":"scroll","background-type":"","background-media":"","overlay-type":"","overlay-color":"","overlay-opacity":"","overlay-gradient":""}},"iawp_total_views":4},"product_brand":[],"product_cat":[238,678],"product_tag":[],"class_list":{"0":"post-24368","1":"product","2":"type-product","3":"status-publish","4":"has-post-thumbnail","6":"product_cat-panel-mount","7":"product_cat-panel-mount-cables","8":"desktop-align-left","9":"tablet-align-left","10":"mobile-align-left","12":"first","13":"instock","14":"shipping-taxable","15":"purchasable","16":"product-type-simple"},"acf":[],"_links":{"self":[{"href":"https:\/\/www.fjpremium.com\/fr\/wp-json\/wp\/v2\/product\/24368","targetHints":{"allow":["GET"]}}],"collection":[{"href":"https:\/\/www.fjpremium.com\/fr\/wp-json\/wp\/v2\/product"}],"about":[{"href":"https:\/\/www.fjpremium.com\/fr\/wp-json\/wp\/v2\/types\/product"}],"wp:featuredmedia":[{"embeddable":true,"href":"https:\/\/www.fjpremium.com\/fr\/wp-json\/wp\/v2\/media\/24369"}],"wp:attachment":[{"href":"https:\/\/www.fjpremium.com\/fr\/wp-json\/wp\/v2\/media?parent=24368"}],"wp:term":[{"taxonomy":"product_brand","embeddable":true,"href":"https:\/\/www.fjpremium.com\/fr\/wp-json\/wp\/v2\/product_brand?post=24368"},{"taxonomy":"product_cat","embeddable":true,"href":"https:\/\/www.fjpremium.com\/fr\/wp-json\/wp\/v2\/product_cat?post=24368"},{"taxonomy":"product_tag","embeddable":true,"href":"https:\/\/www.fjpremium.com\/fr\/wp-json\/wp\/v2\/product_tag?post=24368"}],"curies":[{"name":"wp","href":"https:\/\/api.w.org\/{rel}","templated":true}]}}