{"id":24364,"date":"2024-01-17T11:06:42","date_gmt":"2024-01-17T03:06:42","guid":{"rendered":"https:\/\/www.fjpremium.com\/?post_type=product&#038;p=24364"},"modified":"2024-03-25T14:44:45","modified_gmt":"2024-03-25T06:44:45","slug":"usb-2-0-b-panel-mount-extension-cable","status":"publish","type":"product","link":"https:\/\/www.fjpremium.com\/fr\/product\/usb-2-0-b-panel-mount-extension-cable\/","title":{"rendered":"C\u00e2ble d'extension USB 2.0 B pour montage sur panneau avec tige filet\u00e9e, M-F"},"content":{"rendered":"<p>C\u00e2ble d&#039;extension \u00e0 montage sur panneau FARSINCE USB 2.0 B \u2013 la quintessence de la fiabilit\u00e9 et de l&#039;innovation. Con\u00e7u pour \u00e9tendre de mani\u00e8re transparente vos connexions USB, ce c\u00e2ble garantit un transfert de donn\u00e9es \u00e0 haut d\u00e9bit allant jusqu&#039;\u00e0 480 Mbps.<\/p>\n<p>Notre c\u00e2ble est dot\u00e9 de contacts plaqu\u00e9s or et d&#039;une coque plaqu\u00e9e nickel pour une conductivit\u00e9 et une durabilit\u00e9 sup\u00e9rieures. L&#039;\u00e9crou et la vis M3 nickel\u00e9s assurent un ajustement s\u00fbr, tandis que le blindage tress\u00e9 en feuille d&#039;aluminium emp\u00eache les interf\u00e9rences.<\/p>\n<p>Avec un design compact et un pas de trou de 19,5 mm, ce c\u00e2ble s&#039;int\u00e8gre parfaitement dans n&#039;importe quelle configuration. Conforme aux normes RoHS et REACH, notre engagement envers la qualit\u00e9 s&#039;\u00e9tend \u00e0 la responsabilit\u00e9 environnementale.<\/p>\n<p>Am\u00e9liorez votre exp\u00e9rience de connectivit\u00e9 avec notre c\u00e2ble d&#039;extension USB 2.0 B \u00e0 montage sur panneau \u2013 o\u00f9 la qualit\u00e9 rencontre l&#039;innovation.<\/p>\n<p>Ses caract\u00e9ristiques :<\/p>\n<ul>\n<li>Connecteur 1 : USB 2.0 Type -B m\u00e2le<\/li>\n<li>Connecteur 2 : USB 2.0 Type -B femelle avec tige filet\u00e9e<\/li>\n<li>Contact plaqu\u00e9 or, coque plaqu\u00e9e nickel<\/li>\n<li>Type d'\u00e9crou et de vis : M3 nickel\u00e9<\/li>\n<li>Pas du trou : 19,5\u00b10,5mm<\/li>\n<li>Conducteur du c\u00e2ble : Cuivre nu<\/li>\n<li>Calibre du fil : 28\/24AWG<\/li>\n<li>Diam\u00e8tre ext\u00e9rieur : 4,5\u00b10,2 mm<\/li>\n<li>Blindage : Feuille d'aluminium, tresse<\/li>\n<li>Bo\u00eetier : Moulage par injection<\/li>\n<li>Gaine : PVC<\/li>\n<li>Prend en charge les p\u00e9riph\u00e9riques USB 2.0 \u00e0 grande vitesse et le taux de transfert atteint 480 Mbps.<\/li>\n<li>R\u00e9trocompatibilit\u00e9 avec l'USB 1.1 \u00e0 pleine vitesse (12 Mbps) et l'USB 1.0 \u00e0 faible vitesse (1,5 Mbps)<\/li>\n<li>Conformit\u00e9 : RoHS, REACH<\/li>\n<\/ul>","protected":false},"excerpt":{"rendered":"<p>C\u00e2ble d'extension USB 2.0 B pour montage sur panneau avec tige filet\u00e9e, M-F, 1.5M,3M<\/p>","protected":false},"featured_media":24366,"template":"","meta":{"_acf_changed":false,"_seopress_robots_primary_cat":"","_seopress_titles_title":"USB 2.0 B Panel Mount Extension Cable with Screw Rod, M-F","_seopress_titles_desc":"","_seopress_robots_index":"","site-sidebar-layout":"default","site-content-layout":"default","ast-site-content-layout":"default","site-content-style":"default","site-sidebar-style":"default","ast-global-header-display":"","ast-banner-title-visibility":"","ast-main-header-display":"","ast-hfb-above-header-display":"","ast-hfb-below-header-display":"","ast-hfb-mobile-header-display":"","site-post-title":"","ast-breadcrumbs-content":"","ast-featured-img":"","footer-sml-layout":"","ast-disable-related-posts":"","theme-transparent-header-meta":"default","adv-header-id-meta":"","stick-header-meta":"","header-above-stick-meta":"","header-main-stick-meta":"","header-below-stick-meta":"","astra-migrate-meta-layouts":"set","ast-page-background-enabled":"default","ast-page-background-meta":{"desktop":{"background-color":"","background-image":"","background-repeat":"repeat","background-position":"center center","background-size":"auto","background-attachment":"scroll","background-type":"","background-media":"","overlay-type":"","overlay-color":"","overlay-opacity":"","overlay-gradient":""},"tablet":{"background-color":"","background-image":"","background-repeat":"repeat","background-position":"center center","background-size":"auto","background-attachment":"scroll","background-type":"","background-media":"","overlay-type":"","overlay-color":"","overlay-opacity":"","overlay-gradient":""},"mobile":{"background-color":"","background-image":"","background-repeat":"repeat","background-position":"center center","background-size":"auto","background-attachment":"scroll","background-type":"","background-media":"","overlay-type":"","overlay-color":"","overlay-opacity":"","overlay-gradient":""}},"ast-content-background-meta":{"desktop":{"background-color":"var(--ast-global-color-5)","background-image":"","background-repeat":"repeat","background-position":"center center","background-size":"auto","background-attachment":"scroll","background-type":"","background-media":"","overlay-type":"","overlay-color":"","overlay-opacity":"","overlay-gradient":""},"tablet":{"background-color":"var(--ast-global-color-5)","background-image":"","background-repeat":"repeat","background-position":"center center","background-size":"auto","background-attachment":"scroll","background-type":"","background-media":"","overlay-type":"","overlay-color":"","overlay-opacity":"","overlay-gradient":""},"mobile":{"background-color":"var(--ast-global-color-5)","background-image":"","background-repeat":"repeat","background-position":"center center","background-size":"auto","background-attachment":"scroll","background-type":"","background-media":"","overlay-type":"","overlay-color":"","overlay-opacity":"","overlay-gradient":""}},"iawp_total_views":3},"product_brand":[],"product_cat":[238,678],"product_tag":[],"class_list":{"0":"post-24364","1":"product","2":"type-product","3":"status-publish","4":"has-post-thumbnail","6":"product_cat-panel-mount","7":"product_cat-panel-mount-cables","8":"desktop-align-left","9":"tablet-align-left","10":"mobile-align-left","12":"first","13":"instock","14":"shipping-taxable","15":"purchasable","16":"product-type-simple"},"acf":[],"_links":{"self":[{"href":"https:\/\/www.fjpremium.com\/fr\/wp-json\/wp\/v2\/product\/24364","targetHints":{"allow":["GET"]}}],"collection":[{"href":"https:\/\/www.fjpremium.com\/fr\/wp-json\/wp\/v2\/product"}],"about":[{"href":"https:\/\/www.fjpremium.com\/fr\/wp-json\/wp\/v2\/types\/product"}],"wp:featuredmedia":[{"embeddable":true,"href":"https:\/\/www.fjpremium.com\/fr\/wp-json\/wp\/v2\/media\/24366"}],"wp:attachment":[{"href":"https:\/\/www.fjpremium.com\/fr\/wp-json\/wp\/v2\/media?parent=24364"}],"wp:term":[{"taxonomy":"product_brand","embeddable":true,"href":"https:\/\/www.fjpremium.com\/fr\/wp-json\/wp\/v2\/product_brand?post=24364"},{"taxonomy":"product_cat","embeddable":true,"href":"https:\/\/www.fjpremium.com\/fr\/wp-json\/wp\/v2\/product_cat?post=24364"},{"taxonomy":"product_tag","embeddable":true,"href":"https:\/\/www.fjpremium.com\/fr\/wp-json\/wp\/v2\/product_tag?post=24364"}],"curies":[{"name":"wp","href":"https:\/\/api.w.org\/{rel}","templated":true}]}}