{"id":24331,"date":"2024-01-17T09:54:11","date_gmt":"2024-01-17T01:54:11","guid":{"rendered":"https:\/\/www.fjpremium.com\/?post_type=product&#038;p=24331"},"modified":"2024-03-25T13:24:44","modified_gmt":"2024-03-25T05:24:44","slug":"mini-dp-panel-mount-cable","status":"publish","type":"product","link":"https:\/\/www.fjpremium.com\/fr\/product\/mini-dp-panel-mount-cable\/","title":{"rendered":"Mini DP Panel Mount Cable, Mini DisplayPort Female to Displayport Female Cable"},"content":{"rendered":"<p>C\u00e2ble \u00e0 montage sur panneau FARSINCE Mini DP, con\u00e7u pour offrir une qualit\u00e9 et une fiabilit\u00e9 sup\u00e9rieures.<\/p>\n<p>Dot\u00e9 de connecteurs plaqu\u00e9s or aux deux extr\u00e9mit\u00e9s, ce c\u00e2ble assure une conductivit\u00e9 et une long\u00e9vit\u00e9 exceptionnelles. Le m\u00e9canisme de verrouillage \u00e0 vis sur le connecteur femelle DisplayPort garantit une connexion s\u00e9curis\u00e9e et stable.<\/p>\n<p>Son conducteur en cuivre \u00e9tam\u00e9 et son calibre de fil 32AWG assurent une transmission optimale du signal sans compromis. Enferm\u00e9 dans un bo\u00eetier moul\u00e9 par injection et une gaine en PVC, la durabilit\u00e9 est une priorit\u00e9 tout en conservant la flexibilit\u00e9.<\/p>\n<p>Avec la prise en charge de la bande passante High Bit Rate (HBR) et une r\u00e9solution jusqu&#039;\u00e0 4K, ce c\u00e2ble r\u00e9pond sans effort aux normes DisplayPort 1.2.<\/p>\n<p>Conforme aux r\u00e9glementations RoHS et REACH, ce c\u00e2ble est respectueux de l&#039;environnement.<\/p>\n<p>Ses caract\u00e9ristiques :<\/p>\n<ul>\n<li>Connecteur 1 : Mini DisplayPort femelle, plaqu\u00e9 or<\/li>\n<li>Connecteur 2 : DisplayPort femelle avec verrouillage \u00e0 vis, contact plaqu\u00e9 or, coque plaqu\u00e9e nickel<\/li>\n<li>Type d'\u00e9crou et de vis : M3 nickel\u00e9<\/li>\n<li>Pas du trou : 27\u00b10.5mm<\/li>\n<li>Conducteur du c\u00e2ble : Cuivre \u00e9tam\u00e9<\/li>\n<li>Calibre des fils : 32AWG<\/li>\n<li>Diam\u00e8tre ext\u00e9rieur : 5,0\u00b10,2 mm<\/li>\n<li>Blindage : Feuille d'aluminium, tresse<\/li>\n<li>Bo\u00eetier : Moulage par injection<\/li>\n<li>Gaine : PVC<\/li>\n<li>Prise en charge d'une bande passante \u00e0 haut d\u00e9bit (HBR) et d'une r\u00e9solution allant jusqu'\u00e0 4K<\/li>\n<li>Conforme \u00e0 la norme DisplayPort 1.2<\/li>\n<li>Conformit\u00e9 : RoHS, REACH<\/li>\n<\/ul>","protected":false},"excerpt":{"rendered":"<p>High Speed Mini DP Panel Mount Cable, c\u00e2ble adaptateur m\u00e2le-femelle avec verrouillage \u00e0 vis, 0.2M<\/p>","protected":false},"featured_media":24332,"template":"","meta":{"_acf_changed":false,"_seopress_robots_primary_cat":"","_seopress_titles_title":"Mini DP Panel Mount Cable, Mini DisplayPort to Displayport","_seopress_titles_desc":"","_seopress_robots_index":"","site-sidebar-layout":"default","site-content-layout":"default","ast-site-content-layout":"default","site-content-style":"default","site-sidebar-style":"default","ast-global-header-display":"","ast-banner-title-visibility":"","ast-main-header-display":"","ast-hfb-above-header-display":"","ast-hfb-below-header-display":"","ast-hfb-mobile-header-display":"","site-post-title":"","ast-breadcrumbs-content":"","ast-featured-img":"","footer-sml-layout":"","ast-disable-related-posts":"","theme-transparent-header-meta":"default","adv-header-id-meta":"","stick-header-meta":"","header-above-stick-meta":"","header-main-stick-meta":"","header-below-stick-meta":"","astra-migrate-meta-layouts":"set","ast-page-background-enabled":"default","ast-page-background-meta":{"desktop":{"background-color":"","background-image":"","background-repeat":"repeat","background-position":"center center","background-size":"auto","background-attachment":"scroll","background-type":"","background-media":"","overlay-type":"","overlay-color":"","overlay-opacity":"","overlay-gradient":""},"tablet":{"background-color":"","background-image":"","background-repeat":"repeat","background-position":"center center","background-size":"auto","background-attachment":"scroll","background-type":"","background-media":"","overlay-type":"","overlay-color":"","overlay-opacity":"","overlay-gradient":""},"mobile":{"background-color":"","background-image":"","background-repeat":"repeat","background-position":"center center","background-size":"auto","background-attachment":"scroll","background-type":"","background-media":"","overlay-type":"","overlay-color":"","overlay-opacity":"","overlay-gradient":""}},"ast-content-background-meta":{"desktop":{"background-color":"var(--ast-global-color-5)","background-image":"","background-repeat":"repeat","background-position":"center center","background-size":"auto","background-attachment":"scroll","background-type":"","background-media":"","overlay-type":"","overlay-color":"","overlay-opacity":"","overlay-gradient":""},"tablet":{"background-color":"var(--ast-global-color-5)","background-image":"","background-repeat":"repeat","background-position":"center center","background-size":"auto","background-attachment":"scroll","background-type":"","background-media":"","overlay-type":"","overlay-color":"","overlay-opacity":"","overlay-gradient":""},"mobile":{"background-color":"var(--ast-global-color-5)","background-image":"","background-repeat":"repeat","background-position":"center center","background-size":"auto","background-attachment":"scroll","background-type":"","background-media":"","overlay-type":"","overlay-color":"","overlay-opacity":"","overlay-gradient":""}},"iawp_total_views":7},"product_brand":[],"product_cat":[238,678],"product_tag":[],"class_list":{"0":"post-24331","1":"product","2":"type-product","3":"status-publish","4":"has-post-thumbnail","6":"product_cat-panel-mount","7":"product_cat-panel-mount-cables","8":"desktop-align-left","9":"tablet-align-left","10":"mobile-align-left","12":"first","13":"instock","14":"shipping-taxable","15":"purchasable","16":"product-type-simple"},"acf":[],"_links":{"self":[{"href":"https:\/\/www.fjpremium.com\/fr\/wp-json\/wp\/v2\/product\/24331","targetHints":{"allow":["GET"]}}],"collection":[{"href":"https:\/\/www.fjpremium.com\/fr\/wp-json\/wp\/v2\/product"}],"about":[{"href":"https:\/\/www.fjpremium.com\/fr\/wp-json\/wp\/v2\/types\/product"}],"wp:featuredmedia":[{"embeddable":true,"href":"https:\/\/www.fjpremium.com\/fr\/wp-json\/wp\/v2\/media\/24332"}],"wp:attachment":[{"href":"https:\/\/www.fjpremium.com\/fr\/wp-json\/wp\/v2\/media?parent=24331"}],"wp:term":[{"taxonomy":"product_brand","embeddable":true,"href":"https:\/\/www.fjpremium.com\/fr\/wp-json\/wp\/v2\/product_brand?post=24331"},{"taxonomy":"product_cat","embeddable":true,"href":"https:\/\/www.fjpremium.com\/fr\/wp-json\/wp\/v2\/product_cat?post=24331"},{"taxonomy":"product_tag","embeddable":true,"href":"https:\/\/www.fjpremium.com\/fr\/wp-json\/wp\/v2\/product_tag?post=24331"}],"curies":[{"name":"wp","href":"https:\/\/api.w.org\/{rel}","templated":true}]}}