{"id":24309,"date":"2024-01-16T17:40:09","date_gmt":"2024-01-16T09:40:09","guid":{"rendered":"https:\/\/www.fjpremium.com\/?post_type=product&#038;p=24309"},"modified":"2024-03-21T16:14:39","modified_gmt":"2024-03-21T08:14:39","slug":"angle-displayport-panel-mount-cable","status":"publish","type":"product","link":"https:\/\/www.fjpremium.com\/fr\/product\/angle-displayport-panel-mount-cable\/","title":{"rendered":"Angle DisplayPort Panel Mount Cable, DP 1.2 male to female Extension Cable"},"content":{"rendered":"<p>C\u00e2ble de montage sur panneau DisplayPort angulaire FARSINCE\u00a0: parfait pour une connectivit\u00e9 transparente dans les espaces restreints. Avec quatre types d&#039;angle disponibles (gauche, droite, haut, bas), obtenir une connexion parfaite se fait sans effort.<\/p>\n<p>Ce c\u00e2ble d&#039;extension DP 1.2 m\u00e2le vers femelle est id\u00e9al pour combiner deux c\u00e2bles DisplayPort via un panneau. Fabriqu\u00e9 avec un conducteur en cuivre \u00e9tam\u00e9, une feuille d&#039;aluminium et un blindage tress\u00e9, ainsi qu&#039;une coque ABS pour Angle DisplayPort m\u00e2le et un moulage par injection pour DisplayPort femelle, la durabilit\u00e9 est assur\u00e9e.<\/p>\n<p>B\u00e9n\u00e9ficiez d&#039;une r\u00e9solution 4K \u00e9poustouflante et d&#039;une prise en charge de la bande passante \u00e0 haut d\u00e9bit, le tout construit selon les normes DisplayPort 1.2. De plus, avec les certifications RoHS et REACH et une garantie de 2 ans, la qualit\u00e9 et la tranquillit\u00e9 d&#039;esprit sont garanties. Am\u00e9liorez votre connectivit\u00e9 d\u00e8s aujourd&#039;hui.<\/p>\n<p>Ses caract\u00e9ristiques :<\/p>\n<ul>\n<li>Connecteur 1 : DisplayPort m\u00e2le Angle, plaqu\u00e9 or<\/li>\n<li>Connecteur 2 : DisplayPort femelle avec verrouillage \u00e0 vis, contact plaqu\u00e9 or, coque plaqu\u00e9e nickel<\/li>\n<li>Type d'\u00e9crou et de vis : M3 nickel\u00e9<\/li>\n<li>Pas du trou : 25\u00b11mm<\/li>\n<li>Conducteur du c\u00e2ble : Cuivre \u00e9tam\u00e9<\/li>\n<li>Isolation : PE SKIN\/HDPE mouss\u00e9<\/li>\n<li>Calibre du fil : 28AWG<\/li>\n<li>Diam\u00e8tre ext\u00e9rieur : 7,3\u00b10,2 mm<\/li>\n<li>Blindage : Feuille d'aluminium, tresse<\/li>\n<li>Bo\u00eetier : Coque ABS pour DisplayPort m\u00e2le, moulage par injection pour DisplayPort femelle<\/li>\n<li>Gaine : PVC<\/li>\n<li>Types d'angles disponibles : gauche, droite, haut, bas<\/li>\n<li>Prise en charge d'une bande passante \u00e0 haut d\u00e9bit (HBR) et d'une r\u00e9solution allant jusqu'\u00e0 4K<\/li>\n<li>Conforme \u00e0 la norme DisplayPort 1.2<\/li>\n<li>Conformit\u00e9 : RoHS, REACH<\/li>\n<\/ul>","protected":false},"excerpt":{"rendered":"<p>High Speed Angle DisplayPort Panel Mount Cable, c\u00e2ble adaptateur m\u00e2le-femelle avec verrouillage \u00e0 vis, 0.2M<\/p>","protected":false},"featured_media":24316,"template":"","meta":{"_acf_changed":false,"_seopress_robots_primary_cat":"","_seopress_titles_title":"Angle DisplayPort Panel Mount Cable, DP Extension Cable","_seopress_titles_desc":"","_seopress_robots_index":"","site-sidebar-layout":"default","site-content-layout":"default","ast-site-content-layout":"default","site-content-style":"default","site-sidebar-style":"default","ast-global-header-display":"","ast-banner-title-visibility":"","ast-main-header-display":"","ast-hfb-above-header-display":"","ast-hfb-below-header-display":"","ast-hfb-mobile-header-display":"","site-post-title":"","ast-breadcrumbs-content":"","ast-featured-img":"","footer-sml-layout":"","ast-disable-related-posts":"","theme-transparent-header-meta":"default","adv-header-id-meta":"","stick-header-meta":"","header-above-stick-meta":"","header-main-stick-meta":"","header-below-stick-meta":"","astra-migrate-meta-layouts":"set","ast-page-background-enabled":"default","ast-page-background-meta":{"desktop":{"background-color":"","background-image":"","background-repeat":"repeat","background-position":"center center","background-size":"auto","background-attachment":"scroll","background-type":"","background-media":"","overlay-type":"","overlay-color":"","overlay-opacity":"","overlay-gradient":""},"tablet":{"background-color":"","background-image":"","background-repeat":"repeat","background-position":"center center","background-size":"auto","background-attachment":"scroll","background-type":"","background-media":"","overlay-type":"","overlay-color":"","overlay-opacity":"","overlay-gradient":""},"mobile":{"background-color":"","background-image":"","background-repeat":"repeat","background-position":"center center","background-size":"auto","background-attachment":"scroll","background-type":"","background-media":"","overlay-type":"","overlay-color":"","overlay-opacity":"","overlay-gradient":""}},"ast-content-background-meta":{"desktop":{"background-color":"var(--ast-global-color-5)","background-image":"","background-repeat":"repeat","background-position":"center center","background-size":"auto","background-attachment":"scroll","background-type":"","background-media":"","overlay-type":"","overlay-color":"","overlay-opacity":"","overlay-gradient":""},"tablet":{"background-color":"var(--ast-global-color-5)","background-image":"","background-repeat":"repeat","background-position":"center center","background-size":"auto","background-attachment":"scroll","background-type":"","background-media":"","overlay-type":"","overlay-color":"","overlay-opacity":"","overlay-gradient":""},"mobile":{"background-color":"var(--ast-global-color-5)","background-image":"","background-repeat":"repeat","background-position":"center center","background-size":"auto","background-attachment":"scroll","background-type":"","background-media":"","overlay-type":"","overlay-color":"","overlay-opacity":"","overlay-gradient":""}},"iawp_total_views":4},"product_brand":[],"product_cat":[238,678],"product_tag":[],"class_list":{"0":"post-24309","1":"product","2":"type-product","3":"status-publish","4":"has-post-thumbnail","6":"product_cat-panel-mount","7":"product_cat-panel-mount-cables","8":"desktop-align-left","9":"tablet-align-left","10":"mobile-align-left","12":"first","13":"instock","14":"shipping-taxable","15":"purchasable","16":"product-type-simple"},"acf":[],"_links":{"self":[{"href":"https:\/\/www.fjpremium.com\/fr\/wp-json\/wp\/v2\/product\/24309","targetHints":{"allow":["GET"]}}],"collection":[{"href":"https:\/\/www.fjpremium.com\/fr\/wp-json\/wp\/v2\/product"}],"about":[{"href":"https:\/\/www.fjpremium.com\/fr\/wp-json\/wp\/v2\/types\/product"}],"wp:featuredmedia":[{"embeddable":true,"href":"https:\/\/www.fjpremium.com\/fr\/wp-json\/wp\/v2\/media\/24316"}],"wp:attachment":[{"href":"https:\/\/www.fjpremium.com\/fr\/wp-json\/wp\/v2\/media?parent=24309"}],"wp:term":[{"taxonomy":"product_brand","embeddable":true,"href":"https:\/\/www.fjpremium.com\/fr\/wp-json\/wp\/v2\/product_brand?post=24309"},{"taxonomy":"product_cat","embeddable":true,"href":"https:\/\/www.fjpremium.com\/fr\/wp-json\/wp\/v2\/product_cat?post=24309"},{"taxonomy":"product_tag","embeddable":true,"href":"https:\/\/www.fjpremium.com\/fr\/wp-json\/wp\/v2\/product_tag?post=24309"}],"curies":[{"name":"wp","href":"https:\/\/api.w.org\/{rel}","templated":true}]}}