{"id":24302,"date":"2024-01-16T17:30:11","date_gmt":"2024-01-16T09:30:11","guid":{"rendered":"https:\/\/www.fjpremium.com\/?post_type=product&#038;p=24302"},"modified":"2024-03-21T15:22:54","modified_gmt":"2024-03-21T07:22:54","slug":"displayport-1-4-panel-mount-extension-cable","status":"publish","type":"product","link":"https:\/\/www.fjpremium.com\/fr\/product\/displayport-1-4-panel-mount-extension-cable\/","title":{"rendered":"C\u00e2ble d'extension DisplayPort 1.4 pour montage sur panneau, m\u00e2le vers femelle"},"content":{"rendered":"<p>C\u00e2ble d&#039;extension FARSINCE DisplayPort 1.4 \u00e0 montage sur panneau : am\u00e9liorez votre connectivit\u00e9 avec une qualit\u00e9 sans compromis. Dot\u00e9 d&#039;une configuration m\u00e2le \u00e0 femelle, un connecteur femelle est \u00e9quip\u00e9 d&#039;un verrouillage \u00e0 vis M3 et d&#039;un pas de trou pr\u00e9cis de 27 \u00b1 1 mm pour un montage s\u00e9curis\u00e9.<\/p>\n<p>Fabriqu\u00e9 avec un conducteur en cuivre nu et un blindage en feuille d&#039;aluminium et en tressage, il assure une transmission impeccable du signal. La coque ABS pour le DisplayPort m\u00e2le et le moulage par injection pour le connecteur femelle garantissent durabilit\u00e9 et fiabilit\u00e9.<\/p>\n<p>D\u00e9couvrez une r\u00e9solution 8K \u00e9poustouflante avec la prise en charge de la bande passante High Bit Rate (HBR), le tout construit selon les normes DisplayPort 1.4. De plus, soyez assur\u00e9 gr\u00e2ce aux certifications RoHS et REACH. Passez \u00e0 une connectivit\u00e9 sup\u00e9rieure d\u00e8s aujourd\u2019hui.<\/p>\n<p>Ses caract\u00e9ristiques :<\/p>\n<ul>\n<li>Connecteur 1 : DisplayPort 1.4 m\u00e2le, plaqu\u00e9 or<\/li>\n<li>Connecteur 2 : DisplayPort 1.4 femelle avec verrouillage \u00e0 vis, contact plaqu\u00e9 or, coque plaqu\u00e9e nickel<\/li>\n<li>Type d'\u00e9crou et de vis : M3 nickel\u00e9<\/li>\n<li>Pas du trou : 27\u00b11mm<\/li>\n<li>Conducteur du c\u00e2ble : Cuivre nu<\/li>\n<li>Calibre du fil : 28AWG<\/li>\n<li>Diam\u00e8tre ext\u00e9rieur : 7,3\u00b10,2 mm<\/li>\n<li>Blindage : Feuille d'aluminium, tresse<\/li>\n<li>Bo\u00eetier : Coque ABS pour DisplayPort m\u00e2le, moulage par injection pour DisplayPort femelle<\/li>\n<li>Gaine : PVC<\/li>\n<li>Prise en charge d'une bande passante \u00e0 haut d\u00e9bit (HBR) et d'une r\u00e9solution allant jusqu'\u00e0 8K<\/li>\n<li>Conforme \u00e0 la norme DisplayPort 1.4<\/li>\n<li>Conformit\u00e9 : RoHS, REACH<\/li>\n<\/ul>","protected":false},"excerpt":{"rendered":"<p>C\u00e2ble d'extension DisplayPort 1.4 \u00e0 grande vitesse pour montage sur panneau, c\u00e2ble adaptateur m\u00e2le-femelle avec verrouillage \u00e0 vis, 0.2M<\/p>","protected":false},"featured_media":24307,"template":"","meta":{"_acf_changed":false,"_seopress_robots_primary_cat":"","_seopress_titles_title":"DisplayPort 1.4 Panel Mount Extension Cable- Farsince","_seopress_titles_desc":"","_seopress_robots_index":"","site-sidebar-layout":"default","site-content-layout":"default","ast-site-content-layout":"default","site-content-style":"default","site-sidebar-style":"default","ast-global-header-display":"","ast-banner-title-visibility":"","ast-main-header-display":"","ast-hfb-above-header-display":"","ast-hfb-below-header-display":"","ast-hfb-mobile-header-display":"","site-post-title":"","ast-breadcrumbs-content":"","ast-featured-img":"","footer-sml-layout":"","ast-disable-related-posts":"","theme-transparent-header-meta":"default","adv-header-id-meta":"","stick-header-meta":"","header-above-stick-meta":"","header-main-stick-meta":"","header-below-stick-meta":"","astra-migrate-meta-layouts":"set","ast-page-background-enabled":"default","ast-page-background-meta":{"desktop":{"background-color":"","background-image":"","background-repeat":"repeat","background-position":"center center","background-size":"auto","background-attachment":"scroll","background-type":"","background-media":"","overlay-type":"","overlay-color":"","overlay-opacity":"","overlay-gradient":""},"tablet":{"background-color":"","background-image":"","background-repeat":"repeat","background-position":"center center","background-size":"auto","background-attachment":"scroll","background-type":"","background-media":"","overlay-type":"","overlay-color":"","overlay-opacity":"","overlay-gradient":""},"mobile":{"background-color":"","background-image":"","background-repeat":"repeat","background-position":"center center","background-size":"auto","background-attachment":"scroll","background-type":"","background-media":"","overlay-type":"","overlay-color":"","overlay-opacity":"","overlay-gradient":""}},"ast-content-background-meta":{"desktop":{"background-color":"var(--ast-global-color-5)","background-image":"","background-repeat":"repeat","background-position":"center center","background-size":"auto","background-attachment":"scroll","background-type":"","background-media":"","overlay-type":"","overlay-color":"","overlay-opacity":"","overlay-gradient":""},"tablet":{"background-color":"var(--ast-global-color-5)","background-image":"","background-repeat":"repeat","background-position":"center center","background-size":"auto","background-attachment":"scroll","background-type":"","background-media":"","overlay-type":"","overlay-color":"","overlay-opacity":"","overlay-gradient":""},"mobile":{"background-color":"var(--ast-global-color-5)","background-image":"","background-repeat":"repeat","background-position":"center center","background-size":"auto","background-attachment":"scroll","background-type":"","background-media":"","overlay-type":"","overlay-color":"","overlay-opacity":"","overlay-gradient":""}},"iawp_total_views":4},"product_brand":[],"product_cat":[238,678],"product_tag":[],"class_list":{"0":"post-24302","1":"product","2":"type-product","3":"status-publish","4":"has-post-thumbnail","6":"product_cat-panel-mount","7":"product_cat-panel-mount-cables","8":"desktop-align-left","9":"tablet-align-left","10":"mobile-align-left","12":"first","13":"instock","14":"shipping-taxable","15":"purchasable","16":"product-type-simple"},"acf":[],"_links":{"self":[{"href":"https:\/\/www.fjpremium.com\/fr\/wp-json\/wp\/v2\/product\/24302","targetHints":{"allow":["GET"]}}],"collection":[{"href":"https:\/\/www.fjpremium.com\/fr\/wp-json\/wp\/v2\/product"}],"about":[{"href":"https:\/\/www.fjpremium.com\/fr\/wp-json\/wp\/v2\/types\/product"}],"wp:featuredmedia":[{"embeddable":true,"href":"https:\/\/www.fjpremium.com\/fr\/wp-json\/wp\/v2\/media\/24307"}],"wp:attachment":[{"href":"https:\/\/www.fjpremium.com\/fr\/wp-json\/wp\/v2\/media?parent=24302"}],"wp:term":[{"taxonomy":"product_brand","embeddable":true,"href":"https:\/\/www.fjpremium.com\/fr\/wp-json\/wp\/v2\/product_brand?post=24302"},{"taxonomy":"product_cat","embeddable":true,"href":"https:\/\/www.fjpremium.com\/fr\/wp-json\/wp\/v2\/product_cat?post=24302"},{"taxonomy":"product_tag","embeddable":true,"href":"https:\/\/www.fjpremium.com\/fr\/wp-json\/wp\/v2\/product_tag?post=24302"}],"curies":[{"name":"wp","href":"https:\/\/api.w.org\/{rel}","templated":true}]}}