{"id":24283,"date":"2024-01-16T16:14:48","date_gmt":"2024-01-16T08:14:48","guid":{"rendered":"https:\/\/www.fjpremium.com\/?post_type=product&#038;p=24283"},"modified":"2024-03-21T14:47:40","modified_gmt":"2024-03-21T06:47:40","slug":"hdmi-to-dvi-panel-mount-cable","status":"publish","type":"product","link":"https:\/\/www.fjpremium.com\/fr\/product\/hdmi-to-dvi-panel-mount-cable\/","title":{"rendered":"C\u00e2ble de montage sur panneau HDMI vers DVI, c\u00e2ble d'extension m\u00e2le-femelle"},"content":{"rendered":"<p>Pr\u00e9sentation de notre c\u00e2ble \u00e0 montage sur panneau HDMI vers DVI, avec un connecteur m\u00e2le HDMI plaqu\u00e9 or avec verrouillage \u00e0 vis \u00e0 une extr\u00e9mit\u00e9 et un connecteur femelle DVI-I Dual Link (24+5) \u00e0 l&#039;autre, la compatibilit\u00e9 est assur\u00e9e.<\/p>\n<p>Fabriqu\u00e9 avec un conducteur en cuivre nu et blind\u00e9 avec une feuille d&#039;aluminium et un tressage, envelopp\u00e9 dans une gaine en PVC durable, la fiabilit\u00e9 est garantie.<\/p>\n<p>B\u00e9n\u00e9ficiez de r\u00e9solutions haute d\u00e9finition jusqu&#039;\u00e0 1920 \u00d7 1080 @ 60 (1080p Full HD), y compris 720p et 1600 \u00d7 1200 pour les moniteurs ou projecteurs HD, avec un taux de transfert de donn\u00e9es rapide allant jusqu&#039;\u00e0 7,92 Gbit\/s.<\/p>\n<p>Rassurez-vous, nos produits sont certifi\u00e9s RoHS et REACH, garantissant s\u00e9curit\u00e9 et respect des normes environnementales. Am\u00e9liorez votre connectivit\u00e9 d\u00e8s aujourd&#039;hui avec notre c\u00e2ble \u00e0 montage sur panneau HDMI vers DVI.<\/p>\n<p>Ses caract\u00e9ristiques :<\/p>\n<ul>\n<li>Connecteur 1 : HDMI m\u00e2le avec tige filet\u00e9e, plaqu\u00e9 or<\/li>\n<li>Connecteur 2 : DVI-I Dual Link (24+5) femelle, plaqu\u00e9 or<\/li>\n<li>Pas du trou : 9.5mm<\/li>\n<li>Conducteur du c\u00e2ble : Cuivre nu<\/li>\n<li>Calibre des fils : 28+30AWG<\/li>\n<li>Diam\u00e8tre ext\u00e9rieur : 7,3 mm<\/li>\n<li>Blind\u00e9 : Feuille d'aluminium, tresse<\/li>\n<li>Gaine : PVC<\/li>\n<li>Bo\u00eetier : Moule \u00e0 injection<\/li>\n<li>Taux de transfert de donn\u00e9es jusqu'\u00e0 7,92 Gbps<\/li>\n<li>R\u00e9solution jusqu'\u00e0 1920 x 1080 @ 60 Hz<\/li>\n<li>Conforme : RoHS, REACH<\/li>\n<\/ul>","protected":false},"excerpt":{"rendered":"<p>C\u00e2ble HDMI vers DVI pour montage sur panneau, supporte une r\u00e9solution haute d\u00e9finition jusqu'\u00e0 1920\u00d71080@60 (1080p Full HD) y compris 720p et 1600\u00d71200 pour les moniteurs ou projecteurs HD.<\/p>","protected":false},"featured_media":24287,"template":"","meta":{"_acf_changed":false,"_seopress_robots_primary_cat":"","_seopress_titles_title":"HDMI to DVI Panel Mount Cable- Farsince","_seopress_titles_desc":"","_seopress_robots_index":"","site-sidebar-layout":"default","site-content-layout":"default","ast-site-content-layout":"default","site-content-style":"default","site-sidebar-style":"default","ast-global-header-display":"","ast-banner-title-visibility":"","ast-main-header-display":"","ast-hfb-above-header-display":"","ast-hfb-below-header-display":"","ast-hfb-mobile-header-display":"","site-post-title":"","ast-breadcrumbs-content":"","ast-featured-img":"","footer-sml-layout":"","ast-disable-related-posts":"","theme-transparent-header-meta":"default","adv-header-id-meta":"","stick-header-meta":"","header-above-stick-meta":"","header-main-stick-meta":"","header-below-stick-meta":"","astra-migrate-meta-layouts":"set","ast-page-background-enabled":"default","ast-page-background-meta":{"desktop":{"background-color":"","background-image":"","background-repeat":"repeat","background-position":"center center","background-size":"auto","background-attachment":"scroll","background-type":"","background-media":"","overlay-type":"","overlay-color":"","overlay-opacity":"","overlay-gradient":""},"tablet":{"background-color":"","background-image":"","background-repeat":"repeat","background-position":"center center","background-size":"auto","background-attachment":"scroll","background-type":"","background-media":"","overlay-type":"","overlay-color":"","overlay-opacity":"","overlay-gradient":""},"mobile":{"background-color":"","background-image":"","background-repeat":"repeat","background-position":"center center","background-size":"auto","background-attachment":"scroll","background-type":"","background-media":"","overlay-type":"","overlay-color":"","overlay-opacity":"","overlay-gradient":""}},"ast-content-background-meta":{"desktop":{"background-color":"var(--ast-global-color-5)","background-image":"","background-repeat":"repeat","background-position":"center center","background-size":"auto","background-attachment":"scroll","background-type":"","background-media":"","overlay-type":"","overlay-color":"","overlay-opacity":"","overlay-gradient":""},"tablet":{"background-color":"var(--ast-global-color-5)","background-image":"","background-repeat":"repeat","background-position":"center center","background-size":"auto","background-attachment":"scroll","background-type":"","background-media":"","overlay-type":"","overlay-color":"","overlay-opacity":"","overlay-gradient":""},"mobile":{"background-color":"var(--ast-global-color-5)","background-image":"","background-repeat":"repeat","background-position":"center center","background-size":"auto","background-attachment":"scroll","background-type":"","background-media":"","overlay-type":"","overlay-color":"","overlay-opacity":"","overlay-gradient":""}},"iawp_total_views":5},"product_brand":[],"product_cat":[238,678],"product_tag":[],"class_list":{"0":"post-24283","1":"product","2":"type-product","3":"status-publish","4":"has-post-thumbnail","6":"product_cat-panel-mount","7":"product_cat-panel-mount-cables","8":"desktop-align-left","9":"tablet-align-left","10":"mobile-align-left","12":"first","13":"instock","14":"shipping-taxable","15":"purchasable","16":"product-type-simple"},"acf":[],"_links":{"self":[{"href":"https:\/\/www.fjpremium.com\/fr\/wp-json\/wp\/v2\/product\/24283","targetHints":{"allow":["GET"]}}],"collection":[{"href":"https:\/\/www.fjpremium.com\/fr\/wp-json\/wp\/v2\/product"}],"about":[{"href":"https:\/\/www.fjpremium.com\/fr\/wp-json\/wp\/v2\/types\/product"}],"wp:featuredmedia":[{"embeddable":true,"href":"https:\/\/www.fjpremium.com\/fr\/wp-json\/wp\/v2\/media\/24287"}],"wp:attachment":[{"href":"https:\/\/www.fjpremium.com\/fr\/wp-json\/wp\/v2\/media?parent=24283"}],"wp:term":[{"taxonomy":"product_brand","embeddable":true,"href":"https:\/\/www.fjpremium.com\/fr\/wp-json\/wp\/v2\/product_brand?post=24283"},{"taxonomy":"product_cat","embeddable":true,"href":"https:\/\/www.fjpremium.com\/fr\/wp-json\/wp\/v2\/product_cat?post=24283"},{"taxonomy":"product_tag","embeddable":true,"href":"https:\/\/www.fjpremium.com\/fr\/wp-json\/wp\/v2\/product_tag?post=24283"}],"curies":[{"name":"wp","href":"https:\/\/api.w.org\/{rel}","templated":true}]}}