{"id":24277,"date":"2024-01-16T15:53:15","date_gmt":"2024-01-16T07:53:15","guid":{"rendered":"https:\/\/www.fjpremium.com\/?post_type=product&#038;p=24277"},"modified":"2024-03-21T14:37:28","modified_gmt":"2024-03-21T06:37:28","slug":"micro-hdmi-to-hdmi-panel-mount-cable","status":"publish","type":"product","link":"https:\/\/www.fjpremium.com\/fr\/product\/micro-hdmi-to-hdmi-panel-mount-cable\/","title":{"rendered":"C\u00e2ble de montage sur panneau Micro HDMI vers HDMI, c\u00e2ble d'extension m\u00e2le-femelle"},"content":{"rendered":"<p>D\u00e9couvrez notre c\u00e2ble \u00e0 montage sur panneau Micro HDMI vers HDMI \u2013 le lien essentiel pour une connectivit\u00e9 transparente et un divertissement haute d\u00e9finition. B\u00e9n\u00e9ficiant d&#039;un connecteur m\u00e2le Micro HDMI \u00e0 une extr\u00e9mit\u00e9 et d&#039;un connecteur HDMI femelle \u00e0 l&#039;autre, \u00e9quip\u00e9 d&#039;un verrouillage s\u00e9curis\u00e9 \u00e0 vis M3 nickel\u00e9, l&#039;installation est un jeu d&#039;enfant.<\/p>\n<p>Fabriqu\u00e9 avec des connecteurs plaqu\u00e9s or et un conducteur en cuivre nu robuste, attendez-vous \u00e0 une transmission de signal impeccable. Prot\u00e9g\u00e9 par une feuille d&#039;aluminium et un tressage, et envelopp\u00e9 dans une gaine en PVC durable, la durabilit\u00e9 est garantie.<\/p>\n<p>D\u00e9couvrez des r\u00e9solutions vid\u00e9o \u00e9poustouflantes jusqu&#039;\u00e0 4K@50\/60 (2160p), offrant quatre fois la clart\u00e9 de la r\u00e9solution vid\u00e9o 1080p\/60, avec une bande passante impressionnante de 18 Gbit\/s. Am\u00e9liorez votre exp\u00e9rience multim\u00e9dia avec notre c\u00e2ble de montage sur panneau Micro HDMI vers HDMI d\u00e8s aujourd&#039;hui.<\/p>\n<p>Ses caract\u00e9ristiques :<\/p>\n<ul>\n<li>Connecteur 1 : Micro HDMI m\u00e2le, plaqu\u00e9 or<\/li>\n<li>Connecteur 2 : HDMI femelle avec verrouillage \u00e0 vis, plaqu\u00e9 or<\/li>\n<li>Type d'\u00e9crou et de vis : M3 nickel\u00e9<\/li>\n<li>Pas du trou : 29\u00b11mm<\/li>\n<li>Conducteur du c\u00e2ble : Cuivre nu<\/li>\n<li>Calibre du fil : 30AWG<\/li>\n<li>Diam\u00e8tre ext\u00e9rieur : 5,5 mm<\/li>\n<li>Blindage : Feuille d'aluminium, tresse<\/li>\n<li>Bo\u00eetier : Moulage par injection<\/li>\n<li>Gaine : PVC<\/li>\n<li>Largeur de bande jusqu'\u00e0 18 Gbps<\/li>\n<li>4K@50\/60 (2160p), soit une clart\u00e9 4 fois sup\u00e9rieure \u00e0 la r\u00e9solution vid\u00e9o 1080p\/60<\/li>\n<li>Vid\u00e9o 3D, Deep Color et x.v. Color\u2122<\/li>\n<li>Conformit\u00e9 : RoHS, REACH<\/li>\n<\/ul>","protected":false},"excerpt":{"rendered":"<p>C\u00e2ble adaptateur Micro HDMI vers HDMI pour montage sur panneau, c\u00e2ble adaptateur m\u00e2le-femelle avec verrouillage \u00e0 vis, 0.2M<\/p>","protected":false},"featured_media":24279,"template":"","meta":{"_acf_changed":false,"_seopress_robots_primary_cat":"","_seopress_titles_title":"Micro HDMI to HDMI Panel Mount Cable- Farsince","_seopress_titles_desc":"","_seopress_robots_index":"","site-sidebar-layout":"default","site-content-layout":"default","ast-site-content-layout":"default","site-content-style":"default","site-sidebar-style":"default","ast-global-header-display":"","ast-banner-title-visibility":"","ast-main-header-display":"","ast-hfb-above-header-display":"","ast-hfb-below-header-display":"","ast-hfb-mobile-header-display":"","site-post-title":"","ast-breadcrumbs-content":"","ast-featured-img":"","footer-sml-layout":"","ast-disable-related-posts":"","theme-transparent-header-meta":"default","adv-header-id-meta":"","stick-header-meta":"","header-above-stick-meta":"","header-main-stick-meta":"","header-below-stick-meta":"","astra-migrate-meta-layouts":"set","ast-page-background-enabled":"default","ast-page-background-meta":{"desktop":{"background-color":"","background-image":"","background-repeat":"repeat","background-position":"center center","background-size":"auto","background-attachment":"scroll","background-type":"","background-media":"","overlay-type":"","overlay-color":"","overlay-opacity":"","overlay-gradient":""},"tablet":{"background-color":"","background-image":"","background-repeat":"repeat","background-position":"center center","background-size":"auto","background-attachment":"scroll","background-type":"","background-media":"","overlay-type":"","overlay-color":"","overlay-opacity":"","overlay-gradient":""},"mobile":{"background-color":"","background-image":"","background-repeat":"repeat","background-position":"center center","background-size":"auto","background-attachment":"scroll","background-type":"","background-media":"","overlay-type":"","overlay-color":"","overlay-opacity":"","overlay-gradient":""}},"ast-content-background-meta":{"desktop":{"background-color":"var(--ast-global-color-5)","background-image":"","background-repeat":"repeat","background-position":"center center","background-size":"auto","background-attachment":"scroll","background-type":"","background-media":"","overlay-type":"","overlay-color":"","overlay-opacity":"","overlay-gradient":""},"tablet":{"background-color":"var(--ast-global-color-5)","background-image":"","background-repeat":"repeat","background-position":"center center","background-size":"auto","background-attachment":"scroll","background-type":"","background-media":"","overlay-type":"","overlay-color":"","overlay-opacity":"","overlay-gradient":""},"mobile":{"background-color":"var(--ast-global-color-5)","background-image":"","background-repeat":"repeat","background-position":"center center","background-size":"auto","background-attachment":"scroll","background-type":"","background-media":"","overlay-type":"","overlay-color":"","overlay-opacity":"","overlay-gradient":""}},"iawp_total_views":23},"product_brand":[],"product_cat":[238,678],"product_tag":[],"class_list":{"0":"post-24277","1":"product","2":"type-product","3":"status-publish","4":"has-post-thumbnail","6":"product_cat-panel-mount","7":"product_cat-panel-mount-cables","8":"desktop-align-left","9":"tablet-align-left","10":"mobile-align-left","12":"first","13":"instock","14":"shipping-taxable","15":"purchasable","16":"product-type-simple"},"acf":[],"_links":{"self":[{"href":"https:\/\/www.fjpremium.com\/fr\/wp-json\/wp\/v2\/product\/24277","targetHints":{"allow":["GET"]}}],"collection":[{"href":"https:\/\/www.fjpremium.com\/fr\/wp-json\/wp\/v2\/product"}],"about":[{"href":"https:\/\/www.fjpremium.com\/fr\/wp-json\/wp\/v2\/types\/product"}],"wp:featuredmedia":[{"embeddable":true,"href":"https:\/\/www.fjpremium.com\/fr\/wp-json\/wp\/v2\/media\/24279"}],"wp:attachment":[{"href":"https:\/\/www.fjpremium.com\/fr\/wp-json\/wp\/v2\/media?parent=24277"}],"wp:term":[{"taxonomy":"product_brand","embeddable":true,"href":"https:\/\/www.fjpremium.com\/fr\/wp-json\/wp\/v2\/product_brand?post=24277"},{"taxonomy":"product_cat","embeddable":true,"href":"https:\/\/www.fjpremium.com\/fr\/wp-json\/wp\/v2\/product_cat?post=24277"},{"taxonomy":"product_tag","embeddable":true,"href":"https:\/\/www.fjpremium.com\/fr\/wp-json\/wp\/v2\/product_tag?post=24277"}],"curies":[{"name":"wp","href":"https:\/\/api.w.org\/{rel}","templated":true}]}}