{"id":24255,"date":"2024-01-16T14:59:43","date_gmt":"2024-01-16T06:59:43","guid":{"rendered":"https:\/\/www.fjpremium.com\/?post_type=product&#038;p=24255"},"modified":"2024-03-20T16:22:42","modified_gmt":"2024-03-20T08:22:42","slug":"8k-hdmi-panel-mount-extension-cable","status":"publish","type":"product","link":"https:\/\/www.fjpremium.com\/fr\/product\/8k-hdmi-panel-mount-extension-cable\/","title":{"rendered":"C\u00e2ble d'extension HDMI 8K pour montage sur panneau, m\u00e2le vers femelle, trois connecteurs diff\u00e9rents"},"content":{"rendered":"<p>C\u00e2ble d&#039;extension \u00e0 montage sur panneau HDMI FARSINCE 8K \u2013 la solution ultime pour \u00e9tendre vos connexions haute d\u00e9finition.<\/p>\n<p>Avec un connecteur m\u00e2le \u00e0 une extr\u00e9mit\u00e9 et un connecteur femelle dot\u00e9 d&#039;un verrouillage \u00e0 vis nickel\u00e9 M3 et d&#039;un pas de trou de 29 \u00b1 1 mm \u00e0 l&#039;autre, l&#039;installation est s\u00e9curis\u00e9e et sans tracas. Le connecteur plaqu\u00e9 or assure une transmission optimale du signal.<\/p>\n<p>Fabriqu\u00e9 avec un conducteur en cuivre nu et un calibre de fil 28+30AWG, il garantit des performances fiables. Prot\u00e9g\u00e9 par une feuille d&#039;aluminium et tress\u00e9 dans une gaine en PVC durable, il offre une protection maximale.<\/p>\n<p>Prenant en charge des r\u00e9solutions jusqu&#039;\u00e0 8K \u00e0 60 Hz, 4K \u00e0 120 Hz et 48 Gbit\/s, ainsi que la vid\u00e9o 3D, Deep Color et xv Color\u2122, c&#039;est le choix id\u00e9al pour des exp\u00e9riences multim\u00e9dia immersives.<\/p>\n<p>Ses caract\u00e9ristiques :<\/p>\n<ul>\n<li>Connecteur 1 : HDMI 2.1 m\u00e2le, plaqu\u00e9 or<\/li>\n<li>Connecteur 2 : HDMI 2.1 femelle avec verrouillage \u00e0 vis, plaqu\u00e9 or<\/li>\n<li>Type d'\u00e9crou et de vis : M3 nickel\u00e9<\/li>\n<li>Pas du trou : 29\u00b11mm<\/li>\n<li>Conducteur du c\u00e2ble : Cuivre nu<\/li>\n<li>Calibre des fils : 28+30AWG<\/li>\n<li>Diam\u00e8tre ext\u00e9rieur : 7,3 mm<\/li>\n<li>Blindage : Feuille d'aluminium, tresse<\/li>\n<li>Bo\u00eetier : Moulage par injection<\/li>\n<li>Gaine : PVC<\/li>\n<li>Largeur de bande jusqu'\u00e0 48 Gbps<\/li>\n<li>R\u00e9solution vid\u00e9o jusqu'\u00e0 8K@60Hz<\/li>\n<li>Vid\u00e9o 3D, Deep Color et x.v. Color\u2122<\/li>\n<li>Conformit\u00e9 : RoHS, REACH<\/li>\n<\/ul>","protected":false},"excerpt":{"rendered":"<p>C\u00e2ble d'extension HDMI 8K haute vitesse pour montage sur panneau, c\u00e2ble adaptateur m\u00e2le-femelle avec verrouillage \u00e0 vis, 0.2M<\/p>","protected":false},"featured_media":24602,"template":"","meta":{"_acf_changed":false,"_seopress_robots_primary_cat":"","_seopress_titles_title":"8K HDMI Panel Mount Extension cable Male to Female- Farsince","_seopress_titles_desc":"","_seopress_robots_index":"","site-sidebar-layout":"default","site-content-layout":"default","ast-site-content-layout":"default","site-content-style":"default","site-sidebar-style":"default","ast-global-header-display":"","ast-banner-title-visibility":"","ast-main-header-display":"","ast-hfb-above-header-display":"","ast-hfb-below-header-display":"","ast-hfb-mobile-header-display":"","site-post-title":"","ast-breadcrumbs-content":"","ast-featured-img":"","footer-sml-layout":"","ast-disable-related-posts":"","theme-transparent-header-meta":"default","adv-header-id-meta":"","stick-header-meta":"","header-above-stick-meta":"","header-main-stick-meta":"","header-below-stick-meta":"","astra-migrate-meta-layouts":"set","ast-page-background-enabled":"default","ast-page-background-meta":{"desktop":{"background-color":"","background-image":"","background-repeat":"repeat","background-position":"center center","background-size":"auto","background-attachment":"scroll","background-type":"","background-media":"","overlay-type":"","overlay-color":"","overlay-opacity":"","overlay-gradient":""},"tablet":{"background-color":"","background-image":"","background-repeat":"repeat","background-position":"center center","background-size":"auto","background-attachment":"scroll","background-type":"","background-media":"","overlay-type":"","overlay-color":"","overlay-opacity":"","overlay-gradient":""},"mobile":{"background-color":"","background-image":"","background-repeat":"repeat","background-position":"center center","background-size":"auto","background-attachment":"scroll","background-type":"","background-media":"","overlay-type":"","overlay-color":"","overlay-opacity":"","overlay-gradient":""}},"ast-content-background-meta":{"desktop":{"background-color":"var(--ast-global-color-5)","background-image":"","background-repeat":"repeat","background-position":"center center","background-size":"auto","background-attachment":"scroll","background-type":"","background-media":"","overlay-type":"","overlay-color":"","overlay-opacity":"","overlay-gradient":""},"tablet":{"background-color":"var(--ast-global-color-5)","background-image":"","background-repeat":"repeat","background-position":"center center","background-size":"auto","background-attachment":"scroll","background-type":"","background-media":"","overlay-type":"","overlay-color":"","overlay-opacity":"","overlay-gradient":""},"mobile":{"background-color":"var(--ast-global-color-5)","background-image":"","background-repeat":"repeat","background-position":"center center","background-size":"auto","background-attachment":"scroll","background-type":"","background-media":"","overlay-type":"","overlay-color":"","overlay-opacity":"","overlay-gradient":""}},"iawp_total_views":19},"product_brand":[],"product_cat":[238,678],"product_tag":[],"class_list":{"0":"post-24255","1":"product","2":"type-product","3":"status-publish","4":"has-post-thumbnail","6":"product_cat-panel-mount","7":"product_cat-panel-mount-cables","8":"desktop-align-left","9":"tablet-align-left","10":"mobile-align-left","12":"first","13":"instock","14":"shipping-taxable","15":"purchasable","16":"product-type-simple"},"acf":[],"_links":{"self":[{"href":"https:\/\/www.fjpremium.com\/fr\/wp-json\/wp\/v2\/product\/24255","targetHints":{"allow":["GET"]}}],"collection":[{"href":"https:\/\/www.fjpremium.com\/fr\/wp-json\/wp\/v2\/product"}],"about":[{"href":"https:\/\/www.fjpremium.com\/fr\/wp-json\/wp\/v2\/types\/product"}],"wp:featuredmedia":[{"embeddable":true,"href":"https:\/\/www.fjpremium.com\/fr\/wp-json\/wp\/v2\/media\/24602"}],"wp:attachment":[{"href":"https:\/\/www.fjpremium.com\/fr\/wp-json\/wp\/v2\/media?parent=24255"}],"wp:term":[{"taxonomy":"product_brand","embeddable":true,"href":"https:\/\/www.fjpremium.com\/fr\/wp-json\/wp\/v2\/product_brand?post=24255"},{"taxonomy":"product_cat","embeddable":true,"href":"https:\/\/www.fjpremium.com\/fr\/wp-json\/wp\/v2\/product_cat?post=24255"},{"taxonomy":"product_tag","embeddable":true,"href":"https:\/\/www.fjpremium.com\/fr\/wp-json\/wp\/v2\/product_tag?post=24255"}],"curies":[{"name":"wp","href":"https:\/\/api.w.org\/{rel}","templated":true}]}}