{"id":24183,"date":"2023-12-21T09:32:09","date_gmt":"2023-12-21T01:32:09","guid":{"rendered":"https:\/\/www.fjpremium.com\/?post_type=product&#038;p=24183"},"modified":"2023-12-21T10:45:30","modified_gmt":"2023-12-21T02:45:30","slug":"hdmi-to-scart-video-cable","status":"publish","type":"product","link":"https:\/\/www.fjpremium.com\/fr\/product\/hdmi-to-scart-video-cable\/","title":{"rendered":"C\u00e2ble vid\u00e9o HDMI vers P\u00e9ritel : r\u00e9solution jusqu'\u00e0 1080P"},"content":{"rendered":"<p>Le convertisseur HDMI vers SCART de FARSINCE permet de convertir le signal HDMI en signal vid\u00e9o ou audio SCART. Aide les utilisateurs \u00e0 convertir le signal vid\u00e9o HDMI en signal p\u00e9ritel (d\u00e9finition standard 480i, 576i).<\/p>\n<p>Prend en charge les signaux du syst\u00e8me DVI, ce qui permet aux utilisateurs de convertir les signaux HDMI de haute qualit\u00e9 en signaux CVBS courants (r\u00e9solution standard 480i, 576i), qui peuvent \u00eatre lus sur des t\u00e9l\u00e9viseurs CRT, des enregistreurs VHS, des enregistreurs DVD, etc. et prend en charge les sorties de m\u00e9canisme de t\u00e9l\u00e9vision NTSC et PAL deux normes.<\/p>\n<p>Ses caract\u00e9ristiques :<\/p>\n<ul>\n<li>Entr\u00e9e : HDMI A m\u00e2le, plaqu\u00e9 or<\/li>\n<li>Sortie : P\u00e9ritel m\u00e2le, plaqu\u00e9 or<\/li>\n<li>Conducteur du c\u00e2ble : Cuivre nu<\/li>\n<li>Triple blindage : Feuille d'aluminium par paire, feuille d'aluminium globale, tresse<\/li>\n<li>Gaine : PVC<\/li>\n<li>Bo\u00eetier : Moule \u00e0 injection<\/li>\n<li>R\u00e9solution jusqu'\u00e0 1080P<\/li>\n<li>Vitesse de transmission maximale HDMI 10,2 Gbps<\/li>\n<li>Conforme : RoHS, REACH<\/li>\n<\/ul>","protected":false},"excerpt":{"rendered":"<p>Convertisseur HDMI vers p\u00e9ritel pour TV, convertisseur p\u00e9ritel avec c\u00e2ble p\u00e9ritel et HDMi Entr\u00e9e HDMI 1080p vers sortie p\u00e9ritel pour TV Blue-Ray DVD<\/p>","protected":false},"featured_media":24186,"template":"","meta":{"_acf_changed":false,"_seopress_robots_primary_cat":"","_seopress_titles_title":"HDMI to Scart video Cable - Farsince","_seopress_titles_desc":"","_seopress_robots_index":"","site-sidebar-layout":"default","site-content-layout":"default","ast-site-content-layout":"default","site-content-style":"default","site-sidebar-style":"default","ast-global-header-display":"","ast-banner-title-visibility":"","ast-main-header-display":"","ast-hfb-above-header-display":"","ast-hfb-below-header-display":"","ast-hfb-mobile-header-display":"","site-post-title":"","ast-breadcrumbs-content":"","ast-featured-img":"","footer-sml-layout":"","ast-disable-related-posts":"","theme-transparent-header-meta":"default","adv-header-id-meta":"","stick-header-meta":"","header-above-stick-meta":"","header-main-stick-meta":"","header-below-stick-meta":"","astra-migrate-meta-layouts":"set","ast-page-background-enabled":"default","ast-page-background-meta":{"desktop":{"background-color":"","background-image":"","background-repeat":"repeat","background-position":"center center","background-size":"auto","background-attachment":"scroll","background-type":"","background-media":"","overlay-type":"","overlay-color":"","overlay-opacity":"","overlay-gradient":""},"tablet":{"background-color":"","background-image":"","background-repeat":"repeat","background-position":"center center","background-size":"auto","background-attachment":"scroll","background-type":"","background-media":"","overlay-type":"","overlay-color":"","overlay-opacity":"","overlay-gradient":""},"mobile":{"background-color":"","background-image":"","background-repeat":"repeat","background-position":"center center","background-size":"auto","background-attachment":"scroll","background-type":"","background-media":"","overlay-type":"","overlay-color":"","overlay-opacity":"","overlay-gradient":""}},"ast-content-background-meta":{"desktop":{"background-color":"var(--ast-global-color-5)","background-image":"","background-repeat":"repeat","background-position":"center center","background-size":"auto","background-attachment":"scroll","background-type":"","background-media":"","overlay-type":"","overlay-color":"","overlay-opacity":"","overlay-gradient":""},"tablet":{"background-color":"var(--ast-global-color-5)","background-image":"","background-repeat":"repeat","background-position":"center center","background-size":"auto","background-attachment":"scroll","background-type":"","background-media":"","overlay-type":"","overlay-color":"","overlay-opacity":"","overlay-gradient":""},"mobile":{"background-color":"var(--ast-global-color-5)","background-image":"","background-repeat":"repeat","background-position":"center center","background-size":"auto","background-attachment":"scroll","background-type":"","background-media":"","overlay-type":"","overlay-color":"","overlay-opacity":"","overlay-gradient":""}},"iawp_total_views":10},"product_brand":[],"product_cat":[211,638],"product_tag":[],"class_list":{"0":"post-24183","1":"product","2":"type-product","3":"status-publish","4":"has-post-thumbnail","6":"product_cat-hdmi","7":"product_cat-hdmi-cables","8":"desktop-align-left","9":"tablet-align-left","10":"mobile-align-left","12":"first","13":"instock","14":"shipping-taxable","15":"purchasable","16":"product-type-simple"},"acf":[],"_links":{"self":[{"href":"https:\/\/www.fjpremium.com\/fr\/wp-json\/wp\/v2\/product\/24183","targetHints":{"allow":["GET"]}}],"collection":[{"href":"https:\/\/www.fjpremium.com\/fr\/wp-json\/wp\/v2\/product"}],"about":[{"href":"https:\/\/www.fjpremium.com\/fr\/wp-json\/wp\/v2\/types\/product"}],"wp:featuredmedia":[{"embeddable":true,"href":"https:\/\/www.fjpremium.com\/fr\/wp-json\/wp\/v2\/media\/24186"}],"wp:attachment":[{"href":"https:\/\/www.fjpremium.com\/fr\/wp-json\/wp\/v2\/media?parent=24183"}],"wp:term":[{"taxonomy":"product_brand","embeddable":true,"href":"https:\/\/www.fjpremium.com\/fr\/wp-json\/wp\/v2\/product_brand?post=24183"},{"taxonomy":"product_cat","embeddable":true,"href":"https:\/\/www.fjpremium.com\/fr\/wp-json\/wp\/v2\/product_cat?post=24183"},{"taxonomy":"product_tag","embeddable":true,"href":"https:\/\/www.fjpremium.com\/fr\/wp-json\/wp\/v2\/product_tag?post=24183"}],"curies":[{"name":"wp","href":"https:\/\/api.w.org\/{rel}","templated":true}]}}