{"id":24143,"date":"2023-12-08T13:34:31","date_gmt":"2023-12-08T05:34:31","guid":{"rendered":"https:\/\/www.fjpremium.com\/?post_type=product&#038;p=24143"},"modified":"2023-12-14T13:51:03","modified_gmt":"2023-12-14T05:51:03","slug":"thin-and-flexible-8k-hdmi-2-1-cable","status":"publish","type":"product","link":"https:\/\/www.fjpremium.com\/fr\/product\/thin-and-flexible-8k-hdmi-2-1-cable\/","title":{"rendered":"C\u00e2ble HDMI 2.1 8K \u00e0 haute vitesse, fin et flexible"},"content":{"rendered":"<p>Le c\u00e2ble HDMI 2.1 8K mince et flexible de FARSINCE est id\u00e9al pour les r\u00e9solutions \u00e9lev\u00e9es telles que 8K @60Hz et 4K@120Hz. R\u00e9trocompatible avec les versions HDMI pr\u00e9c\u00e9dentes, la bande passante est augment\u00e9e \u00e0 48 Gbps et prend en charge le Dynamic HDR et l'eARC. Les fonctions suppl\u00e9mentaires comprennent le mode automatique \u00e0 faible latence (ALLM), le taux de rafra\u00eechissement variable (VRR), le transport rapide d'images (QFT) et la commutation rapide de m\u00e9dias (QMS).<\/p>\n<p>Ses caract\u00e9ristiques :<\/p>\n<ul>\n<li>Connecteur 1 : HDMI 2.1 m\u00e2le, plaqu\u00e9 or 24K<\/li>\n<li>Connecteur 2 : HDMI 2.1 m\u00e2le, plaqu\u00e9 or 24K<\/li>\n<li>Conducteur du c\u00e2ble : Cuivre \u00e9tam\u00e9<\/li>\n<li>Calibre des fils : 34AWG slim line<\/li>\n<li>Triple blindage : Feuille d'aluminium par paire, feuille d'aluminium globale, tresse<\/li>\n<li>Gaine : PVC<\/li>\n<li>Bo\u00eetier : Coque en aluminium<\/li>\n<li>R\u00e9solution jusqu'\u00e0 : 7680 x 4320 @ 60 Hz \/ 5120 x 2880 @ 120 Hz \/ 3840 x 2160 @ 240 Hz<\/li>\n<li>Taux de transfert de donn\u00e9es jusqu'\u00e0 48 Gbps<\/li>\n<li>Prise en charge 3D : jusqu'\u00e0 3840 x 2160 @ 120 Hz<\/li>\n<li>Prend en charge Display Stream Compression 1.2 (DSC), Dolby\u00ae Vision, Dynamic HDR, Game Mode VRR, eARC<\/li>\n<li>Prise en charge des commandes de contr\u00f4le CEC 2.0<\/li>\n<li>Prise en charge du Dolby\u00ae TrueHD et du DTS-HD Master Audio\u2122<\/li>\n<li>Conforme : RoHS, REACH<\/li>\n<\/ul>","protected":false},"excerpt":{"rendered":"<p>C\u00e2ble durable \u00e0 double blindage avec bo\u00eetier m\u00e9tallique de haute qualit\u00e9. C\u00e2ble HDMI 2.1 8K \u00e0 tr\u00e8s haut d\u00e9bit prenant en charge Dynamic HDR, eARC, ALLM, VRR, QFT, QMS.<\/p>","protected":false},"featured_media":24145,"template":"","meta":{"_acf_changed":false,"_seopress_robots_primary_cat":"","_seopress_titles_title":"Thin and Flexible high speed 8K HDMI 2.1 Cable - Farsince","_seopress_titles_desc":"","_seopress_robots_index":"","site-sidebar-layout":"default","site-content-layout":"default","ast-site-content-layout":"default","site-content-style":"default","site-sidebar-style":"default","ast-global-header-display":"","ast-banner-title-visibility":"","ast-main-header-display":"","ast-hfb-above-header-display":"","ast-hfb-below-header-display":"","ast-hfb-mobile-header-display":"","site-post-title":"","ast-breadcrumbs-content":"","ast-featured-img":"","footer-sml-layout":"","ast-disable-related-posts":"","theme-transparent-header-meta":"default","adv-header-id-meta":"","stick-header-meta":"","header-above-stick-meta":"","header-main-stick-meta":"","header-below-stick-meta":"","astra-migrate-meta-layouts":"set","ast-page-background-enabled":"default","ast-page-background-meta":{"desktop":{"background-color":"","background-image":"","background-repeat":"repeat","background-position":"center center","background-size":"auto","background-attachment":"scroll","background-type":"","background-media":"","overlay-type":"","overlay-color":"","overlay-opacity":"","overlay-gradient":""},"tablet":{"background-color":"","background-image":"","background-repeat":"repeat","background-position":"center center","background-size":"auto","background-attachment":"scroll","background-type":"","background-media":"","overlay-type":"","overlay-color":"","overlay-opacity":"","overlay-gradient":""},"mobile":{"background-color":"","background-image":"","background-repeat":"repeat","background-position":"center center","background-size":"auto","background-attachment":"scroll","background-type":"","background-media":"","overlay-type":"","overlay-color":"","overlay-opacity":"","overlay-gradient":""}},"ast-content-background-meta":{"desktop":{"background-color":"var(--ast-global-color-5)","background-image":"","background-repeat":"repeat","background-position":"center center","background-size":"auto","background-attachment":"scroll","background-type":"","background-media":"","overlay-type":"","overlay-color":"","overlay-opacity":"","overlay-gradient":""},"tablet":{"background-color":"var(--ast-global-color-5)","background-image":"","background-repeat":"repeat","background-position":"center center","background-size":"auto","background-attachment":"scroll","background-type":"","background-media":"","overlay-type":"","overlay-color":"","overlay-opacity":"","overlay-gradient":""},"mobile":{"background-color":"var(--ast-global-color-5)","background-image":"","background-repeat":"repeat","background-position":"center center","background-size":"auto","background-attachment":"scroll","background-type":"","background-media":"","overlay-type":"","overlay-color":"","overlay-opacity":"","overlay-gradient":""}},"iawp_total_views":22},"product_brand":[],"product_cat":[211,638],"product_tag":[],"class_list":{"0":"post-24143","1":"product","2":"type-product","3":"status-publish","4":"has-post-thumbnail","6":"product_cat-hdmi","7":"product_cat-hdmi-cables","8":"desktop-align-left","9":"tablet-align-left","10":"mobile-align-left","12":"first","13":"instock","14":"shipping-taxable","15":"purchasable","16":"product-type-simple"},"acf":[],"_links":{"self":[{"href":"https:\/\/www.fjpremium.com\/fr\/wp-json\/wp\/v2\/product\/24143","targetHints":{"allow":["GET"]}}],"collection":[{"href":"https:\/\/www.fjpremium.com\/fr\/wp-json\/wp\/v2\/product"}],"about":[{"href":"https:\/\/www.fjpremium.com\/fr\/wp-json\/wp\/v2\/types\/product"}],"wp:featuredmedia":[{"embeddable":true,"href":"https:\/\/www.fjpremium.com\/fr\/wp-json\/wp\/v2\/media\/24145"}],"wp:attachment":[{"href":"https:\/\/www.fjpremium.com\/fr\/wp-json\/wp\/v2\/media?parent=24143"}],"wp:term":[{"taxonomy":"product_brand","embeddable":true,"href":"https:\/\/www.fjpremium.com\/fr\/wp-json\/wp\/v2\/product_brand?post=24143"},{"taxonomy":"product_cat","embeddable":true,"href":"https:\/\/www.fjpremium.com\/fr\/wp-json\/wp\/v2\/product_cat?post=24143"},{"taxonomy":"product_tag","embeddable":true,"href":"https:\/\/www.fjpremium.com\/fr\/wp-json\/wp\/v2\/product_tag?post=24143"}],"curies":[{"name":"wp","href":"https:\/\/api.w.org\/{rel}","templated":true}]}}