{"id":24123,"date":"2023-12-08T10:54:35","date_gmt":"2023-12-08T02:54:35","guid":{"rendered":"https:\/\/www.fjpremium.com\/?post_type=product&#038;p=24123"},"modified":"2023-12-14T13:45:43","modified_gmt":"2023-12-14T05:45:43","slug":"8k-mini-hdmi-to-hdmi-adapter-coupler","status":"publish","type":"product","link":"https:\/\/www.fjpremium.com\/fr\/product\/8k-mini-hdmi-to-hdmi-adapter-coupler\/","title":{"rendered":"Adaptateur 8K Mini HDMI vers HDMI, m\u00e2le vers femelle"},"content":{"rendered":"<p>L'adaptateur Mini HDMI vers HDMI, m\u00e2le vers femelle, peut \u00eatre utilis\u00e9 pour connecter des appareils HDMI tels que des \u00e9crans plats, etc. L'adaptateur peut \u00e9galement \u00eatre utilis\u00e9 en tant qu'\u00e9conomiseur de port pour prot\u00e9ger l'interface dans les applications o\u00f9 la durabilit\u00e9 des contacts est \u00e9lev\u00e9e.<\/p>\n<p>Cet adaptateur HDMI prend en charge les r\u00e9solutions jusqu'\u00e0 8K, y compris 7680\u00d74320@60Hz, 4K@144Hz, 2K@240Hz, 1080P@240Hz.<\/p>\n<p>Ses caract\u00e9ristiques :<\/p>\n<ul>\n<li style=\"list-style-type: none;\">\n<ul>\n<li>Connecteur1 : Mini HDMI m\u00e2le, plaqu\u00e9 or<\/li>\n<li>Connecteur 1 : HDMI A femelle, plaqu\u00e9 or<\/li>\n<li>Bo\u00eetier : Coque en aluminium<\/li>\n<li>Taux de transfert de donn\u00e9es jusqu'\u00e0 48 Gbps<\/li>\n<li>R\u00e9solution jusqu'\u00e0 7680\u00d74320 \u00e0 60 Hz<\/li>\n<li>Prise en charge de la 3D 1080p HFR (High Frame Rate)<\/li>\n<li>Contient un canal de retour audio (ARC)<\/li>\n<li>Conforme : RoHS, REACH<\/li>\n<\/ul>\n<\/li>\n<\/ul>","protected":false},"excerpt":{"rendered":"<p>Adaptateur Mini HDMI vers HDMI, coupleur m\u00e2le vers femelle supportant 8K@60Hz, 4K@144Hz.<\/p>","protected":false},"featured_media":24124,"template":"","meta":{"_acf_changed":false,"_seopress_robots_primary_cat":"","_seopress_titles_title":"8K Mini HDMI to HDMI Adapter Coupler, Male to Female","_seopress_titles_desc":"","_seopress_robots_index":"","site-sidebar-layout":"default","site-content-layout":"default","ast-site-content-layout":"default","site-content-style":"default","site-sidebar-style":"default","ast-global-header-display":"","ast-banner-title-visibility":"","ast-main-header-display":"","ast-hfb-above-header-display":"","ast-hfb-below-header-display":"","ast-hfb-mobile-header-display":"","site-post-title":"","ast-breadcrumbs-content":"","ast-featured-img":"","footer-sml-layout":"","ast-disable-related-posts":"","theme-transparent-header-meta":"default","adv-header-id-meta":"","stick-header-meta":"","header-above-stick-meta":"","header-main-stick-meta":"","header-below-stick-meta":"","astra-migrate-meta-layouts":"set","ast-page-background-enabled":"default","ast-page-background-meta":{"desktop":{"background-color":"","background-image":"","background-repeat":"repeat","background-position":"center center","background-size":"auto","background-attachment":"scroll","background-type":"","background-media":"","overlay-type":"","overlay-color":"","overlay-opacity":"","overlay-gradient":""},"tablet":{"background-color":"","background-image":"","background-repeat":"repeat","background-position":"center center","background-size":"auto","background-attachment":"scroll","background-type":"","background-media":"","overlay-type":"","overlay-color":"","overlay-opacity":"","overlay-gradient":""},"mobile":{"background-color":"","background-image":"","background-repeat":"repeat","background-position":"center center","background-size":"auto","background-attachment":"scroll","background-type":"","background-media":"","overlay-type":"","overlay-color":"","overlay-opacity":"","overlay-gradient":""}},"ast-content-background-meta":{"desktop":{"background-color":"var(--ast-global-color-5)","background-image":"","background-repeat":"repeat","background-position":"center center","background-size":"auto","background-attachment":"scroll","background-type":"","background-media":"","overlay-type":"","overlay-color":"","overlay-opacity":"","overlay-gradient":""},"tablet":{"background-color":"var(--ast-global-color-5)","background-image":"","background-repeat":"repeat","background-position":"center center","background-size":"auto","background-attachment":"scroll","background-type":"","background-media":"","overlay-type":"","overlay-color":"","overlay-opacity":"","overlay-gradient":""},"mobile":{"background-color":"var(--ast-global-color-5)","background-image":"","background-repeat":"repeat","background-position":"center center","background-size":"auto","background-attachment":"scroll","background-type":"","background-media":"","overlay-type":"","overlay-color":"","overlay-opacity":"","overlay-gradient":""}},"iawp_total_views":4},"product_brand":[],"product_cat":[211,642],"product_tag":[],"class_list":{"0":"post-24123","1":"product","2":"type-product","3":"status-publish","4":"has-post-thumbnail","6":"product_cat-hdmi","7":"product_cat-hdmi-adapters","8":"desktop-align-left","9":"tablet-align-left","10":"mobile-align-left","12":"first","13":"instock","14":"shipping-taxable","15":"purchasable","16":"product-type-simple"},"acf":[],"_links":{"self":[{"href":"https:\/\/www.fjpremium.com\/fr\/wp-json\/wp\/v2\/product\/24123","targetHints":{"allow":["GET"]}}],"collection":[{"href":"https:\/\/www.fjpremium.com\/fr\/wp-json\/wp\/v2\/product"}],"about":[{"href":"https:\/\/www.fjpremium.com\/fr\/wp-json\/wp\/v2\/types\/product"}],"wp:featuredmedia":[{"embeddable":true,"href":"https:\/\/www.fjpremium.com\/fr\/wp-json\/wp\/v2\/media\/24124"}],"wp:attachment":[{"href":"https:\/\/www.fjpremium.com\/fr\/wp-json\/wp\/v2\/media?parent=24123"}],"wp:term":[{"taxonomy":"product_brand","embeddable":true,"href":"https:\/\/www.fjpremium.com\/fr\/wp-json\/wp\/v2\/product_brand?post=24123"},{"taxonomy":"product_cat","embeddable":true,"href":"https:\/\/www.fjpremium.com\/fr\/wp-json\/wp\/v2\/product_cat?post=24123"},{"taxonomy":"product_tag","embeddable":true,"href":"https:\/\/www.fjpremium.com\/fr\/wp-json\/wp\/v2\/product_tag?post=24123"}],"curies":[{"name":"wp","href":"https:\/\/api.w.org\/{rel}","templated":true}]}}