{"id":24099,"date":"2023-12-08T09:51:11","date_gmt":"2023-12-08T01:51:11","guid":{"rendered":"https:\/\/www.fjpremium.com\/?post_type=product&#038;p=24099"},"modified":"2023-12-14T13:45:45","modified_gmt":"2023-12-14T05:45:45","slug":"4k-hdmi-male-to-female-adapter-coupler","status":"publish","type":"product","link":"https:\/\/www.fjpremium.com\/fr\/product\/4k-hdmi-male-to-female-adapter-coupler\/","title":{"rendered":"Adaptateur HDMI m\u00e2le\/femelle 4K avec c\u00e2ble USB"},"content":{"rendered":"<p>FARSINCE Adaptateur HDMI m\u00e2le-femelle avec c\u00e2ble d'alimentation USB 2.0 de 50 cm.<br \/>\nLes connecteurs plaqu\u00e9s or r\u00e9sistent \u00e0 la corrosion tout en assurant une transmission optimale du signal pour une meilleure exp\u00e9rience visuelle.<br \/>\nPrend en charge les formats 480p, 720p, 1080i, 1080p, 1440i, 1440p, 2160i, 2160p, 3D TV, True-HD et DTS-HD.<br \/>\nRemarque : Il s'agit d'un adaptateur HDMI M\/F ! Le c\u00e2ble USB ne sert qu'\u00e0 l'alimentation ! Il ne s'agit pas d'un adaptateur HDMI vers USB.<\/p>\n<p>Ses caract\u00e9ristiques :<\/p>\n<ul>\n<li style=\"list-style-type: none;\">\n<ul>\n<li>Connecteur 1 : HDMI A m\u00e2le, plaqu\u00e9 or<\/li>\n<li>Connecteur 2 : HDMI A femelle, plaqu\u00e9 or<\/li>\n<li>Connecteur3 : USB A 2.0 femelle, plaqu\u00e9 or<\/li>\n<li>Conducteur du c\u00e2ble : Cuivre nu<\/li>\n<li>Blindage : Feuille d'aluminium<\/li>\n<li>Gaine : PVC<\/li>\n<li>Bo\u00eetier : Moule \u00e0 injection<\/li>\n<li>Prise en charge des formats 480p, 720p, 1080i, 1080p, 1440i, 1440p, 2160i, 2160p, 3D TV, True-HD et DTS-HD<\/li>\n<li>Prise en charge des signaux audio et vid\u00e9o, de la connexion r\u00e9seau et de la 3D via HDMI<\/li>\n<li>Conforme : RoHS, REACH<\/li>\n<\/ul>\n<\/li>\n<\/ul>","protected":false},"excerpt":{"rendered":"<p>Adaptateur HDMI m\u00e2le-femelle avec c\u00e2ble de chargement USB 2.0 de 50 cm pour TV, vid\u00e9o et home audio.<\/p>","protected":false},"featured_media":24104,"template":"","meta":{"_acf_changed":false,"_seopress_robots_primary_cat":"","_seopress_titles_title":"4K HDMI Male to Female Adapter Coupler With USB Cable","_seopress_titles_desc":"","_seopress_robots_index":"","site-sidebar-layout":"default","site-content-layout":"default","ast-site-content-layout":"default","site-content-style":"default","site-sidebar-style":"default","ast-global-header-display":"","ast-banner-title-visibility":"","ast-main-header-display":"","ast-hfb-above-header-display":"","ast-hfb-below-header-display":"","ast-hfb-mobile-header-display":"","site-post-title":"","ast-breadcrumbs-content":"","ast-featured-img":"","footer-sml-layout":"","ast-disable-related-posts":"","theme-transparent-header-meta":"default","adv-header-id-meta":"","stick-header-meta":"","header-above-stick-meta":"","header-main-stick-meta":"","header-below-stick-meta":"","astra-migrate-meta-layouts":"set","ast-page-background-enabled":"default","ast-page-background-meta":{"desktop":{"background-color":"","background-image":"","background-repeat":"repeat","background-position":"center center","background-size":"auto","background-attachment":"scroll","background-type":"","background-media":"","overlay-type":"","overlay-color":"","overlay-opacity":"","overlay-gradient":""},"tablet":{"background-color":"","background-image":"","background-repeat":"repeat","background-position":"center center","background-size":"auto","background-attachment":"scroll","background-type":"","background-media":"","overlay-type":"","overlay-color":"","overlay-opacity":"","overlay-gradient":""},"mobile":{"background-color":"","background-image":"","background-repeat":"repeat","background-position":"center center","background-size":"auto","background-attachment":"scroll","background-type":"","background-media":"","overlay-type":"","overlay-color":"","overlay-opacity":"","overlay-gradient":""}},"ast-content-background-meta":{"desktop":{"background-color":"var(--ast-global-color-5)","background-image":"","background-repeat":"repeat","background-position":"center center","background-size":"auto","background-attachment":"scroll","background-type":"","background-media":"","overlay-type":"","overlay-color":"","overlay-opacity":"","overlay-gradient":""},"tablet":{"background-color":"var(--ast-global-color-5)","background-image":"","background-repeat":"repeat","background-position":"center center","background-size":"auto","background-attachment":"scroll","background-type":"","background-media":"","overlay-type":"","overlay-color":"","overlay-opacity":"","overlay-gradient":""},"mobile":{"background-color":"var(--ast-global-color-5)","background-image":"","background-repeat":"repeat","background-position":"center center","background-size":"auto","background-attachment":"scroll","background-type":"","background-media":"","overlay-type":"","overlay-color":"","overlay-opacity":"","overlay-gradient":""}},"iawp_total_views":8},"product_brand":[],"product_cat":[211,642],"product_tag":[],"class_list":{"0":"post-24099","1":"product","2":"type-product","3":"status-publish","4":"has-post-thumbnail","6":"product_cat-hdmi","7":"product_cat-hdmi-adapters","8":"desktop-align-left","9":"tablet-align-left","10":"mobile-align-left","12":"first","13":"instock","14":"shipping-taxable","15":"purchasable","16":"product-type-simple"},"acf":[],"_links":{"self":[{"href":"https:\/\/www.fjpremium.com\/fr\/wp-json\/wp\/v2\/product\/24099","targetHints":{"allow":["GET"]}}],"collection":[{"href":"https:\/\/www.fjpremium.com\/fr\/wp-json\/wp\/v2\/product"}],"about":[{"href":"https:\/\/www.fjpremium.com\/fr\/wp-json\/wp\/v2\/types\/product"}],"wp:featuredmedia":[{"embeddable":true,"href":"https:\/\/www.fjpremium.com\/fr\/wp-json\/wp\/v2\/media\/24104"}],"wp:attachment":[{"href":"https:\/\/www.fjpremium.com\/fr\/wp-json\/wp\/v2\/media?parent=24099"}],"wp:term":[{"taxonomy":"product_brand","embeddable":true,"href":"https:\/\/www.fjpremium.com\/fr\/wp-json\/wp\/v2\/product_brand?post=24099"},{"taxonomy":"product_cat","embeddable":true,"href":"https:\/\/www.fjpremium.com\/fr\/wp-json\/wp\/v2\/product_cat?post=24099"},{"taxonomy":"product_tag","embeddable":true,"href":"https:\/\/www.fjpremium.com\/fr\/wp-json\/wp\/v2\/product_tag?post=24099"}],"curies":[{"name":"wp","href":"https:\/\/api.w.org\/{rel}","templated":true}]}}