{"id":24092,"date":"2023-12-08T09:28:33","date_gmt":"2023-12-08T01:28:33","guid":{"rendered":"https:\/\/www.fjpremium.com\/?post_type=product&#038;p=24092"},"modified":"2023-12-14T13:45:45","modified_gmt":"2023-12-14T05:45:45","slug":"4k-hdmi-to-dual-hdmi-adapter-for-laptop","status":"publish","type":"product","link":"https:\/\/www.fjpremium.com\/fr\/product\/4k-hdmi-to-dual-hdmi-adapter-for-laptop\/","title":{"rendered":"Adaptateur HDMI 4K vers HDMI double pour ordinateur portable, m\u00e2le vers femelle"},"content":{"rendered":"<p>Adaptateur HDMI 4K vers HDMI double pour ordinateur portable, c\u00e2ble m\u00e2le vers 2x femelle Adaptateur pour connecter 2 \u00e9crans HDMI \u00e0 une carte vid\u00e9o Les contacts plaqu\u00e9s or garantissent une transmission propre, claire et sans interf\u00e9rence Id\u00e9al pour les pr\u00e9sentations R\u00e9solutions jusqu'\u00e0 4096 x 2160 @ 60 Hz.<br \/>\nAffiche la m\u00eame image sur les deux moniteurs, ce qui est id\u00e9al pour les applications \u00e9ducatives, les utilisations professionnelles ou les pr\u00e9sentations.<br \/>\nLa partie la plus importante du c\u00e2ble int\u00e9rieur en cuivre est le choix du mat\u00e9riau du conducteur int\u00e9rieur.<\/p>\n<p>Ses caract\u00e9ristiques :<\/p>\n<ul>\n<li style=\"list-style-type: none;\">\n<ul>\n<li>Connecteur 1 : HDMI A m\u00e2le, plaqu\u00e9 or<\/li>\n<li>Connecteur 2 : HDMI A femelle, plaqu\u00e9 or<\/li>\n<li>Connecteur 3 : HDMI A femelle, plaqu\u00e9 or<\/li>\n<li>Bo\u00eetier : Moulage plastique<\/li>\n<li>HDMI High Speed Ethernet (HEC)<\/li>\n<li>Prise en charge des op\u00e9rations simples et doubles<\/li>\n<li>Prend en charge des r\u00e9solutions allant jusqu'\u00e0 4096 x 2160 \u00e0 60 Hz<\/li>\n<li>Prise en charge des signaux audio et vid\u00e9o, de la connexion r\u00e9seau et de la 3D via HDMI<\/li>\n<li>Conforme : RoHS, REACH<\/li>\n<\/ul>\n<\/li>\n<\/ul>","protected":false},"excerpt":{"rendered":"<p>Adaptateur HDMI 4K vers HDMI double pour ordinateur portable, adaptateur de c\u00e2ble HDMI m\u00e2le vers 2x femelle Prend en charge les r\u00e9solutions jusqu'\u00e0 4096 x 2160@60Hz.<\/p>","protected":false},"featured_media":24098,"template":"","meta":{"_acf_changed":false,"_seopress_robots_primary_cat":"","_seopress_titles_title":"4K HDMI to Dual HDMI Adapter for laptop, Male to Female","_seopress_titles_desc":"","_seopress_robots_index":"","site-sidebar-layout":"default","site-content-layout":"default","ast-site-content-layout":"default","site-content-style":"default","site-sidebar-style":"default","ast-global-header-display":"","ast-banner-title-visibility":"","ast-main-header-display":"","ast-hfb-above-header-display":"","ast-hfb-below-header-display":"","ast-hfb-mobile-header-display":"","site-post-title":"","ast-breadcrumbs-content":"","ast-featured-img":"","footer-sml-layout":"","ast-disable-related-posts":"","theme-transparent-header-meta":"default","adv-header-id-meta":"","stick-header-meta":"","header-above-stick-meta":"","header-main-stick-meta":"","header-below-stick-meta":"","astra-migrate-meta-layouts":"set","ast-page-background-enabled":"default","ast-page-background-meta":{"desktop":{"background-color":"","background-image":"","background-repeat":"repeat","background-position":"center center","background-size":"auto","background-attachment":"scroll","background-type":"","background-media":"","overlay-type":"","overlay-color":"","overlay-opacity":"","overlay-gradient":""},"tablet":{"background-color":"","background-image":"","background-repeat":"repeat","background-position":"center center","background-size":"auto","background-attachment":"scroll","background-type":"","background-media":"","overlay-type":"","overlay-color":"","overlay-opacity":"","overlay-gradient":""},"mobile":{"background-color":"","background-image":"","background-repeat":"repeat","background-position":"center center","background-size":"auto","background-attachment":"scroll","background-type":"","background-media":"","overlay-type":"","overlay-color":"","overlay-opacity":"","overlay-gradient":""}},"ast-content-background-meta":{"desktop":{"background-color":"var(--ast-global-color-5)","background-image":"","background-repeat":"repeat","background-position":"center center","background-size":"auto","background-attachment":"scroll","background-type":"","background-media":"","overlay-type":"","overlay-color":"","overlay-opacity":"","overlay-gradient":""},"tablet":{"background-color":"var(--ast-global-color-5)","background-image":"","background-repeat":"repeat","background-position":"center center","background-size":"auto","background-attachment":"scroll","background-type":"","background-media":"","overlay-type":"","overlay-color":"","overlay-opacity":"","overlay-gradient":""},"mobile":{"background-color":"var(--ast-global-color-5)","background-image":"","background-repeat":"repeat","background-position":"center center","background-size":"auto","background-attachment":"scroll","background-type":"","background-media":"","overlay-type":"","overlay-color":"","overlay-opacity":"","overlay-gradient":""}},"iawp_total_views":11},"product_brand":[],"product_cat":[211,642],"product_tag":[],"class_list":{"0":"post-24092","1":"product","2":"type-product","3":"status-publish","4":"has-post-thumbnail","6":"product_cat-hdmi","7":"product_cat-hdmi-adapters","8":"desktop-align-left","9":"tablet-align-left","10":"mobile-align-left","12":"first","13":"instock","14":"shipping-taxable","15":"purchasable","16":"product-type-simple"},"acf":[],"_links":{"self":[{"href":"https:\/\/www.fjpremium.com\/fr\/wp-json\/wp\/v2\/product\/24092","targetHints":{"allow":["GET"]}}],"collection":[{"href":"https:\/\/www.fjpremium.com\/fr\/wp-json\/wp\/v2\/product"}],"about":[{"href":"https:\/\/www.fjpremium.com\/fr\/wp-json\/wp\/v2\/types\/product"}],"wp:featuredmedia":[{"embeddable":true,"href":"https:\/\/www.fjpremium.com\/fr\/wp-json\/wp\/v2\/media\/24098"}],"wp:attachment":[{"href":"https:\/\/www.fjpremium.com\/fr\/wp-json\/wp\/v2\/media?parent=24092"}],"wp:term":[{"taxonomy":"product_brand","embeddable":true,"href":"https:\/\/www.fjpremium.com\/fr\/wp-json\/wp\/v2\/product_brand?post=24092"},{"taxonomy":"product_cat","embeddable":true,"href":"https:\/\/www.fjpremium.com\/fr\/wp-json\/wp\/v2\/product_cat?post=24092"},{"taxonomy":"product_tag","embeddable":true,"href":"https:\/\/www.fjpremium.com\/fr\/wp-json\/wp\/v2\/product_tag?post=24092"}],"curies":[{"name":"wp","href":"https:\/\/api.w.org\/{rel}","templated":true}]}}