{"id":24082,"date":"2023-12-08T08:49:25","date_gmt":"2023-12-08T00:49:25","guid":{"rendered":"https:\/\/www.fjpremium.com\/?post_type=product&#038;p=24082"},"modified":"2023-12-14T13:45:46","modified_gmt":"2023-12-14T05:45:46","slug":"4k-hdmi-adapter-ring","status":"publish","type":"product","link":"https:\/\/www.fjpremium.com\/fr\/product\/4k-hdmi-adapter-ring\/","title":{"rendered":"Anneau adaptateur HDMI 4K, combinaison libre selon les besoins"},"content":{"rendered":"<p>L'anneau adaptateur 4K de FARSINCE avec fixation de c\u00e2ble est une solution intelligente pour maintenir tous vos adaptateurs ensemble simplement, proprement et en toute s\u00e9curit\u00e9. Utilisez l'anneau d'adaptation pour \u00e9viter de perdre l'adaptateur.<\/p>\n<p>L'anneau est id\u00e9al pour les salles de conf\u00e9rence, les h\u00f4tels-bureaux et autres lieux similaires o\u00f9 des appareils dot\u00e9s de diff\u00e9rentes technologies de connectivit\u00e9 doivent \u00eatre combin\u00e9s sur le m\u00eame \u00e9cran.<\/p>\n<p>Ses caract\u00e9ristiques :<\/p>\n<ul>\n<li style=\"list-style-type: none;\">\n<ul>\n<li>Connecteur 1 : HDMI A m\u00e2le<\/li>\n<li>Connecteur 1 : HDMI A m\u00e2le<\/li>\n<li>AdaptateurA : HDMI m\u00e2le vers HDMI femelle<\/li>\n<li>Adaptateur B : Mini HDMI m\u00e2le vers HDMI femelle<\/li>\n<li>AdaptateurC : Micro HDMI m\u00e2le vers HDMI femelle<\/li>\n<li>AdaptateurD : DisplayPort m\u00e2le vers HDMI femelle<\/li>\n<li>AdaptateurE : Mini DisplayPort m\u00e2le vers HDMI femelle<\/li>\n<li>AdaptateurF : USB-C m\u00e2le vers HDMI femelle<\/li>\n<li>Contact plaqu\u00e9 or, coque plaqu\u00e9e or<\/li>\n<li>Conducteur du c\u00e2ble : Cuivre nu<\/li>\n<li>Bo\u00eetier : Moule \u00e0 injection<\/li>\n<li>Plug and play, aucun pilote n'est n\u00e9cessaire<\/li>\n<li>Prise en charge compl\u00e8te des formats de signaux num\u00e9riques 720P, 1080iP, 1080P<\/li>\n<li>Conforme : RoHS, REACH<\/li>\n<\/ul>\n<\/li>\n<\/ul>","protected":false},"excerpt":{"rendered":"<p>Anneau adaptateur hdmi 4K haute vitesse, emp\u00eachant efficacement l'adaptateur de se perdre lors de la connexion de l'adaptateur au fil et du verrouillage sur le c\u00e2ble.<\/p>","protected":false},"featured_media":24090,"template":"","meta":{"_acf_changed":false,"_seopress_robots_primary_cat":"","_seopress_titles_title":"4K HDMI Adapter Ring, Free combination as needed","_seopress_titles_desc":"","_seopress_robots_index":"","site-sidebar-layout":"default","site-content-layout":"default","ast-site-content-layout":"default","site-content-style":"default","site-sidebar-style":"default","ast-global-header-display":"","ast-banner-title-visibility":"","ast-main-header-display":"","ast-hfb-above-header-display":"","ast-hfb-below-header-display":"","ast-hfb-mobile-header-display":"","site-post-title":"","ast-breadcrumbs-content":"","ast-featured-img":"","footer-sml-layout":"","ast-disable-related-posts":"","theme-transparent-header-meta":"default","adv-header-id-meta":"","stick-header-meta":"","header-above-stick-meta":"","header-main-stick-meta":"","header-below-stick-meta":"","astra-migrate-meta-layouts":"set","ast-page-background-enabled":"default","ast-page-background-meta":{"desktop":{"background-color":"","background-image":"","background-repeat":"repeat","background-position":"center center","background-size":"auto","background-attachment":"scroll","background-type":"","background-media":"","overlay-type":"","overlay-color":"","overlay-opacity":"","overlay-gradient":""},"tablet":{"background-color":"","background-image":"","background-repeat":"repeat","background-position":"center center","background-size":"auto","background-attachment":"scroll","background-type":"","background-media":"","overlay-type":"","overlay-color":"","overlay-opacity":"","overlay-gradient":""},"mobile":{"background-color":"","background-image":"","background-repeat":"repeat","background-position":"center center","background-size":"auto","background-attachment":"scroll","background-type":"","background-media":"","overlay-type":"","overlay-color":"","overlay-opacity":"","overlay-gradient":""}},"ast-content-background-meta":{"desktop":{"background-color":"var(--ast-global-color-5)","background-image":"","background-repeat":"repeat","background-position":"center center","background-size":"auto","background-attachment":"scroll","background-type":"","background-media":"","overlay-type":"","overlay-color":"","overlay-opacity":"","overlay-gradient":""},"tablet":{"background-color":"var(--ast-global-color-5)","background-image":"","background-repeat":"repeat","background-position":"center center","background-size":"auto","background-attachment":"scroll","background-type":"","background-media":"","overlay-type":"","overlay-color":"","overlay-opacity":"","overlay-gradient":""},"mobile":{"background-color":"var(--ast-global-color-5)","background-image":"","background-repeat":"repeat","background-position":"center center","background-size":"auto","background-attachment":"scroll","background-type":"","background-media":"","overlay-type":"","overlay-color":"","overlay-opacity":"","overlay-gradient":""}},"iawp_total_views":8},"product_brand":[],"product_cat":[211,642],"product_tag":[],"class_list":{"0":"post-24082","1":"product","2":"type-product","3":"status-publish","4":"has-post-thumbnail","6":"product_cat-hdmi","7":"product_cat-hdmi-adapters","8":"desktop-align-left","9":"tablet-align-left","10":"mobile-align-left","12":"first","13":"instock","14":"shipping-taxable","15":"purchasable","16":"product-type-simple"},"acf":[],"_links":{"self":[{"href":"https:\/\/www.fjpremium.com\/fr\/wp-json\/wp\/v2\/product\/24082","targetHints":{"allow":["GET"]}}],"collection":[{"href":"https:\/\/www.fjpremium.com\/fr\/wp-json\/wp\/v2\/product"}],"about":[{"href":"https:\/\/www.fjpremium.com\/fr\/wp-json\/wp\/v2\/types\/product"}],"wp:featuredmedia":[{"embeddable":true,"href":"https:\/\/www.fjpremium.com\/fr\/wp-json\/wp\/v2\/media\/24090"}],"wp:attachment":[{"href":"https:\/\/www.fjpremium.com\/fr\/wp-json\/wp\/v2\/media?parent=24082"}],"wp:term":[{"taxonomy":"product_brand","embeddable":true,"href":"https:\/\/www.fjpremium.com\/fr\/wp-json\/wp\/v2\/product_brand?post=24082"},{"taxonomy":"product_cat","embeddable":true,"href":"https:\/\/www.fjpremium.com\/fr\/wp-json\/wp\/v2\/product_cat?post=24082"},{"taxonomy":"product_tag","embeddable":true,"href":"https:\/\/www.fjpremium.com\/fr\/wp-json\/wp\/v2\/product_tag?post=24082"}],"curies":[{"name":"wp","href":"https:\/\/api.w.org\/{rel}","templated":true}]}}