{"id":24075,"date":"2023-12-07T17:25:59","date_gmt":"2023-12-07T09:25:59","guid":{"rendered":"https:\/\/www.fjpremium.com\/?post_type=product&#038;p=24075"},"modified":"2023-12-14T13:45:47","modified_gmt":"2023-12-14T05:45:47","slug":"hami-to-rca-audio-coupler","status":"publish","type":"product","link":"https:\/\/www.fjpremium.com\/fr\/product\/hami-to-rca-audio-coupler\/","title":{"rendered":"HDMI m\u00e2le vers 3RCA femelle, Coupleur audio HDMI vers RCA"},"content":{"rendered":"<p>FARSINCE Adaptateur audio vid\u00e9o compatible HDMI m\u00e2le vers 3 RCA, coupleur audio HDMI vers RCA Les connecteurs de composants RVB utilisent des fiches plaqu\u00e9es or 24K pour une meilleure transmission du signal. Plug and play, aucun pilote n'est n\u00e9cessaire.<br \/>\nPrise en charge compl\u00e8te des formats de signaux num\u00e9riques 720P, 1080iP et 1080P.<br \/>\nAdaptateur RCA compatible HDMI de haute qualit\u00e9 \u00e0 utiliser avec les t\u00e9l\u00e9viseurs HD, les DVD, les projecteurs, les syst\u00e8mes de cin\u00e9ma maison et tous les autres appareils compatibles HDMI et RCA.<\/p>\n<p>Ses caract\u00e9ristiques :<\/p>\n<ul>\n<li style=\"list-style-type: none;\">\n<ul>\n<li>Connecteur 1 : HDMI A m\u00e2le, plaqu\u00e9 or<\/li>\n<li>Connecteur 1 : 3xRCA femelle, plaqu\u00e9 or<\/li>\n<li>Bo\u00eetier : Moulage plastique<\/li>\n<li>Prise en charge compl\u00e8te des formats de signaux num\u00e9riques 720P, 1080iP, 1080P<\/li>\n<li>Plug and play, aucun pilote n'est n\u00e9cessaire<\/li>\n<li>Conforme : RoHS, REACH<\/li>\n<\/ul>\n<\/li>\n<\/ul>","protected":false},"excerpt":{"rendered":"<p>Coupleur HDMI femelle vers 3RCA femelle Coupleur audio HDMI vers RCA supportant 1080P.<\/p>","protected":false},"featured_media":24077,"template":"","meta":{"_acf_changed":false,"_seopress_robots_primary_cat":"","_seopress_titles_title":"HDMI Male to 3RCA Female, HDMI to RCA Audio Coupler","_seopress_titles_desc":"","_seopress_robots_index":"","site-sidebar-layout":"default","site-content-layout":"default","ast-site-content-layout":"default","site-content-style":"default","site-sidebar-style":"default","ast-global-header-display":"","ast-banner-title-visibility":"","ast-main-header-display":"","ast-hfb-above-header-display":"","ast-hfb-below-header-display":"","ast-hfb-mobile-header-display":"","site-post-title":"","ast-breadcrumbs-content":"","ast-featured-img":"","footer-sml-layout":"","ast-disable-related-posts":"","theme-transparent-header-meta":"default","adv-header-id-meta":"","stick-header-meta":"","header-above-stick-meta":"","header-main-stick-meta":"","header-below-stick-meta":"","astra-migrate-meta-layouts":"set","ast-page-background-enabled":"default","ast-page-background-meta":{"desktop":{"background-color":"","background-image":"","background-repeat":"repeat","background-position":"center center","background-size":"auto","background-attachment":"scroll","background-type":"","background-media":"","overlay-type":"","overlay-color":"","overlay-opacity":"","overlay-gradient":""},"tablet":{"background-color":"","background-image":"","background-repeat":"repeat","background-position":"center center","background-size":"auto","background-attachment":"scroll","background-type":"","background-media":"","overlay-type":"","overlay-color":"","overlay-opacity":"","overlay-gradient":""},"mobile":{"background-color":"","background-image":"","background-repeat":"repeat","background-position":"center center","background-size":"auto","background-attachment":"scroll","background-type":"","background-media":"","overlay-type":"","overlay-color":"","overlay-opacity":"","overlay-gradient":""}},"ast-content-background-meta":{"desktop":{"background-color":"var(--ast-global-color-5)","background-image":"","background-repeat":"repeat","background-position":"center center","background-size":"auto","background-attachment":"scroll","background-type":"","background-media":"","overlay-type":"","overlay-color":"","overlay-opacity":"","overlay-gradient":""},"tablet":{"background-color":"var(--ast-global-color-5)","background-image":"","background-repeat":"repeat","background-position":"center center","background-size":"auto","background-attachment":"scroll","background-type":"","background-media":"","overlay-type":"","overlay-color":"","overlay-opacity":"","overlay-gradient":""},"mobile":{"background-color":"var(--ast-global-color-5)","background-image":"","background-repeat":"repeat","background-position":"center center","background-size":"auto","background-attachment":"scroll","background-type":"","background-media":"","overlay-type":"","overlay-color":"","overlay-opacity":"","overlay-gradient":""}},"iawp_total_views":14},"product_brand":[],"product_cat":[211,642],"product_tag":[],"class_list":{"0":"post-24075","1":"product","2":"type-product","3":"status-publish","4":"has-post-thumbnail","6":"product_cat-hdmi","7":"product_cat-hdmi-adapters","8":"desktop-align-left","9":"tablet-align-left","10":"mobile-align-left","12":"first","13":"instock","14":"shipping-taxable","15":"purchasable","16":"product-type-simple"},"acf":[],"_links":{"self":[{"href":"https:\/\/www.fjpremium.com\/fr\/wp-json\/wp\/v2\/product\/24075","targetHints":{"allow":["GET"]}}],"collection":[{"href":"https:\/\/www.fjpremium.com\/fr\/wp-json\/wp\/v2\/product"}],"about":[{"href":"https:\/\/www.fjpremium.com\/fr\/wp-json\/wp\/v2\/types\/product"}],"wp:featuredmedia":[{"embeddable":true,"href":"https:\/\/www.fjpremium.com\/fr\/wp-json\/wp\/v2\/media\/24077"}],"wp:attachment":[{"href":"https:\/\/www.fjpremium.com\/fr\/wp-json\/wp\/v2\/media?parent=24075"}],"wp:term":[{"taxonomy":"product_brand","embeddable":true,"href":"https:\/\/www.fjpremium.com\/fr\/wp-json\/wp\/v2\/product_brand?post=24075"},{"taxonomy":"product_cat","embeddable":true,"href":"https:\/\/www.fjpremium.com\/fr\/wp-json\/wp\/v2\/product_cat?post=24075"},{"taxonomy":"product_tag","embeddable":true,"href":"https:\/\/www.fjpremium.com\/fr\/wp-json\/wp\/v2\/product_tag?post=24075"}],"curies":[{"name":"wp","href":"https:\/\/api.w.org\/{rel}","templated":true}]}}