{"id":24068,"date":"2023-12-07T17:04:16","date_gmt":"2023-12-07T09:04:16","guid":{"rendered":"https:\/\/www.fjpremium.com\/?post_type=product&#038;p=24068"},"modified":"2023-12-14T13:45:47","modified_gmt":"2023-12-14T05:45:47","slug":"hdmi-female-to-dvi-male-coupler","status":"publish","type":"product","link":"https:\/\/www.fjpremium.com\/fr\/product\/hdmi-female-to-dvi-male-coupler\/","title":{"rendered":"Coupleur HDMI femelle vers DVI m\u00e2le, DVI-I Dual link DVI 24+5"},"content":{"rendered":"<p>Le coupleur HDMI femelle vers DVI m\u00e2le de FARSINCE peut \u00eatre utilis\u00e9 pour connecter des appareils HDMI tels que des \u00e9crans plats, etc. L'adaptateur peut \u00e9galement \u00eatre utilis\u00e9 comme \u00e9conomiseur de port pour prot\u00e9ger l'interface dans les applications o\u00f9 la durabilit\u00e9 des contacts est \u00e9lev\u00e9e.<\/p>\n<p>Cet adaptateur HDMI prend en charge la r\u00e9solution 1920\u00d71080. Veuillez noter que l'audio doit \u00eatre transmis s\u00e9par\u00e9ment.<\/p>\n<p>Ses caract\u00e9ristiques :<\/p>\n<ul>\n<li style=\"list-style-type: none;\">\n<ul>\n<li>Connecteur 1 : HDMI-A 19 broches femelles, plaqu\u00e9 or<\/li>\n<li>Connecteur 2 : DVI-I 24+5 broches femelles, plaqu\u00e9 or<\/li>\n<li>Bo\u00eetier : Moulage plastique<\/li>\n<li>Sp\u00e9cification HDMI haute vitesse avec Ethernet (HEC)<\/li>\n<li>Convertisseur HDMI DVI Prise en charge maximale de la sortie en r\u00e9solution 1920\u00d71080<\/li>\n<li>Conforme : RoHS, REACH<\/li>\n<\/ul>\n<\/li>\n<\/ul>","protected":false},"excerpt":{"rendered":"<p>Coupleur HDMI femelle vers DVI m\u00e2le, DVI-I Dual Link DVI 24+5 prend en charge la r\u00e9solution 1920 \u00d7 1080.<\/p>","protected":false},"featured_media":24073,"template":"","meta":{"_acf_changed":false,"_seopress_robots_primary_cat":"","_seopress_titles_title":"HDMI Female to DVI Male Coupler, DVI-I Dual link DVI 24+5","_seopress_titles_desc":"","_seopress_robots_index":"","site-sidebar-layout":"default","site-content-layout":"default","ast-site-content-layout":"default","site-content-style":"default","site-sidebar-style":"default","ast-global-header-display":"","ast-banner-title-visibility":"","ast-main-header-display":"","ast-hfb-above-header-display":"","ast-hfb-below-header-display":"","ast-hfb-mobile-header-display":"","site-post-title":"","ast-breadcrumbs-content":"","ast-featured-img":"","footer-sml-layout":"","ast-disable-related-posts":"","theme-transparent-header-meta":"default","adv-header-id-meta":"","stick-header-meta":"","header-above-stick-meta":"","header-main-stick-meta":"","header-below-stick-meta":"","astra-migrate-meta-layouts":"set","ast-page-background-enabled":"default","ast-page-background-meta":{"desktop":{"background-color":"","background-image":"","background-repeat":"repeat","background-position":"center center","background-size":"auto","background-attachment":"scroll","background-type":"","background-media":"","overlay-type":"","overlay-color":"","overlay-opacity":"","overlay-gradient":""},"tablet":{"background-color":"","background-image":"","background-repeat":"repeat","background-position":"center center","background-size":"auto","background-attachment":"scroll","background-type":"","background-media":"","overlay-type":"","overlay-color":"","overlay-opacity":"","overlay-gradient":""},"mobile":{"background-color":"","background-image":"","background-repeat":"repeat","background-position":"center center","background-size":"auto","background-attachment":"scroll","background-type":"","background-media":"","overlay-type":"","overlay-color":"","overlay-opacity":"","overlay-gradient":""}},"ast-content-background-meta":{"desktop":{"background-color":"var(--ast-global-color-5)","background-image":"","background-repeat":"repeat","background-position":"center center","background-size":"auto","background-attachment":"scroll","background-type":"","background-media":"","overlay-type":"","overlay-color":"","overlay-opacity":"","overlay-gradient":""},"tablet":{"background-color":"var(--ast-global-color-5)","background-image":"","background-repeat":"repeat","background-position":"center center","background-size":"auto","background-attachment":"scroll","background-type":"","background-media":"","overlay-type":"","overlay-color":"","overlay-opacity":"","overlay-gradient":""},"mobile":{"background-color":"var(--ast-global-color-5)","background-image":"","background-repeat":"repeat","background-position":"center center","background-size":"auto","background-attachment":"scroll","background-type":"","background-media":"","overlay-type":"","overlay-color":"","overlay-opacity":"","overlay-gradient":""}},"iawp_total_views":6},"product_brand":[],"product_cat":[211,642],"product_tag":[],"class_list":{"0":"post-24068","1":"product","2":"type-product","3":"status-publish","4":"has-post-thumbnail","6":"product_cat-hdmi","7":"product_cat-hdmi-adapters","8":"desktop-align-left","9":"tablet-align-left","10":"mobile-align-left","12":"first","13":"instock","14":"shipping-taxable","15":"purchasable","16":"product-type-simple"},"acf":[],"_links":{"self":[{"href":"https:\/\/www.fjpremium.com\/fr\/wp-json\/wp\/v2\/product\/24068","targetHints":{"allow":["GET"]}}],"collection":[{"href":"https:\/\/www.fjpremium.com\/fr\/wp-json\/wp\/v2\/product"}],"about":[{"href":"https:\/\/www.fjpremium.com\/fr\/wp-json\/wp\/v2\/types\/product"}],"wp:featuredmedia":[{"embeddable":true,"href":"https:\/\/www.fjpremium.com\/fr\/wp-json\/wp\/v2\/media\/24073"}],"wp:attachment":[{"href":"https:\/\/www.fjpremium.com\/fr\/wp-json\/wp\/v2\/media?parent=24068"}],"wp:term":[{"taxonomy":"product_brand","embeddable":true,"href":"https:\/\/www.fjpremium.com\/fr\/wp-json\/wp\/v2\/product_brand?post=24068"},{"taxonomy":"product_cat","embeddable":true,"href":"https:\/\/www.fjpremium.com\/fr\/wp-json\/wp\/v2\/product_cat?post=24068"},{"taxonomy":"product_tag","embeddable":true,"href":"https:\/\/www.fjpremium.com\/fr\/wp-json\/wp\/v2\/product_tag?post=24068"}],"curies":[{"name":"wp","href":"https:\/\/api.w.org\/{rel}","templated":true}]}}