{"id":24048,"date":"2023-12-07T16:11:20","date_gmt":"2023-12-07T08:11:20","guid":{"rendered":"https:\/\/www.fjpremium.com\/?post_type=product&#038;p=24048"},"modified":"2023-12-14T13:51:04","modified_gmt":"2023-12-14T05:51:04","slug":"hdmi-type-e-to-20pin-housing-custom-cable","status":"publish","type":"product","link":"https:\/\/www.fjpremium.com\/fr\/product\/hdmi-type-e-to-20pin-housing-custom-cable\/","title":{"rendered":"C\u00e2ble HDMI Type E femelle vers bo\u00eetier 20PIN personnalis\u00e9"},"content":{"rendered":"<p>Le connecteur HDMI FARSINCE de type E de qualit\u00e9 automobile offre une exp\u00e9rience am\u00e9lior\u00e9e pour les syst\u00e8mes d'infotainment de nouvelle g\u00e9n\u00e9ration et les solutions de divertissement multim\u00e9dia HD.<br \/>\nLa sp\u00e9cification HDMI 1.4 r\u00e9pond \u00e0 ce besoin avec un nouveau syst\u00e8me de connexion automobile robuste, sp\u00e9cialement con\u00e7u pour r\u00e9pondre aux exigences de la route tout en fournissant une vid\u00e9o HD v\u00e9ritable \u00e0 un \u00e9cran de si\u00e8ge ou de tableau de bord.<\/p>\n<p>Ses caract\u00e9ristiques :<\/p>\n<ul>\n<li>Connecteur 1 : Bo\u00eetier 20PIN (peut \u00eatre personnalis\u00e9)<\/li>\n<li>Connecteur 2 : HDMI Type E femelle, plaqu\u00e9 or<\/li>\n<li>Conducteur du c\u00e2ble : Cuivre nu<\/li>\n<li>Calibre du fil : 30AWG<\/li>\n<li>Triple blindage : Feuille d'aluminium par paire, feuille d'aluminium globale, tresse<\/li>\n<li>Gaine : PVC<\/li>\n<li>Bo\u00eetier : Moule \u00e0 injection<\/li>\n<li>Taux de transfert de donn\u00e9es jusqu'\u00e0 10,2 Gbps<\/li>\n<li>Prend en charge des r\u00e9solutions allant jusqu'\u00e0 3840\u00d72160 @60Hz<\/li>\n<li>Prise en charge du Dolby\u00ae TrueHD et du DTS-HD Master Audio\u2122<\/li>\n<li>Conforme : RoHS, REACH<\/li>\n<\/ul>","protected":false},"excerpt":{"rendered":"<p>C\u00e2ble HDMI E femelle vers 20PIN, c\u00e2ble audio vid\u00e9o pour v\u00e9hicule. Prend en charge les r\u00e9solutions jusqu'\u00e0 4K@60 Hz.<\/p>","protected":false},"featured_media":24049,"template":"","meta":{"_acf_changed":false,"_seopress_robots_primary_cat":"","_seopress_titles_title":"HDMI Type E female to 20PIN Housing custom Cable- Farsince","_seopress_titles_desc":"","_seopress_robots_index":"","site-sidebar-layout":"default","site-content-layout":"default","ast-site-content-layout":"default","site-content-style":"default","site-sidebar-style":"default","ast-global-header-display":"","ast-banner-title-visibility":"","ast-main-header-display":"","ast-hfb-above-header-display":"","ast-hfb-below-header-display":"","ast-hfb-mobile-header-display":"","site-post-title":"","ast-breadcrumbs-content":"","ast-featured-img":"","footer-sml-layout":"","ast-disable-related-posts":"","theme-transparent-header-meta":"default","adv-header-id-meta":"","stick-header-meta":"","header-above-stick-meta":"","header-main-stick-meta":"","header-below-stick-meta":"","astra-migrate-meta-layouts":"set","ast-page-background-enabled":"default","ast-page-background-meta":{"desktop":{"background-color":"","background-image":"","background-repeat":"repeat","background-position":"center center","background-size":"auto","background-attachment":"scroll","background-type":"","background-media":"","overlay-type":"","overlay-color":"","overlay-opacity":"","overlay-gradient":""},"tablet":{"background-color":"","background-image":"","background-repeat":"repeat","background-position":"center center","background-size":"auto","background-attachment":"scroll","background-type":"","background-media":"","overlay-type":"","overlay-color":"","overlay-opacity":"","overlay-gradient":""},"mobile":{"background-color":"","background-image":"","background-repeat":"repeat","background-position":"center center","background-size":"auto","background-attachment":"scroll","background-type":"","background-media":"","overlay-type":"","overlay-color":"","overlay-opacity":"","overlay-gradient":""}},"ast-content-background-meta":{"desktop":{"background-color":"var(--ast-global-color-5)","background-image":"","background-repeat":"repeat","background-position":"center center","background-size":"auto","background-attachment":"scroll","background-type":"","background-media":"","overlay-type":"","overlay-color":"","overlay-opacity":"","overlay-gradient":""},"tablet":{"background-color":"var(--ast-global-color-5)","background-image":"","background-repeat":"repeat","background-position":"center center","background-size":"auto","background-attachment":"scroll","background-type":"","background-media":"","overlay-type":"","overlay-color":"","overlay-opacity":"","overlay-gradient":""},"mobile":{"background-color":"var(--ast-global-color-5)","background-image":"","background-repeat":"repeat","background-position":"center center","background-size":"auto","background-attachment":"scroll","background-type":"","background-media":"","overlay-type":"","overlay-color":"","overlay-opacity":"","overlay-gradient":""}},"iawp_total_views":12},"product_brand":[],"product_cat":[211,638],"product_tag":[],"class_list":{"0":"post-24048","1":"product","2":"type-product","3":"status-publish","4":"has-post-thumbnail","6":"product_cat-hdmi","7":"product_cat-hdmi-cables","8":"desktop-align-left","9":"tablet-align-left","10":"mobile-align-left","12":"first","13":"instock","14":"shipping-taxable","15":"purchasable","16":"product-type-simple"},"acf":[],"_links":{"self":[{"href":"https:\/\/www.fjpremium.com\/fr\/wp-json\/wp\/v2\/product\/24048","targetHints":{"allow":["GET"]}}],"collection":[{"href":"https:\/\/www.fjpremium.com\/fr\/wp-json\/wp\/v2\/product"}],"about":[{"href":"https:\/\/www.fjpremium.com\/fr\/wp-json\/wp\/v2\/types\/product"}],"wp:featuredmedia":[{"embeddable":true,"href":"https:\/\/www.fjpremium.com\/fr\/wp-json\/wp\/v2\/media\/24049"}],"wp:attachment":[{"href":"https:\/\/www.fjpremium.com\/fr\/wp-json\/wp\/v2\/media?parent=24048"}],"wp:term":[{"taxonomy":"product_brand","embeddable":true,"href":"https:\/\/www.fjpremium.com\/fr\/wp-json\/wp\/v2\/product_brand?post=24048"},{"taxonomy":"product_cat","embeddable":true,"href":"https:\/\/www.fjpremium.com\/fr\/wp-json\/wp\/v2\/product_cat?post=24048"},{"taxonomy":"product_tag","embeddable":true,"href":"https:\/\/www.fjpremium.com\/fr\/wp-json\/wp\/v2\/product_tag?post=24048"}],"curies":[{"name":"wp","href":"https:\/\/api.w.org\/{rel}","templated":true}]}}