{"id":24002,"date":"2023-12-07T13:40:54","date_gmt":"2023-12-07T05:40:54","guid":{"rendered":"https:\/\/www.fjpremium.com\/?post_type=product&#038;p=24002"},"modified":"2023-12-14T13:51:09","modified_gmt":"2023-12-14T05:51:09","slug":"hdmi-to-displayport-active-adapter-cable","status":"publish","type":"product","link":"https:\/\/www.fjpremium.com\/fr\/product\/hdmi-to-displayport-active-adapter-cable\/","title":{"rendered":"C\u00e2ble adaptateur actif HDMI vers Displayport, 1M 2M 3M"},"content":{"rendered":"<p>Le c\u00e2ble adaptateur actif HDMI vers Mini DisplayPort de FARSINCE est une solution id\u00e9ale pour connecter votre appareil HDMI \u00e0 un moniteur, un \u00e9cran ou un projecteur DP \u00e0 l'aide de cet adaptateur vid\u00e9o actif HDMI (m\u00e2le) vers DisplayPort (femelle). Ce convertisseur DP permet aux utilisateurs de connecter un \u00e9cran secondaire \u00e0 leur ordinateur \u00e9quip\u00e9 d'une interface HDMI. Cet adaptateur actif HDMI vers Displayport transmet \u00e9galement un son et une vid\u00e9o de haute qualit\u00e9 avec une r\u00e9solution allant jusqu'\u00e0 4K@60Hz.<\/p>\n<p>Ses caract\u00e9ristiques :<\/p>\n<ul>\n<li>Interface d'entr\u00e9e : HDMI m\u00e2le\/ USB 2.0 A m\u00e2le, plaqu\u00e9 or<\/li>\n<li>Interface de sortie : DisplayPort m\u00e2le, plaqu\u00e9 or<\/li>\n<li>Conducteur du c\u00e2ble : Cuivre nu<\/li>\n<li>Calibre du fil : 30AWG<\/li>\n<li>Chipset : LT6711A<\/li>\n<li>Triple blindage : Feuille d'aluminium par paire, feuille d'aluminium globale, tresse<\/li>\n<li>Gaine : PVC<\/li>\n<li>Bo\u00eetier : Moule en ABS<\/li>\n<li>Prend en charge des r\u00e9solutions allant jusqu'\u00e0 3840\u00d72160 @60Hz<\/li>\n<li>La prise USB int\u00e9gr\u00e9e fournit de l'\u00e9nergie en cas de besoin<\/li>\n<li>Conforme : RoHS, REACH<\/li>\n<\/ul>","protected":false},"excerpt":{"rendered":"<p>adaptateur actif hdmi vers displayport Connectez votre ordinateur, votre carte graphique ou votre console de jeu \u00e9quip\u00e9s de HDMI \u00e0 un moniteur ou un projecteur Mini DisplayPort. Prend en charge les r\u00e9solutions jusqu'\u00e0 4K@60Hz.<\/p>","protected":false},"featured_media":24004,"template":"","meta":{"_acf_changed":false,"_seopress_robots_primary_cat":"","_seopress_titles_title":"HDMI to Displayport Active Adapter Cable, 1M 2M 3M-FARSINCE","_seopress_titles_desc":"","_seopress_robots_index":"","site-sidebar-layout":"default","site-content-layout":"default","ast-site-content-layout":"default","site-content-style":"default","site-sidebar-style":"default","ast-global-header-display":"","ast-banner-title-visibility":"","ast-main-header-display":"","ast-hfb-above-header-display":"","ast-hfb-below-header-display":"","ast-hfb-mobile-header-display":"","site-post-title":"","ast-breadcrumbs-content":"","ast-featured-img":"","footer-sml-layout":"","ast-disable-related-posts":"","theme-transparent-header-meta":"default","adv-header-id-meta":"","stick-header-meta":"","header-above-stick-meta":"","header-main-stick-meta":"","header-below-stick-meta":"","astra-migrate-meta-layouts":"set","ast-page-background-enabled":"default","ast-page-background-meta":{"desktop":{"background-color":"","background-image":"","background-repeat":"repeat","background-position":"center center","background-size":"auto","background-attachment":"scroll","background-type":"","background-media":"","overlay-type":"","overlay-color":"","overlay-opacity":"","overlay-gradient":""},"tablet":{"background-color":"","background-image":"","background-repeat":"repeat","background-position":"center center","background-size":"auto","background-attachment":"scroll","background-type":"","background-media":"","overlay-type":"","overlay-color":"","overlay-opacity":"","overlay-gradient":""},"mobile":{"background-color":"","background-image":"","background-repeat":"repeat","background-position":"center center","background-size":"auto","background-attachment":"scroll","background-type":"","background-media":"","overlay-type":"","overlay-color":"","overlay-opacity":"","overlay-gradient":""}},"ast-content-background-meta":{"desktop":{"background-color":"var(--ast-global-color-5)","background-image":"","background-repeat":"repeat","background-position":"center center","background-size":"auto","background-attachment":"scroll","background-type":"","background-media":"","overlay-type":"","overlay-color":"","overlay-opacity":"","overlay-gradient":""},"tablet":{"background-color":"var(--ast-global-color-5)","background-image":"","background-repeat":"repeat","background-position":"center center","background-size":"auto","background-attachment":"scroll","background-type":"","background-media":"","overlay-type":"","overlay-color":"","overlay-opacity":"","overlay-gradient":""},"mobile":{"background-color":"var(--ast-global-color-5)","background-image":"","background-repeat":"repeat","background-position":"center center","background-size":"auto","background-attachment":"scroll","background-type":"","background-media":"","overlay-type":"","overlay-color":"","overlay-opacity":"","overlay-gradient":""}},"iawp_total_views":8},"product_brand":[],"product_cat":[211,638],"product_tag":[],"class_list":{"0":"post-24002","1":"product","2":"type-product","3":"status-publish","4":"has-post-thumbnail","6":"product_cat-hdmi","7":"product_cat-hdmi-cables","8":"desktop-align-left","9":"tablet-align-left","10":"mobile-align-left","12":"first","13":"instock","14":"shipping-taxable","15":"purchasable","16":"product-type-simple"},"acf":[],"_links":{"self":[{"href":"https:\/\/www.fjpremium.com\/fr\/wp-json\/wp\/v2\/product\/24002","targetHints":{"allow":["GET"]}}],"collection":[{"href":"https:\/\/www.fjpremium.com\/fr\/wp-json\/wp\/v2\/product"}],"about":[{"href":"https:\/\/www.fjpremium.com\/fr\/wp-json\/wp\/v2\/types\/product"}],"wp:featuredmedia":[{"embeddable":true,"href":"https:\/\/www.fjpremium.com\/fr\/wp-json\/wp\/v2\/media\/24004"}],"wp:attachment":[{"href":"https:\/\/www.fjpremium.com\/fr\/wp-json\/wp\/v2\/media?parent=24002"}],"wp:term":[{"taxonomy":"product_brand","embeddable":true,"href":"https:\/\/www.fjpremium.com\/fr\/wp-json\/wp\/v2\/product_brand?post=24002"},{"taxonomy":"product_cat","embeddable":true,"href":"https:\/\/www.fjpremium.com\/fr\/wp-json\/wp\/v2\/product_cat?post=24002"},{"taxonomy":"product_tag","embeddable":true,"href":"https:\/\/www.fjpremium.com\/fr\/wp-json\/wp\/v2\/product_tag?post=24002"}],"curies":[{"name":"wp","href":"https:\/\/api.w.org\/{rel}","templated":true}]}}