{"id":23993,"date":"2023-12-07T11:25:18","date_gmt":"2023-12-07T03:25:18","guid":{"rendered":"https:\/\/www.fjpremium.com\/?post_type=product&#038;p=23993"},"modified":"2023-12-14T13:51:10","modified_gmt":"2023-12-14T05:51:10","slug":"mini-hdmi-to-hdmi-vga-adapter","status":"publish","type":"product","link":"https:\/\/www.fjpremium.com\/fr\/product\/mini-hdmi-to-hdmi-vga-adapter\/","title":{"rendered":"Adaptateur HDMI 2 en 1, Adaptateur Mini HDMI vers HDMI VGA"},"content":{"rendered":"<p>L'adaptateur Mini HDMI vers HDMI VGA de FARSINCE permet de refl\u00e9ter l'\u00e9cran d'un ordinateur portable\/de bureau sur 2 t\u00e9l\u00e9viseurs\/projecteurs\/moniteurs externes via les ports HDMI et VGA m\u00e2les. Vous pouvez obtenir un \u00e9cran et un espace de travail plus grands, un bon choix pour l'analyse de donn\u00e9es, la production vid\u00e9o, l'\u00e9ducation en ligne, le bureau \u00e0 domicile.<\/p>\n<p>Adaptateur HDMI 2 en 1 Prend en charge le mode miroir et une r\u00e9solution haute d\u00e9finition jusqu'\u00e0 4K@30hz (HDMI) et 1920\u00d71080@60 (VGA).<!-- notionvc: d9c15d79-4891-45a8-8a22-7ae2c3a1195d --><\/p>\n<p>Ses caract\u00e9ristiques :<\/p>\n<ul>\n<li>Entr\u00e9e : HDMI-C m\u00e2le haute vitesse, plaqu\u00e9 or<\/li>\n<li>Sortie : VGA 15 broches femelles avec \u00e9crous \u00e0 vis, HDMI femelle, plaqu\u00e9 or<\/li>\n<li>Conducteur du c\u00e2ble : Cuivre nu<\/li>\n<li>Calibre des fils : 32AWG<\/li>\n<li>Longueur du c\u00e2ble : 25cm<\/li>\n<li>Triple blindage : Feuille d'aluminium par paire, feuille d'aluminium globale, tresse<\/li>\n<li>Gaine : PVC<\/li>\n<li>Bo\u00eetier : Coque en ABS<\/li>\n<li>Prise en charge de la sortie vid\u00e9o en VGA : 1920*1080@60Hz (Max), en HDMI 4K@30hz<\/li>\n<li>Comporte une puce IC active int\u00e9gr\u00e9e pour une meilleure compatibilit\u00e9<\/li>\n<li>Conforme : RoHS, REACH<\/li>\n<\/ul>","protected":false},"excerpt":{"rendered":"<p>Adaptateur HDMI 2 en 1, Mini HDMI vers HDMI VGA est pratique pour connecter un \u00e9cran externe et un projecteur \u00e0 un ordinateur portable, un ordinateur, un PC HDMI.<\/p>","protected":false},"featured_media":23994,"template":"","meta":{"_acf_changed":false,"_seopress_robots_primary_cat":"","_seopress_titles_title":"2 in 1 HDMI Adapter, Mini HDMI to HDMI VGA Adapter-FARSINCE","_seopress_titles_desc":"","_seopress_robots_index":"","site-sidebar-layout":"default","site-content-layout":"default","ast-site-content-layout":"default","site-content-style":"default","site-sidebar-style":"default","ast-global-header-display":"","ast-banner-title-visibility":"","ast-main-header-display":"","ast-hfb-above-header-display":"","ast-hfb-below-header-display":"","ast-hfb-mobile-header-display":"","site-post-title":"","ast-breadcrumbs-content":"","ast-featured-img":"","footer-sml-layout":"","ast-disable-related-posts":"","theme-transparent-header-meta":"default","adv-header-id-meta":"","stick-header-meta":"","header-above-stick-meta":"","header-main-stick-meta":"","header-below-stick-meta":"","astra-migrate-meta-layouts":"set","ast-page-background-enabled":"default","ast-page-background-meta":{"desktop":{"background-color":"","background-image":"","background-repeat":"repeat","background-position":"center center","background-size":"auto","background-attachment":"scroll","background-type":"","background-media":"","overlay-type":"","overlay-color":"","overlay-opacity":"","overlay-gradient":""},"tablet":{"background-color":"","background-image":"","background-repeat":"repeat","background-position":"center center","background-size":"auto","background-attachment":"scroll","background-type":"","background-media":"","overlay-type":"","overlay-color":"","overlay-opacity":"","overlay-gradient":""},"mobile":{"background-color":"","background-image":"","background-repeat":"repeat","background-position":"center center","background-size":"auto","background-attachment":"scroll","background-type":"","background-media":"","overlay-type":"","overlay-color":"","overlay-opacity":"","overlay-gradient":""}},"ast-content-background-meta":{"desktop":{"background-color":"var(--ast-global-color-5)","background-image":"","background-repeat":"repeat","background-position":"center center","background-size":"auto","background-attachment":"scroll","background-type":"","background-media":"","overlay-type":"","overlay-color":"","overlay-opacity":"","overlay-gradient":""},"tablet":{"background-color":"var(--ast-global-color-5)","background-image":"","background-repeat":"repeat","background-position":"center center","background-size":"auto","background-attachment":"scroll","background-type":"","background-media":"","overlay-type":"","overlay-color":"","overlay-opacity":"","overlay-gradient":""},"mobile":{"background-color":"var(--ast-global-color-5)","background-image":"","background-repeat":"repeat","background-position":"center center","background-size":"auto","background-attachment":"scroll","background-type":"","background-media":"","overlay-type":"","overlay-color":"","overlay-opacity":"","overlay-gradient":""}},"iawp_total_views":6},"product_brand":[],"product_cat":[460,211,638],"product_tag":[],"class_list":{"0":"post-23993","1":"product","2":"type-product","3":"status-publish","4":"has-post-thumbnail","6":"product_cat-featured-products","7":"product_cat-hdmi","8":"product_cat-hdmi-cables","9":"desktop-align-left","10":"tablet-align-left","11":"mobile-align-left","13":"first","14":"instock","15":"shipping-taxable","16":"purchasable","17":"product-type-simple"},"acf":[],"_links":{"self":[{"href":"https:\/\/www.fjpremium.com\/fr\/wp-json\/wp\/v2\/product\/23993","targetHints":{"allow":["GET"]}}],"collection":[{"href":"https:\/\/www.fjpremium.com\/fr\/wp-json\/wp\/v2\/product"}],"about":[{"href":"https:\/\/www.fjpremium.com\/fr\/wp-json\/wp\/v2\/types\/product"}],"wp:featuredmedia":[{"embeddable":true,"href":"https:\/\/www.fjpremium.com\/fr\/wp-json\/wp\/v2\/media\/23994"}],"wp:attachment":[{"href":"https:\/\/www.fjpremium.com\/fr\/wp-json\/wp\/v2\/media?parent=23993"}],"wp:term":[{"taxonomy":"product_brand","embeddable":true,"href":"https:\/\/www.fjpremium.com\/fr\/wp-json\/wp\/v2\/product_brand?post=23993"},{"taxonomy":"product_cat","embeddable":true,"href":"https:\/\/www.fjpremium.com\/fr\/wp-json\/wp\/v2\/product_cat?post=23993"},{"taxonomy":"product_tag","embeddable":true,"href":"https:\/\/www.fjpremium.com\/fr\/wp-json\/wp\/v2\/product_tag?post=23993"}],"curies":[{"name":"wp","href":"https:\/\/api.w.org\/{rel}","templated":true}]}}