{"id":23972,"date":"2023-12-07T10:27:44","date_gmt":"2023-12-07T02:27:44","guid":{"rendered":"https:\/\/www.fjpremium.com\/?post_type=product&#038;p=23972"},"modified":"2023-12-14T13:51:12","modified_gmt":"2023-12-14T05:51:12","slug":"angle-8k-2-1-hdmi-cable","status":"publish","type":"product","link":"https:\/\/www.fjpremium.com\/fr\/product\/angle-8k-2-1-hdmi-cable\/","title":{"rendered":"Angle 8K 2.1 HDMI Cable, HDMI M\/F Extension Cable"},"content":{"rendered":"<p>Le c\u00e2ble d'extension HDMI Ethernet haute vitesse de FARSINCE est conforme \u00e0 la norme HDMI 2.1 et combine un transfert de donn\u00e9es rapide avec des connexions audio\/vid\u00e9o et Ethernet. Ce c\u00e2ble HDMI Angle 8K 2.1 prolonge votre port HDMI et peut \u00eatre utilis\u00e9 pour connecter des appareils tels qu'un PC ou un lecteur DVD\/Blu-ray \u00e0 un moniteur ou un t\u00e9l\u00e9viseur. Il prend en charge les r\u00e9solutions HD jusqu'\u00e0 7680 x 4320 @ 60 Hz.<\/p>\n<p>Les angles de 90 degr\u00e9s et de 270 degr\u00e9s offrent des possibilit\u00e9s de connexion dans les espaces restreints.<\/p>\n<p><!-- notionvc: 1a43a930-3921-422c-8297-9f19f4840efd --><\/p>\n<p>Ses caract\u00e9ristiques :<\/p>\n<ul>\n<li>Connecteur 1 : HDMI 2.1 m\u00e2le coud\u00e9, plaqu\u00e9 or<\/li>\n<li>Connecteur 2 : HDMI 2.1 femelle, plaqu\u00e9 or<\/li>\n<li>Conducteur du c\u00e2ble : Cuivre sans oxyg\u00e8ne de grande puret\u00e9<\/li>\n<li>Calibre du fil : 28AWG<\/li>\n<li>Triple blindage : Feuille d'aluminium par paire, feuille d'aluminium globale, tresse<\/li>\n<li>Gaine : PVC<\/li>\n<li>Bo\u00eetier : Moule \u00e0 injection<\/li>\n<li>Types d'angles disponibles : gauche, droite, haut, bas<\/li>\n<li>Taux de transfert de donn\u00e9es jusqu'\u00e0 48 Gbps<\/li>\n<li>R\u00e9solution jusqu'\u00e0 : 7680 x 4320 @ 60 Hz \/ 5120 x 2880 @ 120 Hz \/ 3840 x 2160 @ 240 Hz<\/li>\n<li>Prise en charge 3D : jusqu'\u00e0 3840 x 2160 @ 120 Hz<\/li>\n<li>Prise en charge de HDR, HEC, ARC, 3D, Dolby\u00ae TrueHD et DTS-HD Master Audio\u2122<\/li>\n<li>Prise en charge des commandes de contr\u00f4le CEC 2.0<\/li>\n<li>Conforme : RoHS, REACH<\/li>\n<\/ul>","protected":false},"excerpt":{"rendered":"<p>C\u00e2ble HDMI Angle 8K 2.1 \u00c9tendez la connexion HDMI entre votre t\u00e9l\u00e9viseur Ultra 8K (UHD), votre t\u00e9l\u00e9viseur HD, votre moniteur ou votre projecteur et votre appareil source HDMI.<\/p>","protected":false},"featured_media":23973,"template":"","meta":{"_acf_changed":false,"_seopress_robots_primary_cat":"","_seopress_titles_title":"Angle 8K 2.1 HDMI Cable-FARSINCE","_seopress_titles_desc":"Angle 8K 2.1 HDMI Cable Extend the HDMI connection between your Ultra 8K TV (UHD TV), HDTV, Monitor or Projector and HDMI source device.","_seopress_robots_index":"","site-sidebar-layout":"default","site-content-layout":"default","ast-site-content-layout":"default","site-content-style":"default","site-sidebar-style":"default","ast-global-header-display":"","ast-banner-title-visibility":"","ast-main-header-display":"","ast-hfb-above-header-display":"","ast-hfb-below-header-display":"","ast-hfb-mobile-header-display":"","site-post-title":"","ast-breadcrumbs-content":"","ast-featured-img":"","footer-sml-layout":"","ast-disable-related-posts":"","theme-transparent-header-meta":"default","adv-header-id-meta":"","stick-header-meta":"","header-above-stick-meta":"","header-main-stick-meta":"","header-below-stick-meta":"","astra-migrate-meta-layouts":"set","ast-page-background-enabled":"default","ast-page-background-meta":{"desktop":{"background-color":"","background-image":"","background-repeat":"repeat","background-position":"center center","background-size":"auto","background-attachment":"scroll","background-type":"","background-media":"","overlay-type":"","overlay-color":"","overlay-opacity":"","overlay-gradient":""},"tablet":{"background-color":"","background-image":"","background-repeat":"repeat","background-position":"center center","background-size":"auto","background-attachment":"scroll","background-type":"","background-media":"","overlay-type":"","overlay-color":"","overlay-opacity":"","overlay-gradient":""},"mobile":{"background-color":"","background-image":"","background-repeat":"repeat","background-position":"center center","background-size":"auto","background-attachment":"scroll","background-type":"","background-media":"","overlay-type":"","overlay-color":"","overlay-opacity":"","overlay-gradient":""}},"ast-content-background-meta":{"desktop":{"background-color":"var(--ast-global-color-5)","background-image":"","background-repeat":"repeat","background-position":"center center","background-size":"auto","background-attachment":"scroll","background-type":"","background-media":"","overlay-type":"","overlay-color":"","overlay-opacity":"","overlay-gradient":""},"tablet":{"background-color":"var(--ast-global-color-5)","background-image":"","background-repeat":"repeat","background-position":"center center","background-size":"auto","background-attachment":"scroll","background-type":"","background-media":"","overlay-type":"","overlay-color":"","overlay-opacity":"","overlay-gradient":""},"mobile":{"background-color":"var(--ast-global-color-5)","background-image":"","background-repeat":"repeat","background-position":"center center","background-size":"auto","background-attachment":"scroll","background-type":"","background-media":"","overlay-type":"","overlay-color":"","overlay-opacity":"","overlay-gradient":""}},"iawp_total_views":5},"product_brand":[],"product_cat":[211,638],"product_tag":[],"class_list":{"0":"post-23972","1":"product","2":"type-product","3":"status-publish","4":"has-post-thumbnail","6":"product_cat-hdmi","7":"product_cat-hdmi-cables","8":"desktop-align-left","9":"tablet-align-left","10":"mobile-align-left","12":"first","13":"instock","14":"shipping-taxable","15":"purchasable","16":"product-type-simple"},"acf":[],"_links":{"self":[{"href":"https:\/\/www.fjpremium.com\/fr\/wp-json\/wp\/v2\/product\/23972","targetHints":{"allow":["GET"]}}],"collection":[{"href":"https:\/\/www.fjpremium.com\/fr\/wp-json\/wp\/v2\/product"}],"about":[{"href":"https:\/\/www.fjpremium.com\/fr\/wp-json\/wp\/v2\/types\/product"}],"wp:featuredmedia":[{"embeddable":true,"href":"https:\/\/www.fjpremium.com\/fr\/wp-json\/wp\/v2\/media\/23973"}],"wp:attachment":[{"href":"https:\/\/www.fjpremium.com\/fr\/wp-json\/wp\/v2\/media?parent=23972"}],"wp:term":[{"taxonomy":"product_brand","embeddable":true,"href":"https:\/\/www.fjpremium.com\/fr\/wp-json\/wp\/v2\/product_brand?post=23972"},{"taxonomy":"product_cat","embeddable":true,"href":"https:\/\/www.fjpremium.com\/fr\/wp-json\/wp\/v2\/product_cat?post=23972"},{"taxonomy":"product_tag","embeddable":true,"href":"https:\/\/www.fjpremium.com\/fr\/wp-json\/wp\/v2\/product_tag?post=23972"}],"curies":[{"name":"wp","href":"https:\/\/api.w.org\/{rel}","templated":true}]}}