{"id":17961,"date":"2022-01-10T17:18:05","date_gmt":"2022-01-10T09:18:05","guid":{"rendered":"https:\/\/www.fjpremium.com\/?post_type=product&#038;p=17961"},"modified":"2023-12-14T14:00:14","modified_gmt":"2023-12-14T06:00:14","slug":"usb-3-0-to-hdmi-adapter-hd-1080p-video-graphics-converter-cable-adapter-with-audio-output-2","status":"publish","type":"product","link":"https:\/\/www.fjpremium.com\/fr\/product\/usb-3-0-to-hdmi-adapter-hd-1080p-video-graphics-converter-cable-adapter-with-audio-output-2\/","title":{"rendered":"Adaptateur USB 3.0 vers HDMI, adaptateur de c\u00e2ble de conversion vid\u00e9o HD 1080P avec sortie audio"},"content":{"rendered":"<p>Con\u00e7u pour la polyvalence, cet adaptateur de pointe associe l'audio et la vid\u00e9o via un seul c\u00e2ble USB et HDMI, ce qui vous permet de transformer un \u00e9cran d'ordinateur standard en une exp\u00e9rience HDTV immersive.<\/p>\n<p>Vous b\u00e9n\u00e9ficierez d'images graphiques haute d\u00e9finition transparentes transmises \u00e0 votre t\u00e9l\u00e9viseur HD ou \u00e0 vos moniteurs avec une r\u00e9solution allant jusqu'\u00e0 1080P.<\/p>\n<p>Sa compatibilit\u00e9 sup\u00e9rieure avec les syst\u00e8mes Windows et Mac, ainsi que sa r\u00e9trocompatibilit\u00e9 avec l'USB 2.0, font de cet adaptateur un choix sans probl\u00e8me pour tous vos appareils.<\/p>\n<p>Ses caract\u00e9ristiques :<\/p>\n<ul>\n<li>Conducteur du c\u00e2ble : Cuivre nu<\/li>\n<li>Isolation : PE SKIN\/HDPE mouss\u00e9<\/li>\n<li>Calibre des fils : 32AWG<\/li>\n<li>Bo\u00eetier : Moule \u00e0 injection<\/li>\n<li>Puce : FL2000 88P<\/li>\n<li>Gaine : PVC<\/li>\n<li>Diam\u00e8tre ext\u00e9rieur : 4,5\u00b10,2 mm<\/li>\n<li>Conformit\u00e9 : RoHS, REACH<\/li>\n<\/ul>\n<p>En outre, notre adaptateur USB 3.0 vers HDMI garantit une qualit\u00e9 et une fiabilit\u00e9 sans compromis, avec un contact plaqu\u00e9 or et une coque plaqu\u00e9e nickel pour une meilleure connectivit\u00e9.<\/p>\n<p>En r\u00e9sum\u00e9, choisissez-le et lib\u00e9rez le potentiel des besoins de votre entreprise en mati\u00e8re d'affichage num\u00e9rique.<\/p>","protected":false},"excerpt":{"rendered":"<p>Am\u00e9liorez vos besoins num\u00e9riques en gros avec l'adaptateur USB 3.0 vers HDMI de Farsince, qui fournit des graphiques HD par le biais d'un seul c\u00e2ble.<\/p>","protected":false},"featured_media":17962,"template":"","meta":{"_acf_changed":false,"_seopress_robots_primary_cat":"","_seopress_titles_title":"USB 3.0 to HDMI Adapter - 1080P HD Video Converter with Audio for Laptops and PCs - Farsince","_seopress_titles_desc":"Connect your laptop or PC to an HDTV or monitor in full 1080P HD resolution with audio support using this USB 3.0 to HDMI adapter. Backward compatible with USB 2.0. Plug-and-play installation for Windows and Mac OS.","_seopress_robots_index":"","site-sidebar-layout":"default","site-content-layout":"default","ast-site-content-layout":"default","site-content-style":"default","site-sidebar-style":"default","ast-global-header-display":"","ast-banner-title-visibility":"","ast-main-header-display":"","ast-hfb-above-header-display":"","ast-hfb-below-header-display":"","ast-hfb-mobile-header-display":"","site-post-title":"","ast-breadcrumbs-content":"","ast-featured-img":"","footer-sml-layout":"","ast-disable-related-posts":"","theme-transparent-header-meta":"default","adv-header-id-meta":"","stick-header-meta":"","header-above-stick-meta":"","header-main-stick-meta":"","header-below-stick-meta":"","astra-migrate-meta-layouts":"set","ast-page-background-enabled":"default","ast-page-background-meta":{"desktop":{"background-color":"","background-image":"","background-repeat":"repeat","background-position":"center center","background-size":"auto","background-attachment":"scroll","background-type":"","background-media":"","overlay-type":"","overlay-color":"","overlay-opacity":"","overlay-gradient":""},"tablet":{"background-color":"","background-image":"","background-repeat":"repeat","background-position":"center center","background-size":"auto","background-attachment":"scroll","background-type":"","background-media":"","overlay-type":"","overlay-color":"","overlay-opacity":"","overlay-gradient":""},"mobile":{"background-color":"","background-image":"","background-repeat":"repeat","background-position":"center center","background-size":"auto","background-attachment":"scroll","background-type":"","background-media":"","overlay-type":"","overlay-color":"","overlay-opacity":"","overlay-gradient":""}},"ast-content-background-meta":{"desktop":{"background-color":"var(--ast-global-color-5)","background-image":"","background-repeat":"repeat","background-position":"center center","background-size":"auto","background-attachment":"scroll","background-type":"","background-media":"","overlay-type":"","overlay-color":"","overlay-opacity":"","overlay-gradient":""},"tablet":{"background-color":"var(--ast-global-color-5)","background-image":"","background-repeat":"repeat","background-position":"center center","background-size":"auto","background-attachment":"scroll","background-type":"","background-media":"","overlay-type":"","overlay-color":"","overlay-opacity":"","overlay-gradient":""},"mobile":{"background-color":"var(--ast-global-color-5)","background-image":"","background-repeat":"repeat","background-position":"center center","background-size":"auto","background-attachment":"scroll","background-type":"","background-media":"","overlay-type":"","overlay-color":"","overlay-opacity":"","overlay-gradient":""}},"iawp_total_views":8},"product_brand":[],"product_cat":[632,637],"product_tag":[],"class_list":{"0":"post-17961","1":"product","2":"type-product","3":"status-publish","4":"has-post-thumbnail","6":"product_cat-usb","7":"product_cat-usb-converters","8":"desktop-align-left","9":"tablet-align-left","10":"mobile-align-left","12":"first","13":"instock","14":"shipping-taxable","15":"purchasable","16":"product-type-simple"},"acf":[],"_links":{"self":[{"href":"https:\/\/www.fjpremium.com\/fr\/wp-json\/wp\/v2\/product\/17961","targetHints":{"allow":["GET"]}}],"collection":[{"href":"https:\/\/www.fjpremium.com\/fr\/wp-json\/wp\/v2\/product"}],"about":[{"href":"https:\/\/www.fjpremium.com\/fr\/wp-json\/wp\/v2\/types\/product"}],"wp:featuredmedia":[{"embeddable":true,"href":"https:\/\/www.fjpremium.com\/fr\/wp-json\/wp\/v2\/media\/17962"}],"wp:attachment":[{"href":"https:\/\/www.fjpremium.com\/fr\/wp-json\/wp\/v2\/media?parent=17961"}],"wp:term":[{"taxonomy":"product_brand","embeddable":true,"href":"https:\/\/www.fjpremium.com\/fr\/wp-json\/wp\/v2\/product_brand?post=17961"},{"taxonomy":"product_cat","embeddable":true,"href":"https:\/\/www.fjpremium.com\/fr\/wp-json\/wp\/v2\/product_cat?post=17961"},{"taxonomy":"product_tag","embeddable":true,"href":"https:\/\/www.fjpremium.com\/fr\/wp-json\/wp\/v2\/product_tag?post=17961"}],"curies":[{"name":"wp","href":"https:\/\/api.w.org\/{rel}","templated":true}]}}