{"id":17950,"date":"2022-01-10T15:38:02","date_gmt":"2022-01-10T07:38:02","guid":{"rendered":"https:\/\/www.fjpremium.com\/?post_type=product&#038;p=17950"},"modified":"2023-12-14T13:58:47","modified_gmt":"2023-12-14T05:58:47","slug":"usb2-0-a-male-to-a-male-cable","status":"publish","type":"product","link":"https:\/\/www.fjpremium.com\/fr\/product\/usb2-0-a-male-to-a-male-cable\/","title":{"rendered":"C\u00e2ble USB 2.0 A vers A m\u00e2le vers m\u00e2le"},"content":{"rendered":"<p>Notre c\u00e2ble USB 2.0 A vers A est le compagnon id\u00e9al pour vos claviers, souris, modems et autres p\u00e9riph\u00e9riques USB.<\/p>\n<p>Il offre non seulement un taux de transfert remarquable allant jusqu'\u00e0 480 Mbps, mais il garantit \u00e9galement une transition de donn\u00e9es s\u00fbre et sans erreur gr\u00e2ce \u00e0 sa construction unique \u00e0 paires torsad\u00e9es.<\/p>\n<p>Le blindage int\u00e9gr\u00e9 par feuille et tresse offre une immunit\u00e9 solide contre les interf\u00e9rences EMI\/RFI, garantissant des performances sans perturbation.<\/p>\n<p>Dot\u00e9 d'une gaine en PVC flexible et d'un contact plaqu\u00e9 or, ce c\u00e2ble de qualit\u00e9 sup\u00e9rieure allie commodit\u00e9, efficacit\u00e9 et durabilit\u00e9.<\/p>\n<p>Ses caract\u00e9ristiques :<\/p>\n<ul>\n<li>Conducteur du c\u00e2ble : Cuivre nu<\/li>\n<li>Isolation : PE SKIN\/HDPE mouss\u00e9<\/li>\n<li>Calibre du fil : 28\/28AWG<\/li>\n<li>Blindage : 32#\/0.12mm AL-MG tresse<\/li>\n<li>Bo\u00eetier : Moule \u00e0 injection<\/li>\n<li>Puce : N\/M<\/li>\n<li>Diam\u00e8tre ext\u00e9rieur : 4,2\u00b10,2mm<\/li>\n<li>Conformit\u00e9 : RoHS, REACH<\/li>\n<\/ul>\n<p>Dans l'ensemble, soutenu par la garantie de 2 ans de Farsince, faites-en votre choix pour un transfert de donn\u00e9es fiable et \u00e0 grande vitesse. En bref, contactez-nous d\u00e8s aujourd'hui pour l'ajouter \u00e0 votre inventaire.<\/p>","protected":false},"excerpt":{"rendered":"<p>Entrez dans le royaume de la connectivit\u00e9 sans effort avec le c\u00e2ble USB 2.0 A vers A de Farsince, qui garantit des performances optimales avec un taux de transfert impressionnant et une immunit\u00e9 aux interf\u00e9rences EMI\/RFI.<\/p>","protected":false},"featured_media":17952,"template":"","meta":{"_acf_changed":false,"_seopress_robots_primary_cat":"","_seopress_titles_title":"Best USB 2.0 A to A Cable Male to Male - FARSINCE","_seopress_titles_desc":"Step into the realm of effortless connectivity with Farsince USB 2.0 A to A cable, guaranteeing optimal performance with an impressive transfer rate.","_seopress_robots_index":"","site-sidebar-layout":"default","site-content-layout":"default","ast-site-content-layout":"default","site-content-style":"default","site-sidebar-style":"default","ast-global-header-display":"","ast-banner-title-visibility":"","ast-main-header-display":"","ast-hfb-above-header-display":"","ast-hfb-below-header-display":"","ast-hfb-mobile-header-display":"","site-post-title":"","ast-breadcrumbs-content":"","ast-featured-img":"","footer-sml-layout":"","ast-disable-related-posts":"","theme-transparent-header-meta":"default","adv-header-id-meta":"","stick-header-meta":"","header-above-stick-meta":"","header-main-stick-meta":"","header-below-stick-meta":"","astra-migrate-meta-layouts":"set","ast-page-background-enabled":"default","ast-page-background-meta":{"desktop":{"background-color":"","background-image":"","background-repeat":"repeat","background-position":"center center","background-size":"auto","background-attachment":"scroll","background-type":"","background-media":"","overlay-type":"","overlay-color":"","overlay-opacity":"","overlay-gradient":""},"tablet":{"background-color":"","background-image":"","background-repeat":"repeat","background-position":"center center","background-size":"auto","background-attachment":"scroll","background-type":"","background-media":"","overlay-type":"","overlay-color":"","overlay-opacity":"","overlay-gradient":""},"mobile":{"background-color":"","background-image":"","background-repeat":"repeat","background-position":"center center","background-size":"auto","background-attachment":"scroll","background-type":"","background-media":"","overlay-type":"","overlay-color":"","overlay-opacity":"","overlay-gradient":""}},"ast-content-background-meta":{"desktop":{"background-color":"var(--ast-global-color-5)","background-image":"","background-repeat":"repeat","background-position":"center center","background-size":"auto","background-attachment":"scroll","background-type":"","background-media":"","overlay-type":"","overlay-color":"","overlay-opacity":"","overlay-gradient":""},"tablet":{"background-color":"var(--ast-global-color-5)","background-image":"","background-repeat":"repeat","background-position":"center center","background-size":"auto","background-attachment":"scroll","background-type":"","background-media":"","overlay-type":"","overlay-color":"","overlay-opacity":"","overlay-gradient":""},"mobile":{"background-color":"var(--ast-global-color-5)","background-image":"","background-repeat":"repeat","background-position":"center center","background-size":"auto","background-attachment":"scroll","background-type":"","background-media":"","overlay-type":"","overlay-color":"","overlay-opacity":"","overlay-gradient":""}},"iawp_total_views":18},"product_brand":[],"product_cat":[632,636],"product_tag":[],"class_list":{"0":"post-17950","1":"product","2":"type-product","3":"status-publish","4":"has-post-thumbnail","6":"product_cat-usb","7":"product_cat-usb-2-0-cables","8":"desktop-align-left","9":"tablet-align-left","10":"mobile-align-left","12":"first","13":"instock","14":"shipping-taxable","15":"purchasable","16":"product-type-simple"},"acf":[],"_links":{"self":[{"href":"https:\/\/www.fjpremium.com\/fr\/wp-json\/wp\/v2\/product\/17950","targetHints":{"allow":["GET"]}}],"collection":[{"href":"https:\/\/www.fjpremium.com\/fr\/wp-json\/wp\/v2\/product"}],"about":[{"href":"https:\/\/www.fjpremium.com\/fr\/wp-json\/wp\/v2\/types\/product"}],"wp:featuredmedia":[{"embeddable":true,"href":"https:\/\/www.fjpremium.com\/fr\/wp-json\/wp\/v2\/media\/17952"}],"wp:attachment":[{"href":"https:\/\/www.fjpremium.com\/fr\/wp-json\/wp\/v2\/media?parent=17950"}],"wp:term":[{"taxonomy":"product_brand","embeddable":true,"href":"https:\/\/www.fjpremium.com\/fr\/wp-json\/wp\/v2\/product_brand?post=17950"},{"taxonomy":"product_cat","embeddable":true,"href":"https:\/\/www.fjpremium.com\/fr\/wp-json\/wp\/v2\/product_cat?post=17950"},{"taxonomy":"product_tag","embeddable":true,"href":"https:\/\/www.fjpremium.com\/fr\/wp-json\/wp\/v2\/product_tag?post=17950"}],"curies":[{"name":"wp","href":"https:\/\/api.w.org\/{rel}","templated":true}]}}