{"id":17936,"date":"2022-01-06T15:02:44","date_gmt":"2022-01-06T07:02:44","guid":{"rendered":"https:\/\/www.fjpremium.com\/?post_type=product&#038;p=17936"},"modified":"2023-12-14T14:09:48","modified_gmt":"2023-12-14T06:09:48","slug":"braided-usb4-0-cable-8k-40gbps-twist-cable","status":"publish","type":"product","link":"https:\/\/www.fjpremium.com\/fr\/product\/braided-usb4-0-cable-8k-40gbps-twist-cable\/","title":{"rendered":"C\u00e2ble USB 4.0 tress\u00e9, c\u00e2ble torsad\u00e9 8K 40Gbps"},"content":{"rendered":"<p>Compatible avec les ports Thunderbolt 4, 3, USB-C, et m\u00eame r\u00e9trocompatible avec les appareils Thunderbolt 2 et USB 2.0 \u00e0 3.2 Gen 2, ce c\u00e2ble promet une utilisation compl\u00e8te.<\/p>\n<p>Il garantit une connexion robuste entre diff\u00e9rents appareils, qu'il s'agisse des derniers appareils mobiles, ordinateurs portables, eGPU, appareils VR, adaptateurs 10GbE ou stations d'accueil.<\/p>\n<p>Sa capacit\u00e9 de transfert de donn\u00e9es bidirectionnel \u00e0 double canal offre un d\u00e9bit stup\u00e9fiant de 40 Gbps, garantissant une transmission de donn\u00e9es \u00e0 la vitesse de l'\u00e9clair.<\/p>\n<p>Il prend \u00e9galement en charge des r\u00e9solutions d'affichage allant jusqu'\u00e0 7680*4320@60Hz et donne vie \u00e0 votre exp\u00e9rience visuelle.<\/p>\n<p>Le c\u00e2ble prend en charge les protocoles HDR10, HDCP 1.4 et 2, ainsi que les protocoles PCI Express 3.0 et DisplayPort 1.4a, ce qui lui conf\u00e8re une grande utilit\u00e9.<\/p>\n<p>Con\u00e7u avec un conducteur en cuivre torsad\u00e9 et log\u00e9 dans un alliage d'aluminium, il pr\u00e9sente une durabilit\u00e9 exceptionnelle.<\/p>\n<p>Son c\u00e2ble tress\u00e9 et torsad\u00e9 lui conf\u00e8re une solidit\u00e9 accrue, tandis que le contact plaqu\u00e9 or et la coque nickel\u00e9e assurent une connexion stable.<\/p>\n<p>De plus, notre c\u00e2ble USB 4.0 prend en charge l'alimentation \u00e9lectrique USB (USB PD 3.0) jusqu'\u00e0 100 watts (20V\/5A), ce qui en fait une solution de charge efficace.<\/p>\n<p>De plus, il est conforme aux normes RoHS et REACH, ce qui garantit qu'il respecte les normes de s\u00e9curit\u00e9 les plus strictes. Dans l'ensemble, contactez-nous d\u00e8s aujourd'hui et investissez dans ce c\u00e2ble USB 4.0.<\/p>\n<h2>T\u00e9l\u00e9charger :<\/h2>\n<ul>\n<li>T\u00e9l\u00e9charger le <em><strong><span style=\"color: #00569c;\"><a style=\"color: #00569c;\" href=\"https:\/\/www.fjpremium.com\/download\/Spec Sheet_FS16703B U4 cable twist.pdf\" target=\"_blank\" rel=\"noopener\">Fiche technique<\/a><\/span><\/strong><\/em><\/li>\n<\/ul>","protected":false},"excerpt":{"rendered":"<p>Pr\u00e9parez-vous \u00e0 une connectivit\u00e9 de niveau sup\u00e9rieur avec notre c\u00e2ble USB 4.0 tress\u00e9, qui offre un transfert de donn\u00e9es \u00e0 40 Gbps \u00e0 la vitesse de l'\u00e9clair et une prise en charge de l'affichage 8K.<\/p>","protected":false},"featured_media":17946,"template":"","meta":{"_acf_changed":false,"_seopress_robots_primary_cat":"","_seopress_titles_title":"Best Braided USB 4.0 Cable - Farsince","_seopress_titles_desc":"Get ready for next-level connectivity with our braided USB 4.0 cable, which offers lightning-fast 40Gbps data transfer and 8K display support.","_seopress_robots_index":"","site-sidebar-layout":"default","site-content-layout":"default","ast-site-content-layout":"default","site-content-style":"default","site-sidebar-style":"default","ast-global-header-display":"","ast-banner-title-visibility":"","ast-main-header-display":"","ast-hfb-above-header-display":"","ast-hfb-below-header-display":"","ast-hfb-mobile-header-display":"","site-post-title":"","ast-breadcrumbs-content":"","ast-featured-img":"","footer-sml-layout":"","ast-disable-related-posts":"","theme-transparent-header-meta":"default","adv-header-id-meta":"","stick-header-meta":"","header-above-stick-meta":"","header-main-stick-meta":"","header-below-stick-meta":"","astra-migrate-meta-layouts":"set","ast-page-background-enabled":"default","ast-page-background-meta":{"desktop":{"background-color":"","background-image":"","background-repeat":"repeat","background-position":"center center","background-size":"auto","background-attachment":"scroll","background-type":"","background-media":"","overlay-type":"","overlay-color":"","overlay-opacity":"","overlay-gradient":""},"tablet":{"background-color":"","background-image":"","background-repeat":"repeat","background-position":"center center","background-size":"auto","background-attachment":"scroll","background-type":"","background-media":"","overlay-type":"","overlay-color":"","overlay-opacity":"","overlay-gradient":""},"mobile":{"background-color":"","background-image":"","background-repeat":"repeat","background-position":"center center","background-size":"auto","background-attachment":"scroll","background-type":"","background-media":"","overlay-type":"","overlay-color":"","overlay-opacity":"","overlay-gradient":""}},"ast-content-background-meta":{"desktop":{"background-color":"var(--ast-global-color-5)","background-image":"","background-repeat":"repeat","background-position":"center center","background-size":"auto","background-attachment":"scroll","background-type":"","background-media":"","overlay-type":"","overlay-color":"","overlay-opacity":"","overlay-gradient":""},"tablet":{"background-color":"var(--ast-global-color-5)","background-image":"","background-repeat":"repeat","background-position":"center center","background-size":"auto","background-attachment":"scroll","background-type":"","background-media":"","overlay-type":"","overlay-color":"","overlay-opacity":"","overlay-gradient":""},"mobile":{"background-color":"var(--ast-global-color-5)","background-image":"","background-repeat":"repeat","background-position":"center center","background-size":"auto","background-attachment":"scroll","background-type":"","background-media":"","overlay-type":"","overlay-color":"","overlay-opacity":"","overlay-gradient":""}},"iawp_total_views":9},"product_brand":[],"product_cat":[653,634],"product_tag":[],"class_list":{"0":"post-17936","1":"product","2":"type-product","3":"status-publish","4":"has-post-thumbnail","6":"product_cat-usb-c","7":"product_cat-usb4-thunderbolt","8":"desktop-align-left","9":"tablet-align-left","10":"mobile-align-left","12":"first","13":"instock","14":"shipping-taxable","15":"purchasable","16":"product-type-simple"},"acf":[],"_links":{"self":[{"href":"https:\/\/www.fjpremium.com\/fr\/wp-json\/wp\/v2\/product\/17936","targetHints":{"allow":["GET"]}}],"collection":[{"href":"https:\/\/www.fjpremium.com\/fr\/wp-json\/wp\/v2\/product"}],"about":[{"href":"https:\/\/www.fjpremium.com\/fr\/wp-json\/wp\/v2\/types\/product"}],"wp:featuredmedia":[{"embeddable":true,"href":"https:\/\/www.fjpremium.com\/fr\/wp-json\/wp\/v2\/media\/17946"}],"wp:attachment":[{"href":"https:\/\/www.fjpremium.com\/fr\/wp-json\/wp\/v2\/media?parent=17936"}],"wp:term":[{"taxonomy":"product_brand","embeddable":true,"href":"https:\/\/www.fjpremium.com\/fr\/wp-json\/wp\/v2\/product_brand?post=17936"},{"taxonomy":"product_cat","embeddable":true,"href":"https:\/\/www.fjpremium.com\/fr\/wp-json\/wp\/v2\/product_cat?post=17936"},{"taxonomy":"product_tag","embeddable":true,"href":"https:\/\/www.fjpremium.com\/fr\/wp-json\/wp\/v2\/product_tag?post=17936"}],"curies":[{"name":"wp","href":"https:\/\/api.w.org\/{rel}","templated":true}]}}