{"id":17926,"date":"2022-01-06T14:29:22","date_gmt":"2022-01-06T06:29:22","guid":{"rendered":"https:\/\/www.fjpremium.com\/?post_type=product&#038;p=17926"},"modified":"2023-12-14T14:09:54","modified_gmt":"2023-12-14T06:09:54","slug":"usb4-cable-8k-40gbps-coaxial-cable","status":"publish","type":"product","link":"https:\/\/www.fjpremium.com\/fr\/product\/usb4-cable-8k-40gbps-coaxial-cable\/","title":{"rendered":"C\u00e2ble USB 4, c\u00e2ble coaxial 8k 40Gbps"},"content":{"rendered":"<p>Con\u00e7u pour la compatibilit\u00e9, le c\u00e2ble USB 4 se connecte en toute transparence aux appareils dot\u00e9s de ports Thunderbolt 4, 3 et USB-C et est r\u00e9trocompatible avec les appareils Thunderbolt 2 et USB 3.2 Gen 2 vers USB 2.0.<\/p>\n<p>Cette polyvalence permet de connecter des smartphones, des \u00e9crans, des disques SSD externes, des eGPU, des appareils VR, des adaptateurs 10GbE et divers autres appareils via un port USB Type-C ou Thunderbolt 3.<\/p>\n<p>Avec un taux de transfert de donn\u00e9es de 40 Gbps et la prise en charge d'une r\u00e9solution d'affichage allant jusqu'\u00e0 7680*4320@60Hz, vous b\u00e9n\u00e9ficiez d'un flux de donn\u00e9es fluide et rapide et d'images \u00e9clatantes.<\/p>\n<p>Notre c\u00e2ble est \u00e9galement dot\u00e9 d'un transfert de donn\u00e9es bidirectionnel \u00e0 double canal et prend en charge l'USB Power Delivery (USB PD 3.0) jusqu'\u00e0 100 watts, ce qui en fait une solution d'alimentation \u00e9lectrique efficace.<\/p>\n<p>En outre, con\u00e7u pour durer, ce c\u00e2ble comporte huit conducteurs coaxiaux en cuivre \u00e9tam\u00e9, des contacts plaqu\u00e9s or et une coque plaqu\u00e9e nickel.<\/p>\n<p>Le triple blindage assure une protection sup\u00e9rieure, tandis que le bo\u00eetier robuste en alliage d'aluminium ajoute \u00e0 la durabilit\u00e9 du c\u00e2ble.<\/p>\n<p>Conforme aux normes RoHS et REACH, il r\u00e9pond \u00e0 des normes de s\u00e9curit\u00e9 \u00e9lev\u00e9es, ce qui vous garantit un produit fiable et s\u00fbr.<\/p>\n<p>Alors, contactez-nous d\u00e8s aujourd'hui et investissez dans notre c\u00e2ble USB 4.<\/p>\n<h2>T\u00e9l\u00e9charger :<\/h2>\n<ul>\n<li>T\u00e9l\u00e9charger le <a href=\"https:\/\/www.fjpremium.com\/download\/Spec Sheet_FS16703A U4 cable coaxial.pdf\" target=\"_blank\" rel=\"noopener\">Fiche technique<\/a><\/li>\n<\/ul>","protected":false},"excerpt":{"rendered":"<p>Revoyez votre connectivit\u00e9 num\u00e9rique avec ce c\u00e2ble USB 4 de pointe, c\u00e2ble coaxial 8K 40Gbps, \u00e9quip\u00e9 d'un transfert de donn\u00e9es ultra-rapide et d'une compatibilit\u00e9 universelle.<\/p>","protected":false},"featured_media":17934,"template":"","meta":{"_acf_changed":false,"_seopress_robots_primary_cat":"","_seopress_titles_title":"Best USB 4 Cable, 8k 40Gbps Coaxial Cable - FARSINCE","_seopress_titles_desc":"","_seopress_robots_index":"","site-sidebar-layout":"default","site-content-layout":"default","ast-site-content-layout":"default","site-content-style":"default","site-sidebar-style":"default","ast-global-header-display":"","ast-banner-title-visibility":"","ast-main-header-display":"","ast-hfb-above-header-display":"","ast-hfb-below-header-display":"","ast-hfb-mobile-header-display":"","site-post-title":"","ast-breadcrumbs-content":"","ast-featured-img":"","footer-sml-layout":"","ast-disable-related-posts":"","theme-transparent-header-meta":"default","adv-header-id-meta":"","stick-header-meta":"","header-above-stick-meta":"","header-main-stick-meta":"","header-below-stick-meta":"","astra-migrate-meta-layouts":"set","ast-page-background-enabled":"default","ast-page-background-meta":{"desktop":{"background-color":"","background-image":"","background-repeat":"repeat","background-position":"center center","background-size":"auto","background-attachment":"scroll","background-type":"","background-media":"","overlay-type":"","overlay-color":"","overlay-opacity":"","overlay-gradient":""},"tablet":{"background-color":"","background-image":"","background-repeat":"repeat","background-position":"center center","background-size":"auto","background-attachment":"scroll","background-type":"","background-media":"","overlay-type":"","overlay-color":"","overlay-opacity":"","overlay-gradient":""},"mobile":{"background-color":"","background-image":"","background-repeat":"repeat","background-position":"center center","background-size":"auto","background-attachment":"scroll","background-type":"","background-media":"","overlay-type":"","overlay-color":"","overlay-opacity":"","overlay-gradient":""}},"ast-content-background-meta":{"desktop":{"background-color":"var(--ast-global-color-5)","background-image":"","background-repeat":"repeat","background-position":"center center","background-size":"auto","background-attachment":"scroll","background-type":"","background-media":"","overlay-type":"","overlay-color":"","overlay-opacity":"","overlay-gradient":""},"tablet":{"background-color":"var(--ast-global-color-5)","background-image":"","background-repeat":"repeat","background-position":"center center","background-size":"auto","background-attachment":"scroll","background-type":"","background-media":"","overlay-type":"","overlay-color":"","overlay-opacity":"","overlay-gradient":""},"mobile":{"background-color":"var(--ast-global-color-5)","background-image":"","background-repeat":"repeat","background-position":"center center","background-size":"auto","background-attachment":"scroll","background-type":"","background-media":"","overlay-type":"","overlay-color":"","overlay-opacity":"","overlay-gradient":""}},"iawp_total_views":9},"product_brand":[],"product_cat":[653,634],"product_tag":[],"class_list":{"0":"post-17926","1":"product","2":"type-product","3":"status-publish","4":"has-post-thumbnail","6":"product_cat-usb-c","7":"product_cat-usb4-thunderbolt","8":"desktop-align-left","9":"tablet-align-left","10":"mobile-align-left","12":"first","13":"instock","14":"shipping-taxable","15":"purchasable","16":"product-type-simple"},"acf":[],"_links":{"self":[{"href":"https:\/\/www.fjpremium.com\/fr\/wp-json\/wp\/v2\/product\/17926","targetHints":{"allow":["GET"]}}],"collection":[{"href":"https:\/\/www.fjpremium.com\/fr\/wp-json\/wp\/v2\/product"}],"about":[{"href":"https:\/\/www.fjpremium.com\/fr\/wp-json\/wp\/v2\/types\/product"}],"wp:featuredmedia":[{"embeddable":true,"href":"https:\/\/www.fjpremium.com\/fr\/wp-json\/wp\/v2\/media\/17934"}],"wp:attachment":[{"href":"https:\/\/www.fjpremium.com\/fr\/wp-json\/wp\/v2\/media?parent=17926"}],"wp:term":[{"taxonomy":"product_brand","embeddable":true,"href":"https:\/\/www.fjpremium.com\/fr\/wp-json\/wp\/v2\/product_brand?post=17926"},{"taxonomy":"product_cat","embeddable":true,"href":"https:\/\/www.fjpremium.com\/fr\/wp-json\/wp\/v2\/product_cat?post=17926"},{"taxonomy":"product_tag","embeddable":true,"href":"https:\/\/www.fjpremium.com\/fr\/wp-json\/wp\/v2\/product_tag?post=17926"}],"curies":[{"name":"wp","href":"https:\/\/api.w.org\/{rel}","templated":true}]}}