{"id":17847,"date":"2021-12-31T15:19:54","date_gmt":"2021-12-31T07:19:54","guid":{"rendered":"https:\/\/www.fjpremium.com\/?post_type=product&#038;p=17847"},"modified":"2023-12-14T14:10:01","modified_gmt":"2023-12-14T06:10:01","slug":"thunderbolt-3-cable-40gbps","status":"publish","type":"product","link":"https:\/\/www.fjpremium.com\/fr\/product\/thunderbolt-3-cable-40gbps\/","title":{"rendered":"Meilleur c\u00e2ble Thunderbolt 3, 40Gbps"},"content":{"rendered":"<p>Ce meilleur c\u00e2ble Thunderbolt 3, offrant un transfert de donn\u00e9es \u00e0 la vitesse de l'\u00e9clair de 40 Gbps et prenant en charge la charge 20V 5A 100W, apporte \u00e0 vos appareils un nouveau niveau de performance et de flexibilit\u00e9.<\/p>\n<p>Compatible avec les MacBooks Type-C, Dell, iPad Air 4, iPad Pro 2020, Pixel, Hub, SSD externe, eGpu et stations d'accueil USB-C, elle permet de connecter un large \u00e9ventail d'appareils.<\/p>\n<p>Notre c\u00e2ble polyvalent facilite la connexion d'un moniteur DisplayPort 5K ou de deux moniteurs DisplayPort 4K, ainsi que de p\u00e9riph\u00e9riques USB 3.1 Gen 2.<\/p>\n<p>Il int\u00e8gre la technologie de pointe Thunderbolt 3, garantissant un transfert de donn\u00e9es, un streaming vid\u00e9o et une recharge transparents dans un design unique et convivial.<\/p>\n<p>Ses capacit\u00e9s comprennent la prise en charge des donn\u00e9es et de la vid\u00e9o sur un seul c\u00e2ble, le protocole PCI Express 3.0, le protocole DisplayPort 1.2a et la mise en r\u00e9seau Thunderbolt pour une connexion Ethernet de 10 Gb entre les ordinateurs.<\/p>\n<p>De plus, sa construction robuste, ses contacts plaqu\u00e9s or, sa coque nickel\u00e9e, son triple blindage et sa conformit\u00e9 aux normes RoHS et REACH en font un choix fiable pour tous les besoins de connectivit\u00e9 num\u00e9rique.<\/p>\n<p>Ses caract\u00e9ristiques :<\/p>\n<ul>\n<li>Connecteur 1 : Thunderbolt 3 USB Type-C 24 broches m\u00e2le<\/li>\n<li>Connecteur 2 : Thunderbolt 3 USB Type-C 24 broches m\u00e2le<\/li>\n<li>Conducteur du c\u00e2ble : C\u00e2ble coaxial en cuivre \u00e9tam\u00e9<\/li>\n<li>Calibre du fil : 30AWG<\/li>\n<li>Bo\u00eetier : Alliage d'aluminium<\/li>\n<li>Chipset : Cypress E-Marker CYPD2704<\/li>\n<li>Gaine : PVC ou TPE<\/li>\n<li>Diam\u00e8tre ext\u00e9rieur : 4,8\u00b10,2 mm<\/li>\n<\/ul>\n<p>En bref, contactez-nous d\u00e8s aujourd'hui et commandez ce meilleur c\u00e2ble Thunderbolt 3.<\/p>\n<h2>T\u00e9l\u00e9charger :<\/h2>\n<ul>\n<li>T\u00e9l\u00e9charger le <em><span style=\"color: #00569c;\"><strong><a style=\"color: #00569c;\" href=\"https:\/\/www.fjpremium.com\/download\/Spec Sheet_FS16701 TB3 cable.pdf\">Fiche technique<\/a><\/strong><\/span><\/em><\/li>\n<\/ul>","protected":false},"excerpt":{"rendered":"<p>Profitez d'un transfert de donn\u00e9es \u00e0 la vitesse de l'\u00e9clair, d'une r\u00e9solution vid\u00e9o ultra-HD et d'une charge \u00e9lectrique efficace gr\u00e2ce \u00e0 notre meilleur c\u00e2ble Thunderbolt 3.<\/p>","protected":false},"featured_media":17854,"template":"","meta":{"_acf_changed":false,"_seopress_robots_primary_cat":"","_seopress_titles_title":"Best Thunderbolt 3 Cable, 40Gbps - FARSINCE","_seopress_titles_desc":"","_seopress_robots_index":"","site-sidebar-layout":"default","site-content-layout":"default","ast-site-content-layout":"default","site-content-style":"default","site-sidebar-style":"default","ast-global-header-display":"","ast-banner-title-visibility":"","ast-main-header-display":"","ast-hfb-above-header-display":"","ast-hfb-below-header-display":"","ast-hfb-mobile-header-display":"","site-post-title":"","ast-breadcrumbs-content":"","ast-featured-img":"","footer-sml-layout":"","ast-disable-related-posts":"","theme-transparent-header-meta":"default","adv-header-id-meta":"","stick-header-meta":"","header-above-stick-meta":"","header-main-stick-meta":"","header-below-stick-meta":"","astra-migrate-meta-layouts":"set","ast-page-background-enabled":"default","ast-page-background-meta":{"desktop":{"background-color":"","background-image":"","background-repeat":"repeat","background-position":"center center","background-size":"auto","background-attachment":"scroll","background-type":"","background-media":"","overlay-type":"","overlay-color":"","overlay-opacity":"","overlay-gradient":""},"tablet":{"background-color":"","background-image":"","background-repeat":"repeat","background-position":"center center","background-size":"auto","background-attachment":"scroll","background-type":"","background-media":"","overlay-type":"","overlay-color":"","overlay-opacity":"","overlay-gradient":""},"mobile":{"background-color":"","background-image":"","background-repeat":"repeat","background-position":"center center","background-size":"auto","background-attachment":"scroll","background-type":"","background-media":"","overlay-type":"","overlay-color":"","overlay-opacity":"","overlay-gradient":""}},"ast-content-background-meta":{"desktop":{"background-color":"var(--ast-global-color-5)","background-image":"","background-repeat":"repeat","background-position":"center center","background-size":"auto","background-attachment":"scroll","background-type":"","background-media":"","overlay-type":"","overlay-color":"","overlay-opacity":"","overlay-gradient":""},"tablet":{"background-color":"var(--ast-global-color-5)","background-image":"","background-repeat":"repeat","background-position":"center center","background-size":"auto","background-attachment":"scroll","background-type":"","background-media":"","overlay-type":"","overlay-color":"","overlay-opacity":"","overlay-gradient":""},"mobile":{"background-color":"var(--ast-global-color-5)","background-image":"","background-repeat":"repeat","background-position":"center center","background-size":"auto","background-attachment":"scroll","background-type":"","background-media":"","overlay-type":"","overlay-color":"","overlay-opacity":"","overlay-gradient":""}},"iawp_total_views":13},"product_brand":[],"product_cat":[653,634],"product_tag":[],"class_list":{"0":"post-17847","1":"product","2":"type-product","3":"status-publish","4":"has-post-thumbnail","6":"product_cat-usb-c","7":"product_cat-usb4-thunderbolt","8":"desktop-align-left","9":"tablet-align-left","10":"mobile-align-left","12":"first","13":"instock","14":"shipping-taxable","15":"purchasable","16":"product-type-simple"},"acf":[],"_links":{"self":[{"href":"https:\/\/www.fjpremium.com\/fr\/wp-json\/wp\/v2\/product\/17847","targetHints":{"allow":["GET"]}}],"collection":[{"href":"https:\/\/www.fjpremium.com\/fr\/wp-json\/wp\/v2\/product"}],"about":[{"href":"https:\/\/www.fjpremium.com\/fr\/wp-json\/wp\/v2\/types\/product"}],"wp:featuredmedia":[{"embeddable":true,"href":"https:\/\/www.fjpremium.com\/fr\/wp-json\/wp\/v2\/media\/17854"}],"wp:attachment":[{"href":"https:\/\/www.fjpremium.com\/fr\/wp-json\/wp\/v2\/media?parent=17847"}],"wp:term":[{"taxonomy":"product_brand","embeddable":true,"href":"https:\/\/www.fjpremium.com\/fr\/wp-json\/wp\/v2\/product_brand?post=17847"},{"taxonomy":"product_cat","embeddable":true,"href":"https:\/\/www.fjpremium.com\/fr\/wp-json\/wp\/v2\/product_cat?post=17847"},{"taxonomy":"product_tag","embeddable":true,"href":"https:\/\/www.fjpremium.com\/fr\/wp-json\/wp\/v2\/product_tag?post=17847"}],"curies":[{"name":"wp","href":"https:\/\/api.w.org\/{rel}","templated":true}]}}