{"id":17727,"date":"2021-03-11T10:54:07","date_gmt":"2021-03-11T02:54:07","guid":{"rendered":"https:\/\/www.fjpremium.com\/?post_type=product&#038;p=17727"},"modified":"2023-05-24T14:38:02","modified_gmt":"2023-05-24T06:38:02","slug":"2-in-1-apple-lightning-to-3-5mm-headphone-audio-charger-adapter","status":"publish","type":"product","link":"https:\/\/www.fjpremium.com\/fr\/product\/2-in-1-apple-lightning-to-3-5mm-headphone-audio-charger-adapter\/","title":{"rendered":"Adaptateur 2 en 1 pour chargeur de casque Apple Lightning vers 3,5 mm"},"content":{"rendered":"<p>Cet adaptateur de chargeur de casque facilite l'utilisation de vos \u00e9couteurs 3,5 mm existants avec diff\u00e9rents mod\u00e8les d'iPhone, notamment les iPhone 12 series, 11 series, XS, XR, X, 8, 7 et 6 Plus.<\/p>\n<p>Il est \u00e9galement compatible avec les iPod Touch de 6e g\u00e9n\u00e9ration, les iPad Mini, les iPad Air et les iPad Pro dot\u00e9s d'un connecteur Lightning.<\/p>\n<p>Veuillez noter qu'il est incompatible avec les mod\u00e8les 2018 iPad Pro 11\u2033 \/ 12,9\u2033 dot\u00e9s d'une interface USB-C.<\/p>\n<p>Dot\u00e9 d'un port audio + charge 2 en 1, notre adaptateur pour chargeur de casque vous permet d'\u00e9couter de la musique tout en chargeant votre appareil.<\/p>\n<p>Cette polyvalence s'\u00e9tend \u00e0 l'utilisation audio domestique et automobile, ce qui en fait l'adaptateur id\u00e9al pour tous vos besoins.<\/p>\n<p>L'adaptateur est \u00e9quip\u00e9 du chipset original C100 ou C101, prenant en charge \u00e0 la fois les \u00e9couteurs et le micro pour les appels t\u00e9l\u00e9phoniques.<\/p>\n<p>Il b\u00e9n\u00e9ficie d'un taux d'\u00e9chantillonnage allant jusqu'\u00e0 48 kHz et filtre les bruits, garantissant ainsi une exp\u00e9rience audio claire et de haute qualit\u00e9.<\/p>\n<p>La gaine en PVC flexible et durable permet une utilisation \u00e0 long terme.<\/p>\n<p>En outre, notre adaptateur est dot\u00e9 d'un connecteur m\u00e2le Lightning \u00e0 8 broches, d'un connecteur audio st\u00e9r\u00e9o femelle de 3,5 mm et d'un connecteur femelle Lightning pour la recharge.<\/p>\n<p>Les contacts et les coques plaqu\u00e9s or am\u00e9liorent la durabilit\u00e9 et r\u00e9sistent \u00e0 la corrosion.<\/p>\n<p>Le conducteur du c\u00e2ble est un fil laqu\u00e9 log\u00e9 dans un bo\u00eetier en ABS ou en aluminium.<\/p>\n<p>Son diam\u00e8tre ext\u00e9rieur est de 3,2 mm. En outre, il est conforme aux normes RoHS et REACH, ce qui souligne notre engagement en faveur de produits s\u00fbrs et respectueux de l'environnement.<\/p>\n<p>Dans l'ensemble, cet adaptateur de chargeur de casque 2 en 1 Apple Lightning vers 3,5 mm est un accessoire essentiel pour vos appareils Apple.<\/p>\n<p>Il s'agit d'un adaptateur pour chargeur de casque, qui assure une int\u00e9gration transparente des fonctions de charge et audio dans un bo\u00eetier \u00e9l\u00e9gant et durable.<\/p>\n<h2>T\u00e9l\u00e9charger :<\/h2>\n<ul>\n<li>Fiche technique de l'adaptateur audio Apple Lightning vers prise casque femelle 3,5 mm<\/li>\n<\/ul>\n<h2>Informations sur la commande :<\/h2>\n<ul>\n<li>FS18503A : 8CM Apple original style ABS shell<\/li>\n<li>FS18503B : C\u00e2ble tress\u00e9 de 8CM avec coque m\u00e9tallique<\/li>\n<\/ul>","protected":false},"excerpt":{"rendered":"<p>Am\u00e9liorez votre exp\u00e9rience audio et de charge avec notre adaptateur de chargeur de casque 2 en 1 Lightning vers 3,5 mm, sp\u00e9cialement con\u00e7u pour les appareils Apple.<\/p>","protected":false},"featured_media":17729,"template":"","meta":{"_acf_changed":false,"_seopress_robots_primary_cat":"","_seopress_titles_title":"Headphone Charger Adapter - Farsince","_seopress_titles_desc":"","_seopress_robots_index":"","site-sidebar-layout":"default","site-content-layout":"default","ast-site-content-layout":"default","site-content-style":"default","site-sidebar-style":"default","ast-global-header-display":"","ast-banner-title-visibility":"","ast-main-header-display":"","ast-hfb-above-header-display":"","ast-hfb-below-header-display":"","ast-hfb-mobile-header-display":"","site-post-title":"","ast-breadcrumbs-content":"","ast-featured-img":"","footer-sml-layout":"","ast-disable-related-posts":"","theme-transparent-header-meta":"default","adv-header-id-meta":"","stick-header-meta":"","header-above-stick-meta":"","header-main-stick-meta":"","header-below-stick-meta":"","astra-migrate-meta-layouts":"default","ast-page-background-enabled":"default","ast-page-background-meta":{"desktop":{"background-color":"","background-image":"","background-repeat":"repeat","background-position":"center center","background-size":"auto","background-attachment":"scroll","background-type":"","background-media":"","overlay-type":"","overlay-color":"","overlay-opacity":"","overlay-gradient":""},"tablet":{"background-color":"","background-image":"","background-repeat":"repeat","background-position":"center center","background-size":"auto","background-attachment":"scroll","background-type":"","background-media":"","overlay-type":"","overlay-color":"","overlay-opacity":"","overlay-gradient":""},"mobile":{"background-color":"","background-image":"","background-repeat":"repeat","background-position":"center center","background-size":"auto","background-attachment":"scroll","background-type":"","background-media":"","overlay-type":"","overlay-color":"","overlay-opacity":"","overlay-gradient":""}},"ast-content-background-meta":{"desktop":{"background-color":"var(--ast-global-color-5)","background-image":"","background-repeat":"repeat","background-position":"center center","background-size":"auto","background-attachment":"scroll","background-type":"","background-media":"","overlay-type":"","overlay-color":"","overlay-opacity":"","overlay-gradient":""},"tablet":{"background-color":"var(--ast-global-color-5)","background-image":"","background-repeat":"repeat","background-position":"center center","background-size":"auto","background-attachment":"scroll","background-type":"","background-media":"","overlay-type":"","overlay-color":"","overlay-opacity":"","overlay-gradient":""},"mobile":{"background-color":"var(--ast-global-color-5)","background-image":"","background-repeat":"repeat","background-position":"center center","background-size":"auto","background-attachment":"scroll","background-type":"","background-media":"","overlay-type":"","overlay-color":"","overlay-opacity":"","overlay-gradient":""}},"iawp_total_views":3},"product_brand":[],"product_cat":[219],"product_tag":[],"class_list":{"0":"post-17727","1":"product","2":"type-product","3":"status-publish","4":"has-post-thumbnail","6":"product_cat-audio-video","7":"desktop-align-left","8":"tablet-align-left","9":"mobile-align-left","11":"first","12":"instock","13":"shipping-taxable","14":"purchasable","15":"product-type-simple"},"acf":[],"_links":{"self":[{"href":"https:\/\/www.fjpremium.com\/fr\/wp-json\/wp\/v2\/product\/17727","targetHints":{"allow":["GET"]}}],"collection":[{"href":"https:\/\/www.fjpremium.com\/fr\/wp-json\/wp\/v2\/product"}],"about":[{"href":"https:\/\/www.fjpremium.com\/fr\/wp-json\/wp\/v2\/types\/product"}],"wp:featuredmedia":[{"embeddable":true,"href":"https:\/\/www.fjpremium.com\/fr\/wp-json\/wp\/v2\/media\/17729"}],"wp:attachment":[{"href":"https:\/\/www.fjpremium.com\/fr\/wp-json\/wp\/v2\/media?parent=17727"}],"wp:term":[{"taxonomy":"product_brand","embeddable":true,"href":"https:\/\/www.fjpremium.com\/fr\/wp-json\/wp\/v2\/product_brand?post=17727"},{"taxonomy":"product_cat","embeddable":true,"href":"https:\/\/www.fjpremium.com\/fr\/wp-json\/wp\/v2\/product_cat?post=17727"},{"taxonomy":"product_tag","embeddable":true,"href":"https:\/\/www.fjpremium.com\/fr\/wp-json\/wp\/v2\/product_tag?post=17727"}],"curies":[{"name":"wp","href":"https:\/\/api.w.org\/{rel}","templated":true}]}}