{"id":17709,"date":"2021-03-11T10:48:59","date_gmt":"2021-03-11T02:48:59","guid":{"rendered":"https:\/\/www.fjpremium.com\/?post_type=product&#038;p=17709"},"modified":"2023-05-24T14:44:14","modified_gmt":"2023-05-24T06:44:14","slug":"apple-lightning-to-3-5mm-female-headphone-jack-audio-adapter","status":"publish","type":"product","link":"https:\/\/www.fjpremium.com\/fr\/product\/apple-lightning-to-3-5mm-female-headphone-jack-audio-adapter\/","title":{"rendered":"Adaptateur pour casque d'\u00e9coute Apple Lightning vers 3,5 mm femelle"},"content":{"rendered":"<p>Cet adaptateur de prise casque vous permet d'utiliser vos \u00e9couteurs 3,5 mm existants avec diff\u00e9rents mod\u00e8les d'iPhone, de l'iPhone 12\/12 Mini\/12 Pro\/12 Pro Max \u00e0 l'iPhone 11 series, XS, XR, X, 8, 7 et 6 Plus.<\/p>\n<p>Il est \u00e9galement compatible avec l'iPod Touch 6\u00e8me g\u00e9n\u00e9ration, l'iPad Mini, l'iPad Air et l'iPad Pro.<\/p>\n<p>En revanche, elle ne convient pas aux mod\u00e8les 2018 iPad Pro 11\u2033 \/ 12,9\u2033, qui disposent d'une interface USB-C.<\/p>\n<p>\u00c9quip\u00e9 du chipset avanc\u00e9 C100 ou C101, notre adaptateur pour prise casque prend en charge les fonctions casque et micro.<\/p>\n<p>Il est dot\u00e9 d'une technologie avanc\u00e9e de r\u00e9duction du bruit et prend en charge une sortie audio jusqu'\u00e0 48 kHz, 26 bits.<\/p>\n<p>Vous b\u00e9n\u00e9ficiez ainsi d'une qualit\u00e9 sonore parfaite pour une exp\u00e9rience audio immersive.<\/p>\n<p>Outre l'\u00e9coute de la musique, il prend \u00e9galement en charge les fonctions de contr\u00f4le des fils, telles que le microphone, le r\u00e9glage du volume, les fonctions de pause et de lecture.<\/p>\n<p>La fonctionnalit\u00e9 \"plug-and-play\" vous permet de l'utiliser sans avoir \u00e0 modifier les param\u00e8tres.<\/p>\n<p>De plus, l'adaptateur est dot\u00e9 d'un connecteur m\u00e2le Lightning \u00e0 8 broches et d'un connecteur femelle audio st\u00e9r\u00e9o de 3,5 mm.<\/p>\n<p>Les contacts et la coque sont plaqu\u00e9s or pour r\u00e9sister \u00e0 la corrosion et garantir la long\u00e9vit\u00e9.<\/p>\n<p>Le conducteur du c\u00e2ble est fait de fil laqu\u00e9, avec un bo\u00eetier en ABS ou en aluminium.<\/p>\n<p>La gaine TPE est flexible et durable, ce qui permet au c\u00e2ble de r\u00e9sister \u00e0 une utilisation \u00e0 long terme. Son diam\u00e8tre ext\u00e9rieur est de 3,2 mm.<\/p>\n<p>Conforme aux normes RoHS et REACH, cet adaptateur jack pour casque d'\u00e9coute refl\u00e8te notre engagement \u00e0 fabriquer des produits respectueux de l'environnement.<\/p>\n<p>Dans l'ensemble, notre adaptateur est un excellent accessoire pour votre appareil Apple, offrant une qualit\u00e9 sonore sup\u00e9rieure, une polyvalence et une durabilit\u00e9.<\/p>\n<h2>T\u00e9l\u00e9charger :<\/h2>\n<ul>\n<li>Fiche technique de l'adaptateur audio Apple Lightning vers prise casque femelle 3,5 mm<\/li>\n<\/ul>\n<h2>Informations sur la commande :<\/h2>\n<ul>\n<li>FS18501A : 8CM Apple original style ABS shell<\/li>\n<li>FS18501b : C\u00e2ble tress\u00e9 de 8CM avec coque m\u00e9tallique<\/li>\n<\/ul>","protected":false},"excerpt":{"rendered":"<p>Am\u00e9liorez votre exp\u00e9rience audio gr\u00e2ce \u00e0 notre adaptateur jack pour casque, un accessoire polyvalent con\u00e7u pour tous les appareils Apple \u00e9quip\u00e9s d'un connecteur Lightning.<\/p>","protected":false},"featured_media":17712,"template":"","meta":{"_acf_changed":false,"_seopress_robots_primary_cat":"","_seopress_titles_title":"Headphone Jack Adapter - Farsince","_seopress_titles_desc":"","_seopress_robots_index":"","site-sidebar-layout":"default","site-content-layout":"default","ast-site-content-layout":"default","site-content-style":"default","site-sidebar-style":"default","ast-global-header-display":"","ast-banner-title-visibility":"","ast-main-header-display":"","ast-hfb-above-header-display":"","ast-hfb-below-header-display":"","ast-hfb-mobile-header-display":"","site-post-title":"","ast-breadcrumbs-content":"","ast-featured-img":"","footer-sml-layout":"","ast-disable-related-posts":"","theme-transparent-header-meta":"default","adv-header-id-meta":"","stick-header-meta":"","header-above-stick-meta":"","header-main-stick-meta":"","header-below-stick-meta":"","astra-migrate-meta-layouts":"default","ast-page-background-enabled":"default","ast-page-background-meta":{"desktop":{"background-color":"","background-image":"","background-repeat":"repeat","background-position":"center center","background-size":"auto","background-attachment":"scroll","background-type":"","background-media":"","overlay-type":"","overlay-color":"","overlay-opacity":"","overlay-gradient":""},"tablet":{"background-color":"","background-image":"","background-repeat":"repeat","background-position":"center center","background-size":"auto","background-attachment":"scroll","background-type":"","background-media":"","overlay-type":"","overlay-color":"","overlay-opacity":"","overlay-gradient":""},"mobile":{"background-color":"","background-image":"","background-repeat":"repeat","background-position":"center center","background-size":"auto","background-attachment":"scroll","background-type":"","background-media":"","overlay-type":"","overlay-color":"","overlay-opacity":"","overlay-gradient":""}},"ast-content-background-meta":{"desktop":{"background-color":"var(--ast-global-color-5)","background-image":"","background-repeat":"repeat","background-position":"center center","background-size":"auto","background-attachment":"scroll","background-type":"","background-media":"","overlay-type":"","overlay-color":"","overlay-opacity":"","overlay-gradient":""},"tablet":{"background-color":"var(--ast-global-color-5)","background-image":"","background-repeat":"repeat","background-position":"center center","background-size":"auto","background-attachment":"scroll","background-type":"","background-media":"","overlay-type":"","overlay-color":"","overlay-opacity":"","overlay-gradient":""},"mobile":{"background-color":"var(--ast-global-color-5)","background-image":"","background-repeat":"repeat","background-position":"center center","background-size":"auto","background-attachment":"scroll","background-type":"","background-media":"","overlay-type":"","overlay-color":"","overlay-opacity":"","overlay-gradient":""}},"iawp_total_views":3},"product_brand":[],"product_cat":[219],"product_tag":[],"class_list":{"0":"post-17709","1":"product","2":"type-product","3":"status-publish","4":"has-post-thumbnail","6":"product_cat-audio-video","7":"desktop-align-left","8":"tablet-align-left","9":"mobile-align-left","11":"first","12":"instock","13":"shipping-taxable","14":"purchasable","15":"product-type-simple"},"acf":[],"_links":{"self":[{"href":"https:\/\/www.fjpremium.com\/fr\/wp-json\/wp\/v2\/product\/17709","targetHints":{"allow":["GET"]}}],"collection":[{"href":"https:\/\/www.fjpremium.com\/fr\/wp-json\/wp\/v2\/product"}],"about":[{"href":"https:\/\/www.fjpremium.com\/fr\/wp-json\/wp\/v2\/types\/product"}],"wp:featuredmedia":[{"embeddable":true,"href":"https:\/\/www.fjpremium.com\/fr\/wp-json\/wp\/v2\/media\/17712"}],"wp:attachment":[{"href":"https:\/\/www.fjpremium.com\/fr\/wp-json\/wp\/v2\/media?parent=17709"}],"wp:term":[{"taxonomy":"product_brand","embeddable":true,"href":"https:\/\/www.fjpremium.com\/fr\/wp-json\/wp\/v2\/product_brand?post=17709"},{"taxonomy":"product_cat","embeddable":true,"href":"https:\/\/www.fjpremium.com\/fr\/wp-json\/wp\/v2\/product_cat?post=17709"},{"taxonomy":"product_tag","embeddable":true,"href":"https:\/\/www.fjpremium.com\/fr\/wp-json\/wp\/v2\/product_tag?post=17709"}],"curies":[{"name":"wp","href":"https:\/\/api.w.org\/{rel}","templated":true}]}}