{"id":17698,"date":"2021-03-11T10:45:43","date_gmt":"2021-03-11T02:45:43","guid":{"rendered":"https:\/\/www.fjpremium.com\/?post_type=product&#038;p=17698"},"modified":"2023-05-24T15:02:34","modified_gmt":"2023-05-24T07:02:34","slug":"3rca-male-to-3rca-male-audio-video-composite-cable","status":"publish","type":"product","link":"https:\/\/www.fjpremium.com\/fr\/product\/3rca-male-to-3rca-male-audio-video-composite-cable\/","title":{"rendered":"C\u00e2ble audio vid\u00e9o composite 3RCA m\u00e2le vers 3RCA m\u00e2le"},"content":{"rendered":"<p>Que ce soit pour connecter votre magn\u00e9toscope, votre d\u00e9codeur, votre lecteur DVD ou d'autres appareils \u00e0 un t\u00e9l\u00e9viseur, un r\u00e9cepteur AV, un amplificateur, un projecteur, une radio ou tout autre \u00e9quipement dot\u00e9 de bornes RCA, ce c\u00e2ble composite audio-vid\u00e9o est un excellent choix.<\/p>\n<p>Il est con\u00e7u pour transmettre des signaux audio et vid\u00e9o basse fr\u00e9quence avec une grande fid\u00e9lit\u00e9.<\/p>\n<p>La construction du c\u00e2ble composite audio-vid\u00e9o est digne d'\u00e9loges, avec une gaine et un moulage en PVC souple pour une flexibilit\u00e9 et une durabilit\u00e9 accrues.<\/p>\n<p>Les connecteurs plaqu\u00e9s or et les conducteurs en cuivre nu garantissent des performances sup\u00e9rieures et une transmission audio sans perte.<\/p>\n<p>Ce c\u00e2ble vid\u00e9o composite est dot\u00e9 de connexions 3RCA m\u00e2le \u00e0 3RCA m\u00e2le, comprenant un c\u00e2ble vid\u00e9o composite RCA (RG59) et un c\u00e2ble audio st\u00e9r\u00e9o 2RCA (gauche et droite).<\/p>\n<p>En termes de sp\u00e9cifications, il est \u00e9quip\u00e9 de connecteurs RCA m\u00e2les x 3 aux deux extr\u00e9mit\u00e9s, de contacts et de coques plaqu\u00e9s or et d'un conducteur CCS.<\/p>\n<p>Il utilise un fil de calibre 28AWG et est log\u00e9 dans un moule d'injection, ce qui promet une grande durabilit\u00e9.<\/p>\n<p>Il est \u00e9galement dot\u00e9 d'une isolation en mousse de poly\u00e9thyl\u00e8ne (PF) d'un diam\u00e8tre ext\u00e9rieur de 2,6\u00d77,8 mm.<\/p>\n<p>Par cons\u00e9quent, conforme aux normes RoHS et REACH, notre c\u00e2ble est votre meilleur choix pour une connectivit\u00e9 audio et vid\u00e9o fiable et de haute qualit\u00e9.<\/p>\n<h2>T\u00e9l\u00e9charger :<\/h2>\n<ul>\n<li>Fiche technique du c\u00e2ble composite audio vid\u00e9o 3RCA m\u00e2le vers 3RCA m\u00e2le<\/li>\n<\/ul>\n<h2>Informations sur la commande :<\/h2>\n<ul>\n<li>FS18103-010 : 1.0M<\/li>\n<li>FS18103-018 : 1.8M<\/li>\n<li>FS18103-030 : 3.0M<\/li>\n<li>FS18103-050 : 5.0M<\/li>\n<\/ul>","protected":false},"excerpt":{"rendered":"<p>Profitez de la transmission audio et vid\u00e9o gr\u00e2ce \u00e0 notre c\u00e2ble composite audio-vid\u00e9o qui simplifie vos besoins de connexion tout en maintenant une qualit\u00e9 de signal \u00e9lev\u00e9e.<\/p>","protected":false},"featured_media":17701,"template":"","meta":{"_acf_changed":false,"_seopress_robots_primary_cat":"","_seopress_titles_title":"Audio Video Composite Cable - Farsince","_seopress_titles_desc":"","_seopress_robots_index":"","site-sidebar-layout":"default","site-content-layout":"default","ast-site-content-layout":"default","site-content-style":"default","site-sidebar-style":"default","ast-global-header-display":"","ast-banner-title-visibility":"","ast-main-header-display":"","ast-hfb-above-header-display":"","ast-hfb-below-header-display":"","ast-hfb-mobile-header-display":"","site-post-title":"","ast-breadcrumbs-content":"","ast-featured-img":"","footer-sml-layout":"","ast-disable-related-posts":"","theme-transparent-header-meta":"default","adv-header-id-meta":"","stick-header-meta":"","header-above-stick-meta":"","header-main-stick-meta":"","header-below-stick-meta":"","astra-migrate-meta-layouts":"default","ast-page-background-enabled":"default","ast-page-background-meta":{"desktop":{"background-color":"","background-image":"","background-repeat":"repeat","background-position":"center center","background-size":"auto","background-attachment":"scroll","background-type":"","background-media":"","overlay-type":"","overlay-color":"","overlay-opacity":"","overlay-gradient":""},"tablet":{"background-color":"","background-image":"","background-repeat":"repeat","background-position":"center center","background-size":"auto","background-attachment":"scroll","background-type":"","background-media":"","overlay-type":"","overlay-color":"","overlay-opacity":"","overlay-gradient":""},"mobile":{"background-color":"","background-image":"","background-repeat":"repeat","background-position":"center center","background-size":"auto","background-attachment":"scroll","background-type":"","background-media":"","overlay-type":"","overlay-color":"","overlay-opacity":"","overlay-gradient":""}},"ast-content-background-meta":{"desktop":{"background-color":"var(--ast-global-color-5)","background-image":"","background-repeat":"repeat","background-position":"center center","background-size":"auto","background-attachment":"scroll","background-type":"","background-media":"","overlay-type":"","overlay-color":"","overlay-opacity":"","overlay-gradient":""},"tablet":{"background-color":"var(--ast-global-color-5)","background-image":"","background-repeat":"repeat","background-position":"center center","background-size":"auto","background-attachment":"scroll","background-type":"","background-media":"","overlay-type":"","overlay-color":"","overlay-opacity":"","overlay-gradient":""},"mobile":{"background-color":"var(--ast-global-color-5)","background-image":"","background-repeat":"repeat","background-position":"center center","background-size":"auto","background-attachment":"scroll","background-type":"","background-media":"","overlay-type":"","overlay-color":"","overlay-opacity":"","overlay-gradient":""}},"iawp_total_views":3},"product_brand":[],"product_cat":[219],"product_tag":[],"class_list":{"0":"post-17698","1":"product","2":"type-product","3":"status-publish","4":"has-post-thumbnail","6":"product_cat-audio-video","7":"desktop-align-left","8":"tablet-align-left","9":"mobile-align-left","11":"first","12":"instock","13":"shipping-taxable","14":"purchasable","15":"product-type-simple"},"acf":[],"_links":{"self":[{"href":"https:\/\/www.fjpremium.com\/fr\/wp-json\/wp\/v2\/product\/17698","targetHints":{"allow":["GET"]}}],"collection":[{"href":"https:\/\/www.fjpremium.com\/fr\/wp-json\/wp\/v2\/product"}],"about":[{"href":"https:\/\/www.fjpremium.com\/fr\/wp-json\/wp\/v2\/types\/product"}],"wp:featuredmedia":[{"embeddable":true,"href":"https:\/\/www.fjpremium.com\/fr\/wp-json\/wp\/v2\/media\/17701"}],"wp:attachment":[{"href":"https:\/\/www.fjpremium.com\/fr\/wp-json\/wp\/v2\/media?parent=17698"}],"wp:term":[{"taxonomy":"product_brand","embeddable":true,"href":"https:\/\/www.fjpremium.com\/fr\/wp-json\/wp\/v2\/product_brand?post=17698"},{"taxonomy":"product_cat","embeddable":true,"href":"https:\/\/www.fjpremium.com\/fr\/wp-json\/wp\/v2\/product_cat?post=17698"},{"taxonomy":"product_tag","embeddable":true,"href":"https:\/\/www.fjpremium.com\/fr\/wp-json\/wp\/v2\/product_tag?post=17698"}],"curies":[{"name":"wp","href":"https:\/\/api.w.org\/{rel}","templated":true}]}}