{"id":17690,"date":"2021-03-11T10:44:23","date_gmt":"2021-03-11T02:44:23","guid":{"rendered":"https:\/\/www.fjpremium.com\/?post_type=product&#038;p=17690"},"modified":"2023-05-24T15:03:58","modified_gmt":"2023-05-24T07:03:58","slug":"2rca-male-to-2rca-male-stereo-coaxial-audio-cable","status":"publish","type":"product","link":"https:\/\/www.fjpremium.com\/fr\/product\/2rca-male-to-2rca-male-stereo-coaxial-audio-cable\/","title":{"rendered":"C\u00e2ble audio coaxial st\u00e9r\u00e9o 2RCA m\u00e2le vers 2RCA m\u00e2le"},"content":{"rendered":"<p>Notre c\u00e2ble audio coaxial st\u00e9r\u00e9o de haute qualit\u00e9 est un excellent choix pour am\u00e9liorer votre home cin\u00e9ma, votre TVHD, vos consoles de jeu ou vos syst\u00e8mes hi-fi en amplifiant la qualit\u00e9 du son pour une exp\u00e9rience audio plus riche et plus immersive.<\/p>\n<p>Il est \u00e9quip\u00e9 de connecteurs plaqu\u00e9s or, connus pour faciliter le transfert de signaux audio\/vid\u00e9o de qualit\u00e9 sup\u00e9rieure tout en r\u00e9duisant les interf\u00e9rences.<\/p>\n<p>De plus, lorsque les types de connexion actuels ne sont pas envisageables, il constitue une excellente alternative pour vos applications audio\/vid\u00e9o.<\/p>\n<p>Le c\u00e2ble est dot\u00e9 d'une connectivit\u00e9 audio 2RCA m\u00e2le vers 2RCA m\u00e2le, con\u00e7ue pour fonctionner parfaitement avec votre t\u00e9l\u00e9viseur, votre lecteur DVD, votre lecteur CD, votre amplificateur, votre table tournante et votre syst\u00e8me de haut-parleurs.<\/p>\n<p>Son conducteur en cuivre nu ou CCS avec un calibre de 28AWG assure une conductivit\u00e9 et une durabilit\u00e9 maximales, tandis que la gaine en PVC souple permet une gestion pratique du c\u00e2ble.<\/p>\n<p>En outre, en termes de sp\u00e9cifications, ce c\u00e2ble audio coaxial st\u00e9r\u00e9o est \u00e9quip\u00e9 de connecteurs RCA m\u00e2les x 2 aux deux extr\u00e9mit\u00e9s, avec des contacts et des coques plaqu\u00e9s or.<\/p>\n<p>Log\u00e9 dans un moule d'injection, il est \u00e9galement dot\u00e9 d'une isolation en mousse de poly\u00e9thyl\u00e8ne (PF) et est recouvert d'une gaine en PVC durable. Le diam\u00e8tre ext\u00e9rieur mesure 2,6\u00d75,2 mm.<\/p>\n<p>Notre c\u00e2ble audio coaxial st\u00e9r\u00e9o est conforme aux normes RoHS et REACH, ce qui en fait un choix fiable et respectueux de l'environnement pour vos besoins de connectivit\u00e9 audio.<\/p>\n<p>Am\u00e9liorez donc votre exp\u00e9rience audio d\u00e8s aujourd'hui avec ce produit de qualit\u00e9 sup\u00e9rieure.<\/p>\n<h2>T\u00e9l\u00e9charger :<\/h2>\n<ul>\n<li>Fiche technique du c\u00e2ble audio st\u00e9r\u00e9o 2RCA m\u00e2le vers 2RCA m\u00e2le<\/li>\n<\/ul>\n<h2>Informations sur la commande :<\/h2>\n<ul>\n<li>FS18102-010 : 1.0M<\/li>\n<li>FS18102-018 : 1.8M<\/li>\n<li>FS18102-030 : 3.0M<\/li>\n<li>FS18102-050 : 5.0M<\/li>\n<\/ul>","protected":false},"excerpt":{"rendered":"<p>Ce c\u00e2ble audio coaxial st\u00e9r\u00e9o est parfait pour connecter votre \u00e9quipement audio ou tout autre appareil dot\u00e9 d'une prise L\/R \u00e0 votre syst\u00e8me audio st\u00e9r\u00e9o \u00e0 la maison ou au bureau.<\/p>","protected":false},"featured_media":17694,"template":"","meta":{"_acf_changed":false,"_seopress_robots_primary_cat":"","_seopress_titles_title":"2RCA Male to 2RCA Male Stereo Coaxial Audio Cable - Farsince","_seopress_titles_desc":"","_seopress_robots_index":"","site-sidebar-layout":"default","site-content-layout":"default","ast-site-content-layout":"default","site-content-style":"default","site-sidebar-style":"default","ast-global-header-display":"","ast-banner-title-visibility":"","ast-main-header-display":"","ast-hfb-above-header-display":"","ast-hfb-below-header-display":"","ast-hfb-mobile-header-display":"","site-post-title":"","ast-breadcrumbs-content":"","ast-featured-img":"","footer-sml-layout":"","ast-disable-related-posts":"","theme-transparent-header-meta":"default","adv-header-id-meta":"","stick-header-meta":"","header-above-stick-meta":"","header-main-stick-meta":"","header-below-stick-meta":"","astra-migrate-meta-layouts":"default","ast-page-background-enabled":"default","ast-page-background-meta":{"desktop":{"background-color":"","background-image":"","background-repeat":"repeat","background-position":"center center","background-size":"auto","background-attachment":"scroll","background-type":"","background-media":"","overlay-type":"","overlay-color":"","overlay-opacity":"","overlay-gradient":""},"tablet":{"background-color":"","background-image":"","background-repeat":"repeat","background-position":"center center","background-size":"auto","background-attachment":"scroll","background-type":"","background-media":"","overlay-type":"","overlay-color":"","overlay-opacity":"","overlay-gradient":""},"mobile":{"background-color":"","background-image":"","background-repeat":"repeat","background-position":"center center","background-size":"auto","background-attachment":"scroll","background-type":"","background-media":"","overlay-type":"","overlay-color":"","overlay-opacity":"","overlay-gradient":""}},"ast-content-background-meta":{"desktop":{"background-color":"var(--ast-global-color-5)","background-image":"","background-repeat":"repeat","background-position":"center center","background-size":"auto","background-attachment":"scroll","background-type":"","background-media":"","overlay-type":"","overlay-color":"","overlay-opacity":"","overlay-gradient":""},"tablet":{"background-color":"var(--ast-global-color-5)","background-image":"","background-repeat":"repeat","background-position":"center center","background-size":"auto","background-attachment":"scroll","background-type":"","background-media":"","overlay-type":"","overlay-color":"","overlay-opacity":"","overlay-gradient":""},"mobile":{"background-color":"var(--ast-global-color-5)","background-image":"","background-repeat":"repeat","background-position":"center center","background-size":"auto","background-attachment":"scroll","background-type":"","background-media":"","overlay-type":"","overlay-color":"","overlay-opacity":"","overlay-gradient":""}},"iawp_total_views":6},"product_brand":[],"product_cat":[219],"product_tag":[],"class_list":{"0":"post-17690","1":"product","2":"type-product","3":"status-publish","4":"has-post-thumbnail","6":"product_cat-audio-video","7":"desktop-align-left","8":"tablet-align-left","9":"mobile-align-left","11":"first","12":"instock","13":"shipping-taxable","14":"purchasable","15":"product-type-simple"},"acf":[],"_links":{"self":[{"href":"https:\/\/www.fjpremium.com\/fr\/wp-json\/wp\/v2\/product\/17690","targetHints":{"allow":["GET"]}}],"collection":[{"href":"https:\/\/www.fjpremium.com\/fr\/wp-json\/wp\/v2\/product"}],"about":[{"href":"https:\/\/www.fjpremium.com\/fr\/wp-json\/wp\/v2\/types\/product"}],"wp:featuredmedia":[{"embeddable":true,"href":"https:\/\/www.fjpremium.com\/fr\/wp-json\/wp\/v2\/media\/17694"}],"wp:attachment":[{"href":"https:\/\/www.fjpremium.com\/fr\/wp-json\/wp\/v2\/media?parent=17690"}],"wp:term":[{"taxonomy":"product_brand","embeddable":true,"href":"https:\/\/www.fjpremium.com\/fr\/wp-json\/wp\/v2\/product_brand?post=17690"},{"taxonomy":"product_cat","embeddable":true,"href":"https:\/\/www.fjpremium.com\/fr\/wp-json\/wp\/v2\/product_cat?post=17690"},{"taxonomy":"product_tag","embeddable":true,"href":"https:\/\/www.fjpremium.com\/fr\/wp-json\/wp\/v2\/product_tag?post=17690"}],"curies":[{"name":"wp","href":"https:\/\/api.w.org\/{rel}","templated":true}]}}