{"id":17686,"date":"2021-03-11T10:42:55","date_gmt":"2021-03-11T02:42:55","guid":{"rendered":"https:\/\/www.fjpremium.com\/?post_type=product&#038;p=17686"},"modified":"2023-05-24T15:05:30","modified_gmt":"2023-05-24T07:05:30","slug":"rca-male-to-rca-male-digital-subwoofer-coaxial-audio-cable","status":"publish","type":"product","link":"https:\/\/www.fjpremium.com\/fr\/product\/rca-male-to-rca-male-digital-subwoofer-coaxial-audio-cable\/","title":{"rendered":"C\u00e2ble audio coaxial num\u00e9rique RCA m\u00e2le vers RCA m\u00e2le pour caisson de basse"},"content":{"rendered":"<p>Sp\u00e9cialement con\u00e7u pour fournir des signaux de basse et de basse fr\u00e9quence d'une qualit\u00e9 exceptionnelle, ce c\u00e2ble audio coaxial num\u00e9rique relie parfaitement votre caisson de basse ou votre amplificateur \u00e0 un r\u00e9cepteur AV \u00e9quip\u00e9 de bornes RCA.<\/p>\n<p>Envelopp\u00e9 dans une gaine en PVC souple, il offre une flexibilit\u00e9 et une durabilit\u00e9 accrues.<\/p>\n<p>Il associe des connecteurs plaqu\u00e9s or et des conducteurs en cuivre nu pour offrir des performances de c\u00e2ble sup\u00e9rieures et une transmission audio sans perte, ce qui en fait un \u00e9l\u00e9ment essentiel de votre installation audio.<\/p>\n<p>Notre c\u00e2ble audio coaxial num\u00e9rique est dot\u00e9 d'une connectivit\u00e9 audio RCA m\u00e2le vers m\u00e2le pour caisson de basse.<\/p>\n<p>Il est con\u00e7u pour fonctionner sans effort avec les interfaces COAXIAL et S\/PDIF et prend en charge le son Dolby Digital, DTS et 5.1 Surround.<\/p>\n<p>En outre, si l'on se penche sur ses sp\u00e9cifications, le c\u00e2ble est \u00e9quip\u00e9 de connecteurs m\u00e2les RCA aux deux extr\u00e9mit\u00e9s et d'un conducteur en cuivre nu ou CCS d'un calibre de 24AWG.<\/p>\n<p>De plus, isol\u00e9 avec de la mousse de poly\u00e9thyl\u00e8ne (PF), log\u00e9 dans un moule d'injection, et avec un diam\u00e8tre ext\u00e9rieur de 5,0 mm, il est conforme aux normes RoHS et REACH.<\/p>\n<p>En bref, am\u00e9liorez votre exp\u00e9rience audio avec notre c\u00e2ble, un must pour tout audiophile \u00e0 la recherche d'une qualit\u00e9 sonore optimale.<\/p>\n<h2>T\u00e9l\u00e9charger :<\/h2>\n<ul>\n<li>Fiche technique du c\u00e2ble de caisson de basse coaxial audio num\u00e9rique RCA \u00e0 RCA<\/li>\n<\/ul>\n<h2>Informations sur la commande :<\/h2>\n<ul>\n<li>FS18101-010 : 1.0M<\/li>\n<li>FS18101-018 : 1,8M<\/li>\n<li>FS18101-030 : 3.0M<\/li>\n<li>FS18101-050 : 5.0M<\/li>\n<\/ul>","protected":false},"excerpt":{"rendered":"<p>D\u00e9couvrez notre c\u00e2ble audio coaxial num\u00e9rique, un compagnon id\u00e9al pour connecter des haut-parleurs de caisson de basse \u00e0 des composants audio tels que des r\u00e9cepteurs st\u00e9r\u00e9o ou des syst\u00e8mes audio.<\/p>","protected":false},"featured_media":17688,"template":"","meta":{"_acf_changed":false,"_seopress_robots_primary_cat":"","_seopress_titles_title":"Best Digital Coaxial Audio Cable - Farsince","_seopress_titles_desc":"","_seopress_robots_index":"","site-sidebar-layout":"default","site-content-layout":"default","ast-site-content-layout":"default","site-content-style":"default","site-sidebar-style":"default","ast-global-header-display":"","ast-banner-title-visibility":"","ast-main-header-display":"","ast-hfb-above-header-display":"","ast-hfb-below-header-display":"","ast-hfb-mobile-header-display":"","site-post-title":"","ast-breadcrumbs-content":"","ast-featured-img":"","footer-sml-layout":"","ast-disable-related-posts":"","theme-transparent-header-meta":"default","adv-header-id-meta":"","stick-header-meta":"","header-above-stick-meta":"","header-main-stick-meta":"","header-below-stick-meta":"","astra-migrate-meta-layouts":"default","ast-page-background-enabled":"default","ast-page-background-meta":{"desktop":{"background-color":"","background-image":"","background-repeat":"repeat","background-position":"center center","background-size":"auto","background-attachment":"scroll","background-type":"","background-media":"","overlay-type":"","overlay-color":"","overlay-opacity":"","overlay-gradient":""},"tablet":{"background-color":"","background-image":"","background-repeat":"repeat","background-position":"center center","background-size":"auto","background-attachment":"scroll","background-type":"","background-media":"","overlay-type":"","overlay-color":"","overlay-opacity":"","overlay-gradient":""},"mobile":{"background-color":"","background-image":"","background-repeat":"repeat","background-position":"center center","background-size":"auto","background-attachment":"scroll","background-type":"","background-media":"","overlay-type":"","overlay-color":"","overlay-opacity":"","overlay-gradient":""}},"ast-content-background-meta":{"desktop":{"background-color":"var(--ast-global-color-5)","background-image":"","background-repeat":"repeat","background-position":"center center","background-size":"auto","background-attachment":"scroll","background-type":"","background-media":"","overlay-type":"","overlay-color":"","overlay-opacity":"","overlay-gradient":""},"tablet":{"background-color":"var(--ast-global-color-5)","background-image":"","background-repeat":"repeat","background-position":"center center","background-size":"auto","background-attachment":"scroll","background-type":"","background-media":"","overlay-type":"","overlay-color":"","overlay-opacity":"","overlay-gradient":""},"mobile":{"background-color":"var(--ast-global-color-5)","background-image":"","background-repeat":"repeat","background-position":"center center","background-size":"auto","background-attachment":"scroll","background-type":"","background-media":"","overlay-type":"","overlay-color":"","overlay-opacity":"","overlay-gradient":""}},"iawp_total_views":16},"product_brand":[],"product_cat":[219],"product_tag":[],"class_list":{"0":"post-17686","1":"product","2":"type-product","3":"status-publish","4":"has-post-thumbnail","6":"product_cat-audio-video","7":"desktop-align-left","8":"tablet-align-left","9":"mobile-align-left","11":"first","12":"instock","13":"shipping-taxable","14":"purchasable","15":"product-type-simple"},"acf":[],"_links":{"self":[{"href":"https:\/\/www.fjpremium.com\/fr\/wp-json\/wp\/v2\/product\/17686","targetHints":{"allow":["GET"]}}],"collection":[{"href":"https:\/\/www.fjpremium.com\/fr\/wp-json\/wp\/v2\/product"}],"about":[{"href":"https:\/\/www.fjpremium.com\/fr\/wp-json\/wp\/v2\/types\/product"}],"wp:featuredmedia":[{"embeddable":true,"href":"https:\/\/www.fjpremium.com\/fr\/wp-json\/wp\/v2\/media\/17688"}],"wp:attachment":[{"href":"https:\/\/www.fjpremium.com\/fr\/wp-json\/wp\/v2\/media?parent=17686"}],"wp:term":[{"taxonomy":"product_brand","embeddable":true,"href":"https:\/\/www.fjpremium.com\/fr\/wp-json\/wp\/v2\/product_brand?post=17686"},{"taxonomy":"product_cat","embeddable":true,"href":"https:\/\/www.fjpremium.com\/fr\/wp-json\/wp\/v2\/product_cat?post=17686"},{"taxonomy":"product_tag","embeddable":true,"href":"https:\/\/www.fjpremium.com\/fr\/wp-json\/wp\/v2\/product_tag?post=17686"}],"curies":[{"name":"wp","href":"https:\/\/api.w.org\/{rel}","templated":true}]}}