{"id":17678,"date":"2021-03-11T10:41:25","date_gmt":"2021-03-11T02:41:25","guid":{"rendered":"https:\/\/www.fjpremium.com\/?post_type=product&#038;p=17678"},"modified":"2023-11-02T14:07:53","modified_gmt":"2023-11-02T06:07:53","slug":"3-5mm-male-to-3rca-male-plug-stereo-audio-video-aux-cable","status":"publish","type":"product","link":"https:\/\/www.fjpremium.com\/fr\/product\/3-5mm-male-to-3rca-male-plug-stereo-audio-video-aux-cable\/","title":{"rendered":"3.5mm Male to 3RCA Male Plug Stereo Audio Video AUX Cable (c\u00e2ble st\u00e9r\u00e9o audio vid\u00e9o AUX)"},"content":{"rendered":"<p>Qu'il s'agisse d'un smartphone (\u00e0 l'exception des iPhones), d'un lecteur MP3 tel qu'un iPod ou un Walkman, ou d'une tablette telle qu'un iPad, Galaxy ou Fire, ce c\u00e2ble AUX audio vid\u00e9o est la solution pour connecter ces appareils \u00e0 un t\u00e9l\u00e9viseur (\u00e0 l'exception des t\u00e9l\u00e9viseurs Sony), un r\u00e9cepteur AV, un amplificateur, un projecteur ou tout autre appareil compatible RCA.<\/p>\n<p>Il est livr\u00e9 avec un c\u00e2ble audio 3,5 mm m\u00e2le vers 3 RCA m\u00e2le, des connecteurs plaqu\u00e9s or con\u00e7us pour r\u00e9sister \u00e0 la corrosion et assurer une connectivit\u00e9 fiable, et un conducteur en cuivre pour maximiser la conductivit\u00e9 et la durabilit\u00e9.<\/p>\n<p>De plus, envelopp\u00e9 dans une gaine en PVC souple et flexible, il est facile \u00e0 g\u00e9rer et ses conducteurs en cuivre nu am\u00e9liorent les performances.<\/p>\n<p>Veuillez noter que ce c\u00e2ble ne prend pas en charge les t\u00e9l\u00e9viseurs Sony tels que Sony XBV TV\/Bra Via TV et d'autres mod\u00e8les Sony, ni les cam\u00e9scopes Sony.<\/p>\n<p>En outre, notre c\u00e2ble audio vid\u00e9o AUX est log\u00e9 dans un moule d'injection et a un diam\u00e8tre ext\u00e9rieur de 2,6\u00d77,8 mm. Il est conforme aux normes RoHS et REACH.<\/p>\n<p>Ce c\u00e2ble vous permet d'am\u00e9liorer votre exp\u00e9rience audio-vid\u00e9o et constitue une connexion fiable et de haute qualit\u00e9 pour vos besoins en mati\u00e8re de divertissement.<\/p>\n<h2>T\u00e9l\u00e9charger :<\/h2>\n<ul>\n<li>Fiche technique de l'adaptateur audio st\u00e9r\u00e9o 3,5 mm m\u00e2le vers 3RCA m\u00e2le C\u00e2ble coaxial<\/li>\n<\/ul>\n<h2>Informations sur la commande :<\/h2>\n<ul>\n<li>FS18010-010 : 1.0M<\/li>\n<li>FS18010-018 : 1.8M<\/li>\n<li>FS18010-030 : 3.0M<\/li>\n<li>FS18010-050 : 5.0M<\/li>\n<\/ul>","protected":false},"excerpt":{"rendered":"<p>Nous vous pr\u00e9sentons ce c\u00e2ble AUX audio vid\u00e9o st\u00e9r\u00e9o de 3,5 mm m\u00e2le vers 3RCA m\u00e2le, un connecteur polyvalent qui relie vos appareils audio portables aux syst\u00e8mes audio domestiques.<\/p>","protected":false},"featured_media":17679,"template":"","meta":{"_acf_changed":false,"_seopress_robots_primary_cat":"","_seopress_titles_title":"3.5mm Male to 3RCA Male Plug Stereo Audio Video AUX Cable - Farsince","_seopress_titles_desc":"Connect your audio and video devices with Farsince&#039;s 3.5mm Male to 3RCA Male Plug Stereo Audio Video AUX Cable. Our cable provides reliable and seamless connection for high-quality audio and video transfer. ","_seopress_robots_index":"","site-sidebar-layout":"default","site-content-layout":"default","ast-site-content-layout":"default","site-content-style":"default","site-sidebar-style":"default","ast-global-header-display":"","ast-banner-title-visibility":"","ast-main-header-display":"","ast-hfb-above-header-display":"","ast-hfb-below-header-display":"","ast-hfb-mobile-header-display":"","site-post-title":"","ast-breadcrumbs-content":"","ast-featured-img":"","footer-sml-layout":"","ast-disable-related-posts":"","theme-transparent-header-meta":"default","adv-header-id-meta":"","stick-header-meta":"","header-above-stick-meta":"","header-main-stick-meta":"","header-below-stick-meta":"","astra-migrate-meta-layouts":"set","ast-page-background-enabled":"default","ast-page-background-meta":{"desktop":{"background-color":"","background-image":"","background-repeat":"repeat","background-position":"center center","background-size":"auto","background-attachment":"scroll","background-type":"","background-media":"","overlay-type":"","overlay-color":"","overlay-opacity":"","overlay-gradient":""},"tablet":{"background-color":"","background-image":"","background-repeat":"repeat","background-position":"center center","background-size":"auto","background-attachment":"scroll","background-type":"","background-media":"","overlay-type":"","overlay-color":"","overlay-opacity":"","overlay-gradient":""},"mobile":{"background-color":"","background-image":"","background-repeat":"repeat","background-position":"center center","background-size":"auto","background-attachment":"scroll","background-type":"","background-media":"","overlay-type":"","overlay-color":"","overlay-opacity":"","overlay-gradient":""}},"ast-content-background-meta":{"desktop":{"background-color":"var(--ast-global-color-5)","background-image":"","background-repeat":"repeat","background-position":"center center","background-size":"auto","background-attachment":"scroll","background-type":"","background-media":"","overlay-type":"","overlay-color":"","overlay-opacity":"","overlay-gradient":""},"tablet":{"background-color":"var(--ast-global-color-5)","background-image":"","background-repeat":"repeat","background-position":"center center","background-size":"auto","background-attachment":"scroll","background-type":"","background-media":"","overlay-type":"","overlay-color":"","overlay-opacity":"","overlay-gradient":""},"mobile":{"background-color":"var(--ast-global-color-5)","background-image":"","background-repeat":"repeat","background-position":"center center","background-size":"auto","background-attachment":"scroll","background-type":"","background-media":"","overlay-type":"","overlay-color":"","overlay-opacity":"","overlay-gradient":""}},"iawp_total_views":9},"product_brand":[],"product_cat":[219],"product_tag":[],"class_list":{"0":"post-17678","1":"product","2":"type-product","3":"status-publish","4":"has-post-thumbnail","6":"product_cat-audio-video","7":"desktop-align-left","8":"tablet-align-left","9":"mobile-align-left","11":"first","12":"instock","13":"shipping-taxable","14":"purchasable","15":"product-type-simple"},"acf":[],"_links":{"self":[{"href":"https:\/\/www.fjpremium.com\/fr\/wp-json\/wp\/v2\/product\/17678","targetHints":{"allow":["GET"]}}],"collection":[{"href":"https:\/\/www.fjpremium.com\/fr\/wp-json\/wp\/v2\/product"}],"about":[{"href":"https:\/\/www.fjpremium.com\/fr\/wp-json\/wp\/v2\/types\/product"}],"wp:featuredmedia":[{"embeddable":true,"href":"https:\/\/www.fjpremium.com\/fr\/wp-json\/wp\/v2\/media\/17679"}],"wp:attachment":[{"href":"https:\/\/www.fjpremium.com\/fr\/wp-json\/wp\/v2\/media?parent=17678"}],"wp:term":[{"taxonomy":"product_brand","embeddable":true,"href":"https:\/\/www.fjpremium.com\/fr\/wp-json\/wp\/v2\/product_brand?post=17678"},{"taxonomy":"product_cat","embeddable":true,"href":"https:\/\/www.fjpremium.com\/fr\/wp-json\/wp\/v2\/product_cat?post=17678"},{"taxonomy":"product_tag","embeddable":true,"href":"https:\/\/www.fjpremium.com\/fr\/wp-json\/wp\/v2\/product_tag?post=17678"}],"curies":[{"name":"wp","href":"https:\/\/api.w.org\/{rel}","templated":true}]}}