{"id":17669,"date":"2021-03-11T10:39:39","date_gmt":"2021-03-11T02:39:39","guid":{"rendered":"https:\/\/www.fjpremium.com\/?post_type=product&#038;p=17669"},"modified":"2023-05-24T15:10:52","modified_gmt":"2023-05-24T07:10:52","slug":"high-quality-3-5mm-male-to-2rca-male-stereo-audio-cable-with-metal-housing","status":"publish","type":"product","link":"https:\/\/www.fjpremium.com\/fr\/product\/high-quality-3-5mm-male-to-2rca-male-stereo-audio-cable-with-metal-housing\/","title":{"rendered":"C\u00e2ble audio st\u00e9r\u00e9o 3,5 mm m\u00e2le vers 2RCA m\u00e2le de haute qualit\u00e9 avec bo\u00eetier m\u00e9tallique"},"content":{"rendered":"<p>Ce c\u00e2ble audio st\u00e9r\u00e9o de qualit\u00e9 sup\u00e9rieure garantit une exp\u00e9rience audio riche gr\u00e2ce \u00e0 une connexion de 3,5 mm qui fonctionne avec la prise casque de n'importe quel appareil et deux connecteurs RCA qui sont con\u00e7us pour correspondre aux entr\u00e9es auxiliaires gauche et droite de votre syst\u00e8me audio.<\/p>\n<p>Un autre avantage est que vous pouvez l'attacher \u00e0 votre appareil source sans retirer l'\u00e9tui de votre t\u00e9l\u00e9phone, gr\u00e2ce \u00e0 la conception compacte du connecteur de l'\u00e9tui m\u00e9tallique.<\/p>\n<p>Notre c\u00e2ble audio st\u00e9r\u00e9o de qualit\u00e9 sup\u00e9rieure est fabriqu\u00e9 en cuivre pour une conductivit\u00e9 et une long\u00e9vit\u00e9 optimales, des connexions plaqu\u00e9es or qui emp\u00eachent la corrosion et garantissent une connectivit\u00e9 fiable, et une construction de c\u00e2ble audio 3,5 mm m\u00e2le vers 2 RCA m\u00e2les.<\/p>\n<p>De plus, le c\u00e2ble est recouvert d'une gaine en PVC souple et flexible afin d'augmenter sa long\u00e9vit\u00e9 et sa facilit\u00e9 de manipulation.<\/p>\n<p>En outre, le conducteur du c\u00e2ble est constitu\u00e9 de cuivre nu ou de CCS avec un calibre de 28AWG 10\/0,1mm.<\/p>\n<p>Il pr\u00e9sente un diam\u00e8tre ext\u00e9rieur de 2,6\u00d75,2 mm, un bo\u00eetier moul\u00e9 par injection et est conforme aux r\u00e9glementations RoHS et REACH.<\/p>\n<p>Dans l'ensemble, faites confiance \u00e0 ce c\u00e2ble pour obtenir une meilleure qualit\u00e9 audio. Il constitue un lien fiable et de qualit\u00e9 sup\u00e9rieure pour tous vos besoins en mati\u00e8re d'audio st\u00e9r\u00e9o.<\/p>\n<h2>T\u00e9l\u00e9charger :<\/h2>\n<ul>\n<li>Fiche technique de l'adaptateur audio st\u00e9r\u00e9o 3,5 mm m\u00e2le vers 2RCA m\u00e2le de haute qualit\u00e9 C\u00e2ble coaxial<\/li>\n<\/ul>\n<h2>Informations sur la commande :<\/h2>\n<ul>\n<li>FS18009A-010 : 1.0M<\/li>\n<li>FS18009A-018 : 1,8M<\/li>\n<li>FS18009A-030 : 3.0M<\/li>\n<li>FS18009A-050 : 5.0M<\/li>\n<\/ul>","protected":false},"excerpt":{"rendered":"<p>B\u00e9n\u00e9ficiez d'une clart\u00e9 audio exceptionnelle gr\u00e2ce \u00e0 notre c\u00e2ble audio st\u00e9r\u00e9o, une solution optimale pour connecter votre t\u00e9l\u00e9phone portable, votre lecteur MP3 ou votre PC \u00e0 votre syst\u00e8me audio domestique.<\/p>","protected":false},"featured_media":17670,"template":"","meta":{"_acf_changed":false,"_seopress_robots_primary_cat":"","_seopress_titles_title":"3.5mm Male to 2RCA Male Stereo Audio Cable - Farsince","_seopress_titles_desc":"","_seopress_robots_index":"","site-sidebar-layout":"default","site-content-layout":"default","ast-site-content-layout":"default","site-content-style":"default","site-sidebar-style":"default","ast-global-header-display":"","ast-banner-title-visibility":"","ast-main-header-display":"","ast-hfb-above-header-display":"","ast-hfb-below-header-display":"","ast-hfb-mobile-header-display":"","site-post-title":"","ast-breadcrumbs-content":"","ast-featured-img":"","footer-sml-layout":"","ast-disable-related-posts":"","theme-transparent-header-meta":"default","adv-header-id-meta":"","stick-header-meta":"","header-above-stick-meta":"","header-main-stick-meta":"","header-below-stick-meta":"","astra-migrate-meta-layouts":"default","ast-page-background-enabled":"default","ast-page-background-meta":{"desktop":{"background-color":"","background-image":"","background-repeat":"repeat","background-position":"center center","background-size":"auto","background-attachment":"scroll","background-type":"","background-media":"","overlay-type":"","overlay-color":"","overlay-opacity":"","overlay-gradient":""},"tablet":{"background-color":"","background-image":"","background-repeat":"repeat","background-position":"center center","background-size":"auto","background-attachment":"scroll","background-type":"","background-media":"","overlay-type":"","overlay-color":"","overlay-opacity":"","overlay-gradient":""},"mobile":{"background-color":"","background-image":"","background-repeat":"repeat","background-position":"center center","background-size":"auto","background-attachment":"scroll","background-type":"","background-media":"","overlay-type":"","overlay-color":"","overlay-opacity":"","overlay-gradient":""}},"ast-content-background-meta":{"desktop":{"background-color":"var(--ast-global-color-5)","background-image":"","background-repeat":"repeat","background-position":"center center","background-size":"auto","background-attachment":"scroll","background-type":"","background-media":"","overlay-type":"","overlay-color":"","overlay-opacity":"","overlay-gradient":""},"tablet":{"background-color":"var(--ast-global-color-5)","background-image":"","background-repeat":"repeat","background-position":"center center","background-size":"auto","background-attachment":"scroll","background-type":"","background-media":"","overlay-type":"","overlay-color":"","overlay-opacity":"","overlay-gradient":""},"mobile":{"background-color":"var(--ast-global-color-5)","background-image":"","background-repeat":"repeat","background-position":"center center","background-size":"auto","background-attachment":"scroll","background-type":"","background-media":"","overlay-type":"","overlay-color":"","overlay-opacity":"","overlay-gradient":""}},"iawp_total_views":2},"product_brand":[],"product_cat":[219],"product_tag":[],"class_list":{"0":"post-17669","1":"product","2":"type-product","3":"status-publish","4":"has-post-thumbnail","6":"product_cat-audio-video","7":"desktop-align-left","8":"tablet-align-left","9":"mobile-align-left","11":"first","12":"instock","13":"shipping-taxable","14":"purchasable","15":"product-type-simple"},"acf":[],"_links":{"self":[{"href":"https:\/\/www.fjpremium.com\/fr\/wp-json\/wp\/v2\/product\/17669","targetHints":{"allow":["GET"]}}],"collection":[{"href":"https:\/\/www.fjpremium.com\/fr\/wp-json\/wp\/v2\/product"}],"about":[{"href":"https:\/\/www.fjpremium.com\/fr\/wp-json\/wp\/v2\/types\/product"}],"wp:featuredmedia":[{"embeddable":true,"href":"https:\/\/www.fjpremium.com\/fr\/wp-json\/wp\/v2\/media\/17670"}],"wp:attachment":[{"href":"https:\/\/www.fjpremium.com\/fr\/wp-json\/wp\/v2\/media?parent=17669"}],"wp:term":[{"taxonomy":"product_brand","embeddable":true,"href":"https:\/\/www.fjpremium.com\/fr\/wp-json\/wp\/v2\/product_brand?post=17669"},{"taxonomy":"product_cat","embeddable":true,"href":"https:\/\/www.fjpremium.com\/fr\/wp-json\/wp\/v2\/product_cat?post=17669"},{"taxonomy":"product_tag","embeddable":true,"href":"https:\/\/www.fjpremium.com\/fr\/wp-json\/wp\/v2\/product_tag?post=17669"}],"curies":[{"name":"wp","href":"https:\/\/api.w.org\/{rel}","templated":true}]}}