{"id":17659,"date":"2021-03-11T10:37:50","date_gmt":"2021-03-11T02:37:50","guid":{"rendered":"https:\/\/www.fjpremium.com\/?post_type=product&#038;p=17659"},"modified":"2023-05-24T15:12:16","modified_gmt":"2023-05-24T07:12:16","slug":"3-5mm-male-to-2rca-male-stereo-audio-adapter-coaxial-cable","status":"publish","type":"product","link":"https:\/\/www.fjpremium.com\/fr\/product\/3-5mm-male-to-2rca-male-stereo-audio-adapter-coaxial-cable\/","title":{"rendered":"Adaptateur de c\u00e2ble coaxial audio st\u00e9r\u00e9o 3,5 mm m\u00e2le vers 2RCA m\u00e2le"},"content":{"rendered":"<p>Notre adaptateur de c\u00e2ble coaxial vous permet de connecter votre t\u00e9l\u00e9phone portable, votre iPod, votre lecteur MP3, votre tablette ou votre PC \u00e0 votre syst\u00e8me audio domestique, am\u00e9liorant ainsi la polyvalence et la fonctionnalit\u00e9 de vos appareils audio.<\/p>\n<p>Il s'agit d'un c\u00e2ble de raccordement st\u00e9r\u00e9o de 3,5 mm (prise casque 1\/8\u2033) \u00e0 2 RCA (droite\/gauche).<\/p>\n<p>Il est con\u00e7u pour brancher la fiche de 3,5 mm dans la prise casque de votre appareil ou de votre ordinateur et les 2 fiches RCA dans les entr\u00e9es auxiliaires gauche et droite de votre syst\u00e8me audio.<\/p>\n<p>La clart\u00e9 audio exceptionnelle est l'une des principales caract\u00e9ristiques de cet adaptateur de c\u00e2ble coaxial haut de gamme.<\/p>\n<p>Il offre des performances constantes sur toutes les longueurs et constitue une connexion polyvalente entre les \u00e9quipements pour tous vos besoins en mati\u00e8re d'audio st\u00e9r\u00e9o.<\/p>\n<p>Le connecteur m\u00e9tallique \u00e9troit a \u00e9t\u00e9 con\u00e7u pour vous permettre de le brancher sur votre appareil source sans avoir \u00e0 retirer l'\u00e9tui de votre t\u00e9l\u00e9phone portable.<\/p>\n<p>Notre adaptateur de c\u00e2ble coaxial est dot\u00e9 de connecteurs plaqu\u00e9s or pour une r\u00e9sistance \u00e0 la corrosion et une connectivit\u00e9 fiable, et de cuivre pour une conductivit\u00e9 et une durabilit\u00e9 maximales.<\/p>\n<p>La gaine en PVC souple et flexible et les conducteurs en cuivre nu garantissent de meilleures performances et une gestion ais\u00e9e des c\u00e2bles.<\/p>\n<p>En outre, le conducteur du c\u00e2ble est soit en cuivre nu, soit en CCS, avec un calibre de 28AWG 10\/0,1mm.<\/p>\n<p>Son bo\u00eetier est un moule \u00e0 injection et son diam\u00e8tre ext\u00e9rieur est de 2,6\u00d75,2 mm, ce qui est conforme aux normes RoHS et REACH.<\/p>\n<p>Dans l'ensemble, cet adaptateur est un choix de premier ordre pour ceux qui souhaitent am\u00e9liorer leurs projets audio.<\/p>\n<h2>T\u00e9l\u00e9charger :<\/h2>\n<ul>\n<li>Fiche technique de l'adaptateur audio st\u00e9r\u00e9o 3,5 mm m\u00e2le vers 2RCA m\u00e2le C\u00e2ble coaxial<\/li>\n<\/ul>\n<h2>Informations sur la commande :<\/h2>\n<ul>\n<li>FS18009-010 : 1.0M<\/li>\n<li>FS18009-018 : 1.8M<\/li>\n<li>FS18009-030 : 3.0M<\/li>\n<li>FS18009-050 : 5.0M<\/li>\n<\/ul>","protected":false},"excerpt":{"rendered":"<p>Cet adaptateur de c\u00e2ble coaxial audio st\u00e9r\u00e9o 3,5 mm m\u00e2le vers 2RCA m\u00e2le de Farsince est un choix fiable et de haute qualit\u00e9 pour am\u00e9liorer vos exp\u00e9riences audio.<\/p>","protected":false},"featured_media":17660,"template":"","meta":{"_acf_changed":false,"_seopress_robots_primary_cat":"","_seopress_titles_title":"Stereo Audio Coaxial Cable Adapter - Farsince","_seopress_titles_desc":"","_seopress_robots_index":"","site-sidebar-layout":"default","site-content-layout":"default","ast-site-content-layout":"default","site-content-style":"default","site-sidebar-style":"default","ast-global-header-display":"","ast-banner-title-visibility":"","ast-main-header-display":"","ast-hfb-above-header-display":"","ast-hfb-below-header-display":"","ast-hfb-mobile-header-display":"","site-post-title":"","ast-breadcrumbs-content":"","ast-featured-img":"","footer-sml-layout":"","ast-disable-related-posts":"","theme-transparent-header-meta":"default","adv-header-id-meta":"","stick-header-meta":"","header-above-stick-meta":"","header-main-stick-meta":"","header-below-stick-meta":"","astra-migrate-meta-layouts":"default","ast-page-background-enabled":"default","ast-page-background-meta":{"desktop":{"background-color":"","background-image":"","background-repeat":"repeat","background-position":"center center","background-size":"auto","background-attachment":"scroll","background-type":"","background-media":"","overlay-type":"","overlay-color":"","overlay-opacity":"","overlay-gradient":""},"tablet":{"background-color":"","background-image":"","background-repeat":"repeat","background-position":"center center","background-size":"auto","background-attachment":"scroll","background-type":"","background-media":"","overlay-type":"","overlay-color":"","overlay-opacity":"","overlay-gradient":""},"mobile":{"background-color":"","background-image":"","background-repeat":"repeat","background-position":"center center","background-size":"auto","background-attachment":"scroll","background-type":"","background-media":"","overlay-type":"","overlay-color":"","overlay-opacity":"","overlay-gradient":""}},"ast-content-background-meta":{"desktop":{"background-color":"var(--ast-global-color-5)","background-image":"","background-repeat":"repeat","background-position":"center center","background-size":"auto","background-attachment":"scroll","background-type":"","background-media":"","overlay-type":"","overlay-color":"","overlay-opacity":"","overlay-gradient":""},"tablet":{"background-color":"var(--ast-global-color-5)","background-image":"","background-repeat":"repeat","background-position":"center center","background-size":"auto","background-attachment":"scroll","background-type":"","background-media":"","overlay-type":"","overlay-color":"","overlay-opacity":"","overlay-gradient":""},"mobile":{"background-color":"var(--ast-global-color-5)","background-image":"","background-repeat":"repeat","background-position":"center center","background-size":"auto","background-attachment":"scroll","background-type":"","background-media":"","overlay-type":"","overlay-color":"","overlay-opacity":"","overlay-gradient":""}},"iawp_total_views":12},"product_brand":[],"product_cat":[219],"product_tag":[],"class_list":{"0":"post-17659","1":"product","2":"type-product","3":"status-publish","4":"has-post-thumbnail","6":"product_cat-audio-video","7":"desktop-align-left","8":"tablet-align-left","9":"mobile-align-left","11":"first","12":"instock","13":"shipping-taxable","14":"purchasable","15":"product-type-simple"},"acf":[],"_links":{"self":[{"href":"https:\/\/www.fjpremium.com\/fr\/wp-json\/wp\/v2\/product\/17659","targetHints":{"allow":["GET"]}}],"collection":[{"href":"https:\/\/www.fjpremium.com\/fr\/wp-json\/wp\/v2\/product"}],"about":[{"href":"https:\/\/www.fjpremium.com\/fr\/wp-json\/wp\/v2\/types\/product"}],"wp:featuredmedia":[{"embeddable":true,"href":"https:\/\/www.fjpremium.com\/fr\/wp-json\/wp\/v2\/media\/17660"}],"wp:attachment":[{"href":"https:\/\/www.fjpremium.com\/fr\/wp-json\/wp\/v2\/media?parent=17659"}],"wp:term":[{"taxonomy":"product_brand","embeddable":true,"href":"https:\/\/www.fjpremium.com\/fr\/wp-json\/wp\/v2\/product_brand?post=17659"},{"taxonomy":"product_cat","embeddable":true,"href":"https:\/\/www.fjpremium.com\/fr\/wp-json\/wp\/v2\/product_cat?post=17659"},{"taxonomy":"product_tag","embeddable":true,"href":"https:\/\/www.fjpremium.com\/fr\/wp-json\/wp\/v2\/product_tag?post=17659"}],"curies":[{"name":"wp","href":"https:\/\/api.w.org\/{rel}","templated":true}]}}