{"id":17649,"date":"2021-03-11T10:36:21","date_gmt":"2021-03-11T02:36:21","guid":{"rendered":"https:\/\/www.fjpremium.com\/?post_type=product&#038;p=17649"},"modified":"2023-05-24T15:13:39","modified_gmt":"2023-05-24T07:13:39","slug":"3-5mm-female-to-2-dual-3-5mm-male-headphone-mic-audio-y-splitter-cable","status":"publish","type":"product","link":"https:\/\/www.fjpremium.com\/fr\/product\/3-5mm-female-to-2-dual-3-5mm-male-headphone-mic-audio-y-splitter-cable\/","title":{"rendered":"C\u00e2ble r\u00e9partiteur en Y 3,5 mm femelle vers 2 doubles 3,5 mm m\u00e2le pour casque d'\u00e9coute micro audio"},"content":{"rendered":"<p>Ce c\u00e2ble r\u00e9partiteur en Y vous permet d'utiliser vos casques avanc\u00e9s, \u00e9quip\u00e9s de capacit\u00e9s audio et de microphone, un PC ou un ordinateur portable pour une multitude d'applications VOIP telles que Skype, MSN Messenger, Yahoo, Google Voice, et plus encore.<\/p>\n<p>Con\u00e7u pour simplifier les connexions, il relie de mani\u00e8re experte votre casque st\u00e9r\u00e9o et votre micro au port audio et micro d'un PC simultan\u00e9ment.<\/p>\n<p>Dot\u00e9 d'un port audio unique de 3,5 mm, il facilite l'ajout d'une entr\u00e9e microphone mono et d'une sortie st\u00e9r\u00e9o \u00e0 votre PC ou ordinateur portable.<\/p>\n<p>Le placage en or 24K de notre c\u00e2ble am\u00e9liore la qualit\u00e9 du son et minimise les pertes, tandis que les conducteurs en cuivre assurent une conductivit\u00e9 et une durabilit\u00e9 maximales.<\/p>\n<p>Sa gaine flexible en PVC et ses conducteurs en cuivre nu am\u00e9liorent encore ses performances.<\/p>\n<p>En outre, le c\u00e2ble est dot\u00e9 de deux connecteurs st\u00e9r\u00e9o m\u00e2les 3,5 mm \u00e0 3 p\u00f4les et d'un connecteur st\u00e9r\u00e9o femelle 3,5 mm \u00e0 4 p\u00f4les, tous avec des contacts et des coques plaqu\u00e9s or pour des performances optimales.<\/p>\n<p>Log\u00e9 dans un bo\u00eetier moul\u00e9 par injection, il a un diam\u00e8tre ext\u00e9rieur de 2,6\u00d75,2 mm et un calibre de fil de 30AWG. Il est conforme aux normes RoHS et REACH.<\/p>\n<p>Choisissez donc ce c\u00e2ble r\u00e9partiteur en Y pour une exp\u00e9rience audio transparente et de haute qualit\u00e9.<\/p>\n<h2>T\u00e9l\u00e9charger :<\/h2>\n<ul>\n<li>Fiche technique du c\u00e2ble r\u00e9partiteur 3,5 mm femelle vers 2 doubles 3,5 mm m\u00e2le pour casque d'\u00e9coute, microphone et audio en Y<\/li>\n<\/ul>\n<h2>Informations sur la commande :<\/h2>\n<ul>\n<li>FS18005 : 0,2m<\/li>\n<\/ul>","protected":false},"excerpt":{"rendered":"<p>\u00c9tendez vos capacit\u00e9s audio avec le c\u00e2ble r\u00e9partiteur polyvalent 3,5 mm femelle vers 2 doubles 3,5 mm m\u00e2le pour casque d'\u00e9coute Mic audio Y de Farsince.<\/p>","protected":false},"featured_media":17650,"template":"","meta":{"_acf_changed":false,"_seopress_robots_primary_cat":"","_seopress_titles_title":"Headphone Mic Audio Y Splitter Cable - Farsince","_seopress_titles_desc":"","_seopress_robots_index":"","site-sidebar-layout":"default","site-content-layout":"default","ast-site-content-layout":"default","site-content-style":"default","site-sidebar-style":"default","ast-global-header-display":"","ast-banner-title-visibility":"","ast-main-header-display":"","ast-hfb-above-header-display":"","ast-hfb-below-header-display":"","ast-hfb-mobile-header-display":"","site-post-title":"","ast-breadcrumbs-content":"","ast-featured-img":"","footer-sml-layout":"","ast-disable-related-posts":"","theme-transparent-header-meta":"default","adv-header-id-meta":"","stick-header-meta":"","header-above-stick-meta":"","header-main-stick-meta":"","header-below-stick-meta":"","astra-migrate-meta-layouts":"default","ast-page-background-enabled":"default","ast-page-background-meta":{"desktop":{"background-color":"","background-image":"","background-repeat":"repeat","background-position":"center center","background-size":"auto","background-attachment":"scroll","background-type":"","background-media":"","overlay-type":"","overlay-color":"","overlay-opacity":"","overlay-gradient":""},"tablet":{"background-color":"","background-image":"","background-repeat":"repeat","background-position":"center center","background-size":"auto","background-attachment":"scroll","background-type":"","background-media":"","overlay-type":"","overlay-color":"","overlay-opacity":"","overlay-gradient":""},"mobile":{"background-color":"","background-image":"","background-repeat":"repeat","background-position":"center center","background-size":"auto","background-attachment":"scroll","background-type":"","background-media":"","overlay-type":"","overlay-color":"","overlay-opacity":"","overlay-gradient":""}},"ast-content-background-meta":{"desktop":{"background-color":"var(--ast-global-color-5)","background-image":"","background-repeat":"repeat","background-position":"center center","background-size":"auto","background-attachment":"scroll","background-type":"","background-media":"","overlay-type":"","overlay-color":"","overlay-opacity":"","overlay-gradient":""},"tablet":{"background-color":"var(--ast-global-color-5)","background-image":"","background-repeat":"repeat","background-position":"center center","background-size":"auto","background-attachment":"scroll","background-type":"","background-media":"","overlay-type":"","overlay-color":"","overlay-opacity":"","overlay-gradient":""},"mobile":{"background-color":"var(--ast-global-color-5)","background-image":"","background-repeat":"repeat","background-position":"center center","background-size":"auto","background-attachment":"scroll","background-type":"","background-media":"","overlay-type":"","overlay-color":"","overlay-opacity":"","overlay-gradient":""}},"iawp_total_views":5},"product_brand":[],"product_cat":[219],"product_tag":[],"class_list":{"0":"post-17649","1":"product","2":"type-product","3":"status-publish","4":"has-post-thumbnail","6":"product_cat-audio-video","7":"desktop-align-left","8":"tablet-align-left","9":"mobile-align-left","11":"first","12":"instock","13":"shipping-taxable","14":"purchasable","15":"product-type-simple"},"acf":[],"_links":{"self":[{"href":"https:\/\/www.fjpremium.com\/fr\/wp-json\/wp\/v2\/product\/17649","targetHints":{"allow":["GET"]}}],"collection":[{"href":"https:\/\/www.fjpremium.com\/fr\/wp-json\/wp\/v2\/product"}],"about":[{"href":"https:\/\/www.fjpremium.com\/fr\/wp-json\/wp\/v2\/types\/product"}],"wp:featuredmedia":[{"embeddable":true,"href":"https:\/\/www.fjpremium.com\/fr\/wp-json\/wp\/v2\/media\/17650"}],"wp:attachment":[{"href":"https:\/\/www.fjpremium.com\/fr\/wp-json\/wp\/v2\/media?parent=17649"}],"wp:term":[{"taxonomy":"product_brand","embeddable":true,"href":"https:\/\/www.fjpremium.com\/fr\/wp-json\/wp\/v2\/product_brand?post=17649"},{"taxonomy":"product_cat","embeddable":true,"href":"https:\/\/www.fjpremium.com\/fr\/wp-json\/wp\/v2\/product_cat?post=17649"},{"taxonomy":"product_tag","embeddable":true,"href":"https:\/\/www.fjpremium.com\/fr\/wp-json\/wp\/v2\/product_tag?post=17649"}],"curies":[{"name":"wp","href":"https:\/\/api.w.org\/{rel}","templated":true}]}}