{"id":17642,"date":"2021-03-11T10:33:53","date_gmt":"2021-03-11T02:33:53","guid":{"rendered":"https:\/\/www.fjpremium.com\/?post_type=product&#038;p=17642"},"modified":"2023-11-02T14:12:59","modified_gmt":"2023-11-02T06:12:59","slug":"headset-y-splitter-cable-3-5mm-male-to-separate-stereo-microphone-female-jack-cable","status":"publish","type":"product","link":"https:\/\/www.fjpremium.com\/fr\/product\/headset-y-splitter-cable-3-5mm-male-to-separate-stereo-microphone-female-jack-cable\/","title":{"rendered":"Adaptateur en Y pour casque d'\u00e9coute, 3.5mm Male to Separate Stereo &amp; Microphone Female Jack cable"},"content":{"rendered":"<p>Con\u00e7u avec soin, l'adaptateur en Y pour casque d'\u00e9coute vous permet de connecter en toute transparence vos casques d'\u00e9coute dot\u00e9s de prises s\u00e9par\u00e9es pour le casque et le microphone \u00e0 votre ordinateur, \u00e9liminant ainsi l'obstacle des appareils \u00e0 prise d'\u00e9couteur unique.<\/p>\n<p>Enrichi d'un placage en or 24K, il am\u00e9liore la qualit\u00e9 du son tout en r\u00e9duisant les pertes, offrant ainsi une exp\u00e9rience audio in\u00e9gal\u00e9e.<\/p>\n<p>Le cuivre nu robuste maximise la conductivit\u00e9 et la durabilit\u00e9, promettant des performances durables.<\/p>\n<p>Une gaine souple en PVC entoure notre c\u00e2ble, garantissant son int\u00e9grit\u00e9 en toutes circonstances.<\/p>\n<p>Ses caract\u00e9ristiques :<\/p>\n<ul>\n<li>Calibre du fil : 30AWG<\/li>\n<li>Blindage : N\/A<\/li>\n<li>Bo\u00eetier : Moule \u00e0 injection<\/li>\n<li>Puce : N\/M<\/li>\n<li>Diam\u00e8tre ext\u00e9rieur : 2,6\u00d75,2 mm<\/li>\n<\/ul>\n<p>De plus, plongez dans un univers sonore de haute qualit\u00e9 avec lui, conforme aux normes RoHS et REACH. En r\u00e9sum\u00e9, contactez-nous d\u00e8s aujourd'hui et commandez-le.<\/p>","protected":false},"excerpt":{"rendered":"<p>Lib\u00e9rez une qualit\u00e9 audio sup\u00e9rieure avec l&#039;adaptateur de casque s\u00e9parateur en Y de Farsince, offrant un son net gr\u00e2ce \u00e0 ses composants plaqu\u00e9s or 24 carats.<\/p>","protected":false},"featured_media":17645,"template":"","meta":{"_acf_changed":false,"_seopress_robots_primary_cat":"","_seopress_titles_title":"Y Splitter Headset Adapter Cable 3.5mm Male to Separate Stereo\/Microphone Female Jack Cable - Farsince","_seopress_titles_desc":"Connect your headset with Farsince&#039;s Y Splitter Headset Adapter Cable. Our cable features a 3.5mm male connector and separate stereo\/microphone female jacks, allowing you to use your headset with devices that have separate audio and microphone inputs. ","_seopress_robots_index":"","site-sidebar-layout":"default","site-content-layout":"default","ast-site-content-layout":"default","site-content-style":"default","site-sidebar-style":"default","ast-global-header-display":"","ast-banner-title-visibility":"","ast-main-header-display":"","ast-hfb-above-header-display":"","ast-hfb-below-header-display":"","ast-hfb-mobile-header-display":"","site-post-title":"","ast-breadcrumbs-content":"","ast-featured-img":"","footer-sml-layout":"","ast-disable-related-posts":"","theme-transparent-header-meta":"default","adv-header-id-meta":"","stick-header-meta":"","header-above-stick-meta":"","header-main-stick-meta":"","header-below-stick-meta":"","astra-migrate-meta-layouts":"set","ast-page-background-enabled":"default","ast-page-background-meta":{"desktop":{"background-color":"","background-image":"","background-repeat":"repeat","background-position":"center center","background-size":"auto","background-attachment":"scroll","background-type":"","background-media":"","overlay-type":"","overlay-color":"","overlay-opacity":"","overlay-gradient":""},"tablet":{"background-color":"","background-image":"","background-repeat":"repeat","background-position":"center center","background-size":"auto","background-attachment":"scroll","background-type":"","background-media":"","overlay-type":"","overlay-color":"","overlay-opacity":"","overlay-gradient":""},"mobile":{"background-color":"","background-image":"","background-repeat":"repeat","background-position":"center center","background-size":"auto","background-attachment":"scroll","background-type":"","background-media":"","overlay-type":"","overlay-color":"","overlay-opacity":"","overlay-gradient":""}},"ast-content-background-meta":{"desktop":{"background-color":"var(--ast-global-color-5)","background-image":"","background-repeat":"repeat","background-position":"center center","background-size":"auto","background-attachment":"scroll","background-type":"","background-media":"","overlay-type":"","overlay-color":"","overlay-opacity":"","overlay-gradient":""},"tablet":{"background-color":"var(--ast-global-color-5)","background-image":"","background-repeat":"repeat","background-position":"center center","background-size":"auto","background-attachment":"scroll","background-type":"","background-media":"","overlay-type":"","overlay-color":"","overlay-opacity":"","overlay-gradient":""},"mobile":{"background-color":"var(--ast-global-color-5)","background-image":"","background-repeat":"repeat","background-position":"center center","background-size":"auto","background-attachment":"scroll","background-type":"","background-media":"","overlay-type":"","overlay-color":"","overlay-opacity":"","overlay-gradient":""}},"iawp_total_views":7},"product_brand":[],"product_cat":[219],"product_tag":[],"class_list":{"0":"post-17642","1":"product","2":"type-product","3":"status-publish","4":"has-post-thumbnail","6":"product_cat-audio-video","7":"desktop-align-left","8":"tablet-align-left","9":"mobile-align-left","11":"first","12":"instock","13":"shipping-taxable","14":"purchasable","15":"product-type-simple"},"acf":[],"_links":{"self":[{"href":"https:\/\/www.fjpremium.com\/fr\/wp-json\/wp\/v2\/product\/17642","targetHints":{"allow":["GET"]}}],"collection":[{"href":"https:\/\/www.fjpremium.com\/fr\/wp-json\/wp\/v2\/product"}],"about":[{"href":"https:\/\/www.fjpremium.com\/fr\/wp-json\/wp\/v2\/types\/product"}],"wp:featuredmedia":[{"embeddable":true,"href":"https:\/\/www.fjpremium.com\/fr\/wp-json\/wp\/v2\/media\/17645"}],"wp:attachment":[{"href":"https:\/\/www.fjpremium.com\/fr\/wp-json\/wp\/v2\/media?parent=17642"}],"wp:term":[{"taxonomy":"product_brand","embeddable":true,"href":"https:\/\/www.fjpremium.com\/fr\/wp-json\/wp\/v2\/product_brand?post=17642"},{"taxonomy":"product_cat","embeddable":true,"href":"https:\/\/www.fjpremium.com\/fr\/wp-json\/wp\/v2\/product_cat?post=17642"},{"taxonomy":"product_tag","embeddable":true,"href":"https:\/\/www.fjpremium.com\/fr\/wp-json\/wp\/v2\/product_tag?post=17642"}],"curies":[{"name":"wp","href":"https:\/\/api.w.org\/{rel}","templated":true}]}}