{"id":17633,"date":"2021-03-11T10:32:17","date_gmt":"2021-03-11T02:32:17","guid":{"rendered":"https:\/\/www.fjpremium.com\/?post_type=product&#038;p=17633"},"modified":"2023-05-24T15:15:39","modified_gmt":"2023-05-24T07:15:39","slug":"3-5mm-male-to-female-aux-stereo-audio-extension-cable","status":"publish","type":"product","link":"https:\/\/www.fjpremium.com\/fr\/product\/3-5mm-male-to-female-aux-stereo-audio-extension-cable\/","title":{"rendered":"C\u00e2ble d'extension audio st\u00e9r\u00e9o 3,5 mm m\u00e2le vers femelle AUX"},"content":{"rendered":"<p>Ce c\u00e2ble d'extension audio est id\u00e9al pour prolonger la connexion entre votre lecteur MP3, votre smartphone, votre tablette, votre ordinateur ou tout autre appareil audio dot\u00e9 d'un port auxiliaire de 3,5 mm (AUX) et votre casque, vos enceintes, votre amplificateur, votre r\u00e9cepteur AV ou votre syst\u00e8me st\u00e9r\u00e9o de voiture.<\/p>\n<p>Les principales caract\u00e9ristiques du c\u00e2ble d'extension audio comprennent une extension audio st\u00e9r\u00e9o m\u00e2le-femelle de 3,5 mm avec des contacts plaqu\u00e9s or et une coque, ce qui en fait un moyen pratique d'\u00e9tendre votre c\u00e2ble st\u00e9r\u00e9o existant.<\/p>\n<p>Il transmet de mani\u00e8re transparente l'audio st\u00e9r\u00e9o, offrant un son de haute qualit\u00e9 tout en garantissant la fiabilit\u00e9 et en r\u00e9duisant la perte de signal et le bruit.<\/p>\n<p>De plus, la gaine flexible en PVC et les conducteurs en cuivre nu contribuent \u00e0 ses performances sup\u00e9rieures.<\/p>\n<p>Notre c\u00e2ble d'extension audio a de multiples applications.<\/p>\n<p>Il permet de connecter votre ordinateur portable, votre ordinateur de bureau ou votre smartphone \u00e0 un casque dot\u00e9 de prises s\u00e9par\u00e9es pour le casque et le microphone pour Skype, MSN Messenger, Yahoo, Google Voice, etc.<\/p>\n<p>Il peut \u00e9galement connecter vos appareils \u00e0 un microphone et \u00e0 des \u00e9couteurs pour un enregistrement en d\u00e9placement ou \u00e0 un microphone et \u00e0 un haut-parleur pour une exp\u00e9rience KTV instantan\u00e9e.<\/p>\n<p>Cependant, le port casque de ce c\u00e2ble n'est compatible qu'avec les casques standard CTIA et ne prend pas en charge les casques iPhone ni les casques OMTP.<\/p>\n<p>Il n'est pas compatible avec les \u00e9couteurs Apple iPhone ou Beats, ni avec le microphone RODE.<\/p>\n<p>En outre, le conducteur du c\u00e2ble est soit en cuivre nu, soit en CCS avec un calibre de 30AWG.<\/p>\n<p>Le bo\u00eetier du c\u00e2ble est fabriqu\u00e9 \u00e0 l'aide d'un moule \u00e0 injection, ce qui permet d'obtenir une conception durable et fiable.<\/p>\n<p>Avec un diam\u00e8tre ext\u00e9rieur de 3,0\u00b10,2 mm, il offre un profil compact et \u00e9l\u00e9gant tout en garantissant des performances optimales.<\/p>\n<p>En conclusion, choisissez notre c\u00e2ble d'extension audio pour une exp\u00e9rience audio fiable et de qualit\u00e9 sup\u00e9rieure.<\/p>\n<h2>T\u00e9l\u00e9charger :<\/h2>\n<ul>\n<li>Fiche technique du c\u00e2ble d'extension audio st\u00e9r\u00e9o 3,5 mm m\u00e2le vers m\u00e2le AUX<\/li>\n<\/ul>\n<h2>Informations sur la commande :<\/h2>\n<ul>\n<li>FS18003-010 : 1.0M<\/li>\n<li>FS18003-018 : 1,8M<\/li>\n<li>FS18003-030 : 3.0M<\/li>\n<li>FS18003-050 : 5.0M<\/li>\n<\/ul>","protected":false},"excerpt":{"rendered":"<p>B\u00e9n\u00e9ficiez d'une transmission audio sans faille gr\u00e2ce \u00e0 notre c\u00e2ble d'extension audio, con\u00e7u pour am\u00e9liorer la connexion entre vos appareils audio et vos syst\u00e8mes de sonorisation.<\/p>","protected":false},"featured_media":17637,"template":"","meta":{"_acf_changed":false,"_seopress_robots_primary_cat":"","_seopress_titles_title":"Best Stereo Audio Extension Cable - Farsince","_seopress_titles_desc":"","_seopress_robots_index":"","site-sidebar-layout":"default","site-content-layout":"default","ast-site-content-layout":"default","site-content-style":"default","site-sidebar-style":"default","ast-global-header-display":"","ast-banner-title-visibility":"","ast-main-header-display":"","ast-hfb-above-header-display":"","ast-hfb-below-header-display":"","ast-hfb-mobile-header-display":"","site-post-title":"","ast-breadcrumbs-content":"","ast-featured-img":"","footer-sml-layout":"","ast-disable-related-posts":"","theme-transparent-header-meta":"default","adv-header-id-meta":"","stick-header-meta":"","header-above-stick-meta":"","header-main-stick-meta":"","header-below-stick-meta":"","astra-migrate-meta-layouts":"default","ast-page-background-enabled":"default","ast-page-background-meta":{"desktop":{"background-color":"","background-image":"","background-repeat":"repeat","background-position":"center center","background-size":"auto","background-attachment":"scroll","background-type":"","background-media":"","overlay-type":"","overlay-color":"","overlay-opacity":"","overlay-gradient":""},"tablet":{"background-color":"","background-image":"","background-repeat":"repeat","background-position":"center center","background-size":"auto","background-attachment":"scroll","background-type":"","background-media":"","overlay-type":"","overlay-color":"","overlay-opacity":"","overlay-gradient":""},"mobile":{"background-color":"","background-image":"","background-repeat":"repeat","background-position":"center center","background-size":"auto","background-attachment":"scroll","background-type":"","background-media":"","overlay-type":"","overlay-color":"","overlay-opacity":"","overlay-gradient":""}},"ast-content-background-meta":{"desktop":{"background-color":"var(--ast-global-color-5)","background-image":"","background-repeat":"repeat","background-position":"center center","background-size":"auto","background-attachment":"scroll","background-type":"","background-media":"","overlay-type":"","overlay-color":"","overlay-opacity":"","overlay-gradient":""},"tablet":{"background-color":"var(--ast-global-color-5)","background-image":"","background-repeat":"repeat","background-position":"center center","background-size":"auto","background-attachment":"scroll","background-type":"","background-media":"","overlay-type":"","overlay-color":"","overlay-opacity":"","overlay-gradient":""},"mobile":{"background-color":"var(--ast-global-color-5)","background-image":"","background-repeat":"repeat","background-position":"center center","background-size":"auto","background-attachment":"scroll","background-type":"","background-media":"","overlay-type":"","overlay-color":"","overlay-opacity":"","overlay-gradient":""}},"iawp_total_views":14},"product_brand":[],"product_cat":[219],"product_tag":[],"class_list":{"0":"post-17633","1":"product","2":"type-product","3":"status-publish","4":"has-post-thumbnail","6":"product_cat-audio-video","7":"desktop-align-left","8":"tablet-align-left","9":"mobile-align-left","11":"first","12":"instock","13":"shipping-taxable","14":"purchasable","15":"product-type-simple"},"acf":[],"_links":{"self":[{"href":"https:\/\/www.fjpremium.com\/fr\/wp-json\/wp\/v2\/product\/17633","targetHints":{"allow":["GET"]}}],"collection":[{"href":"https:\/\/www.fjpremium.com\/fr\/wp-json\/wp\/v2\/product"}],"about":[{"href":"https:\/\/www.fjpremium.com\/fr\/wp-json\/wp\/v2\/types\/product"}],"wp:featuredmedia":[{"embeddable":true,"href":"https:\/\/www.fjpremium.com\/fr\/wp-json\/wp\/v2\/media\/17637"}],"wp:attachment":[{"href":"https:\/\/www.fjpremium.com\/fr\/wp-json\/wp\/v2\/media?parent=17633"}],"wp:term":[{"taxonomy":"product_brand","embeddable":true,"href":"https:\/\/www.fjpremium.com\/fr\/wp-json\/wp\/v2\/product_brand?post=17633"},{"taxonomy":"product_cat","embeddable":true,"href":"https:\/\/www.fjpremium.com\/fr\/wp-json\/wp\/v2\/product_cat?post=17633"},{"taxonomy":"product_tag","embeddable":true,"href":"https:\/\/www.fjpremium.com\/fr\/wp-json\/wp\/v2\/product_tag?post=17633"}],"curies":[{"name":"wp","href":"https:\/\/api.w.org\/{rel}","templated":true}]}}