{"id":17632,"date":"2021-03-11T10:31:05","date_gmt":"2021-03-11T02:31:05","guid":{"rendered":"https:\/\/www.fjpremium.com\/?post_type=product&#038;p=17632"},"modified":"2023-05-24T15:17:29","modified_gmt":"2023-05-24T07:17:29","slug":"90-degree-angle-3-5mm-male-to-male-aux-stereo-audio-cable","status":"publish","type":"product","link":"https:\/\/www.fjpremium.com\/fr\/product\/90-degree-angle-3-5mm-male-to-male-aux-stereo-audio-cable\/","title":{"rendered":"C\u00e2ble audio m\u00e2le\/m\u00e2le 3,5 mm avec angle de 90 degr\u00e9s"},"content":{"rendered":"<p>Notre c\u00e2ble audio m\u00e2le-m\u00e2le est con\u00e7u avec un port auxiliaire de 3,5 mm (AUX) pour une compatibilit\u00e9 et une commodit\u00e9 optimales.<\/p>\n<p>Sa caract\u00e9ristique principale est le connecteur coud\u00e9 \u00e0 90 degr\u00e9s.<\/p>\n<p>Cette conception permet un acc\u00e8s pratique au port, r\u00e9duisant la tension au point de connexion afin d'\u00e9viter d'endommager \u00e0 la fois le c\u00e2ble et les ports auxiliaires de vos appareils.<\/p>\n<p>La gaine et le moulage en PVC souple am\u00e9liorent encore la flexibilit\u00e9 et la durabilit\u00e9 du c\u00e2ble, offrant ainsi une connexion robuste et durable.<\/p>\n<p>Le c\u00e2ble audio m\u00e2le-m\u00e2le permet de transmettre de mani\u00e8re transparente un son st\u00e9r\u00e9o de haute qualit\u00e9 tout en garantissant la fiabilit\u00e9 et en r\u00e9duisant la perte de signal et le bruit.<\/p>\n<p>Cette performance sup\u00e9rieure est rendue possible par la combinaison de connecteurs plaqu\u00e9s or et de conducteurs en cuivre nu, garantissant une transmission audio sans perte et une exp\u00e9rience audio immersive.<\/p>\n<p>D'un point de vue technique, ce c\u00e2ble audio est dot\u00e9 d'un connecteur st\u00e9r\u00e9o m\u00e2le coud\u00e9 de 3,5 mm et d'un connecteur st\u00e9r\u00e9o m\u00e2le de 3,5 mm, tous deux avec des contacts et des coques plaqu\u00e9s or.<\/p>\n<p>Le conducteur du c\u00e2ble peut \u00eatre CCS, avec un calibre de 30AWG.<\/p>\n<p>Le bo\u00eetier est un moule \u00e0 injection d'un diam\u00e8tre ext\u00e9rieur de 3,0\u00b10,2 mm. La conformit\u00e9 aux normes RoHS et REACH t\u00e9moigne de la qualit\u00e9 et de la s\u00e9curit\u00e9 du c\u00e2ble.<\/p>\n<p>En r\u00e9sum\u00e9, notre c\u00e2ble est une solution fiable et performante pour tous vos besoins en mati\u00e8re de connexion audio.<\/p>\n<p>Profitez d'une qualit\u00e9 sonore sup\u00e9rieure et d'une grande durabilit\u00e9 gr\u00e2ce \u00e0 ce c\u00e2ble audio polyvalent m\u00e2le-m\u00e2le.<\/p>\n<h2>T\u00e9l\u00e9charger :<\/h2>\n<ul>\n<li>Fiche technique du c\u00e2ble audio st\u00e9r\u00e9o 3,5 mm m\u00e2le vers m\u00e2le AUX avec angle de 90 degr\u00e9s<\/li>\n<\/ul>\n<h2>Informations sur la commande :<\/h2>\n<ul>\n<li>FS18002-010 : 1.0M<\/li>\n<li>FS18002-018 : 1.8M<\/li>\n<li>FS18002-030 : 3.0M<\/li>\n<li>FS18002-050 : 5.0M<\/li>\n<\/ul>","protected":false},"excerpt":{"rendered":"<p>Ce c\u00e2ble audio m\u00e2le-m\u00e2le de haute qualit\u00e9 est la solution id\u00e9ale pour connecter vos appareils audio \u00e0 des \u00e9couteurs, des haut-parleurs ou des syst\u00e8mes st\u00e9r\u00e9o de voiture.<\/p>","protected":false},"featured_media":0,"template":"","meta":{"_acf_changed":false,"_seopress_robots_primary_cat":"","_seopress_titles_title":"90 Degree Angle 3.5mm Male to Male Audio Cable - Farsince","_seopress_titles_desc":"","_seopress_robots_index":"","site-sidebar-layout":"default","site-content-layout":"default","ast-site-content-layout":"default","site-content-style":"default","site-sidebar-style":"default","ast-global-header-display":"","ast-banner-title-visibility":"","ast-main-header-display":"","ast-hfb-above-header-display":"","ast-hfb-below-header-display":"","ast-hfb-mobile-header-display":"","site-post-title":"","ast-breadcrumbs-content":"","ast-featured-img":"","footer-sml-layout":"","ast-disable-related-posts":"","theme-transparent-header-meta":"default","adv-header-id-meta":"","stick-header-meta":"","header-above-stick-meta":"","header-main-stick-meta":"","header-below-stick-meta":"","astra-migrate-meta-layouts":"default","ast-page-background-enabled":"default","ast-page-background-meta":{"desktop":{"background-color":"","background-image":"","background-repeat":"repeat","background-position":"center center","background-size":"auto","background-attachment":"scroll","background-type":"","background-media":"","overlay-type":"","overlay-color":"","overlay-opacity":"","overlay-gradient":""},"tablet":{"background-color":"","background-image":"","background-repeat":"repeat","background-position":"center center","background-size":"auto","background-attachment":"scroll","background-type":"","background-media":"","overlay-type":"","overlay-color":"","overlay-opacity":"","overlay-gradient":""},"mobile":{"background-color":"","background-image":"","background-repeat":"repeat","background-position":"center center","background-size":"auto","background-attachment":"scroll","background-type":"","background-media":"","overlay-type":"","overlay-color":"","overlay-opacity":"","overlay-gradient":""}},"ast-content-background-meta":{"desktop":{"background-color":"var(--ast-global-color-5)","background-image":"","background-repeat":"repeat","background-position":"center center","background-size":"auto","background-attachment":"scroll","background-type":"","background-media":"","overlay-type":"","overlay-color":"","overlay-opacity":"","overlay-gradient":""},"tablet":{"background-color":"var(--ast-global-color-5)","background-image":"","background-repeat":"repeat","background-position":"center center","background-size":"auto","background-attachment":"scroll","background-type":"","background-media":"","overlay-type":"","overlay-color":"","overlay-opacity":"","overlay-gradient":""},"mobile":{"background-color":"var(--ast-global-color-5)","background-image":"","background-repeat":"repeat","background-position":"center center","background-size":"auto","background-attachment":"scroll","background-type":"","background-media":"","overlay-type":"","overlay-color":"","overlay-opacity":"","overlay-gradient":""}},"iawp_total_views":9},"product_brand":[],"product_cat":[219],"product_tag":[],"class_list":{"0":"post-17632","1":"product","2":"type-product","3":"status-publish","5":"product_cat-audio-video","6":"desktop-align-left","7":"tablet-align-left","8":"mobile-align-left","10":"first","11":"instock","12":"shipping-taxable","13":"purchasable","14":"product-type-simple"},"acf":[],"_links":{"self":[{"href":"https:\/\/www.fjpremium.com\/fr\/wp-json\/wp\/v2\/product\/17632","targetHints":{"allow":["GET"]}}],"collection":[{"href":"https:\/\/www.fjpremium.com\/fr\/wp-json\/wp\/v2\/product"}],"about":[{"href":"https:\/\/www.fjpremium.com\/fr\/wp-json\/wp\/v2\/types\/product"}],"wp:attachment":[{"href":"https:\/\/www.fjpremium.com\/fr\/wp-json\/wp\/v2\/media?parent=17632"}],"wp:term":[{"taxonomy":"product_brand","embeddable":true,"href":"https:\/\/www.fjpremium.com\/fr\/wp-json\/wp\/v2\/product_brand?post=17632"},{"taxonomy":"product_cat","embeddable":true,"href":"https:\/\/www.fjpremium.com\/fr\/wp-json\/wp\/v2\/product_cat?post=17632"},{"taxonomy":"product_tag","embeddable":true,"href":"https:\/\/www.fjpremium.com\/fr\/wp-json\/wp\/v2\/product_tag?post=17632"}],"curies":[{"name":"wp","href":"https:\/\/api.w.org\/{rel}","templated":true}]}}