{"id":17623,"date":"2021-03-11T10:27:42","date_gmt":"2021-03-11T02:27:42","guid":{"rendered":"https:\/\/www.fjpremium.com\/?post_type=product&#038;p=17623"},"modified":"2023-09-21T09:50:32","modified_gmt":"2023-09-21T01:50:32","slug":"high-quality-3-5mm-male-to-male-aux-stereo-audio-cable-with-metal-housing","status":"publish","type":"product","link":"https:\/\/www.fjpremium.com\/fr\/product\/high-quality-3-5mm-male-to-male-aux-stereo-audio-cable-with-metal-housing\/","title":{"rendered":"C\u00e2ble audio st\u00e9r\u00e9o AUX de 3,5 mm m\u00e2le \u00e0 m\u00e2le de haute qualit\u00e9 avec bo\u00eetier m\u00e9tallique"},"content":{"rendered":"<p>Notre c\u00e2ble de haute qualit\u00e9 est con\u00e7u pour connecter une gamme d'appareils audio, des lecteurs MP3 aux syst\u00e8mes st\u00e9r\u00e9o de voiture, offrant une transmission transparente de la musique, des podcasts et d'autres fichiers audio.<\/p>\n<p>Les connecteurs plaqu\u00e9s or et les conducteurs en cuivre nu fonctionnent \u00e0 l'unisson pour offrir des performances de c\u00e2ble sup\u00e9rieures et une transmission audio sans perte.<\/p>\n<p>Dot\u00e9 d'un bo\u00eetier en alliage de zinc durable et d'une gaine en PVC flexible, ce c\u00e2ble audio AUX st\u00e9r\u00e9o m\u00e2le \u00e0 m\u00e2le de 3,5 mm promet une long\u00e9vit\u00e9 et une flexibilit\u00e9 accrues.<\/p>\n<p>Sa conception biseaut\u00e9e garantit une connectivit\u00e9 compl\u00e8te, m\u00eame avec des \u00e9tuis de protection.<\/p>\n<p>Ses caract\u00e9ristiques :<\/p>\n<ul>\n<li>Calibre du fil : 30AWG<\/li>\n<li>Blindage : N\/A<\/li>\n<li>Puce : N\/M<\/li>\n<li>Diam\u00e8tre ext\u00e9rieur : 3,0\u00b10,2 mm<\/li>\n<\/ul>\n<p>De plus, conforme aux normes RoHS et REACH, il red\u00e9finit vos exp\u00e9riences audio. Dans l'ensemble, contactez-nous d\u00e8s aujourd'hui pour l'ajouter \u00e0 votre inventaire.<\/p>","protected":false},"excerpt":{"rendered":"<p>B\u00e9n\u00e9ficiez d'une qualit\u00e9 sonore exceptionnelle gr\u00e2ce au c\u00e2ble AUX audio st\u00e9r\u00e9o 3,5 mm m\u00e2le vers m\u00e2le de Farsince, con\u00e7u pour connecter divers appareils audio en toute transparence.<\/p>","protected":false},"featured_media":17624,"template":"","meta":{"_acf_changed":false,"_seopress_robots_primary_cat":"","_seopress_titles_title":"3.5 mm Male to Male Stereo Audio AUX Cable - Farsince","_seopress_titles_desc":"","_seopress_robots_index":"","site-sidebar-layout":"default","site-content-layout":"default","ast-site-content-layout":"default","site-content-style":"default","site-sidebar-style":"default","ast-global-header-display":"","ast-banner-title-visibility":"","ast-main-header-display":"","ast-hfb-above-header-display":"","ast-hfb-below-header-display":"","ast-hfb-mobile-header-display":"","site-post-title":"","ast-breadcrumbs-content":"","ast-featured-img":"","footer-sml-layout":"","ast-disable-related-posts":"","theme-transparent-header-meta":"default","adv-header-id-meta":"","stick-header-meta":"","header-above-stick-meta":"","header-main-stick-meta":"","header-below-stick-meta":"","astra-migrate-meta-layouts":"set","ast-page-background-enabled":"default","ast-page-background-meta":{"desktop":{"background-color":"","background-image":"","background-repeat":"repeat","background-position":"center center","background-size":"auto","background-attachment":"scroll","background-type":"","background-media":"","overlay-type":"","overlay-color":"","overlay-opacity":"","overlay-gradient":""},"tablet":{"background-color":"","background-image":"","background-repeat":"repeat","background-position":"center center","background-size":"auto","background-attachment":"scroll","background-type":"","background-media":"","overlay-type":"","overlay-color":"","overlay-opacity":"","overlay-gradient":""},"mobile":{"background-color":"","background-image":"","background-repeat":"repeat","background-position":"center center","background-size":"auto","background-attachment":"scroll","background-type":"","background-media":"","overlay-type":"","overlay-color":"","overlay-opacity":"","overlay-gradient":""}},"ast-content-background-meta":{"desktop":{"background-color":"var(--ast-global-color-5)","background-image":"","background-repeat":"repeat","background-position":"center center","background-size":"auto","background-attachment":"scroll","background-type":"","background-media":"","overlay-type":"","overlay-color":"","overlay-opacity":"","overlay-gradient":""},"tablet":{"background-color":"var(--ast-global-color-5)","background-image":"","background-repeat":"repeat","background-position":"center center","background-size":"auto","background-attachment":"scroll","background-type":"","background-media":"","overlay-type":"","overlay-color":"","overlay-opacity":"","overlay-gradient":""},"mobile":{"background-color":"var(--ast-global-color-5)","background-image":"","background-repeat":"repeat","background-position":"center center","background-size":"auto","background-attachment":"scroll","background-type":"","background-media":"","overlay-type":"","overlay-color":"","overlay-opacity":"","overlay-gradient":""}},"iawp_total_views":3},"product_brand":[],"product_cat":[219],"product_tag":[],"class_list":{"0":"post-17623","1":"product","2":"type-product","3":"status-publish","4":"has-post-thumbnail","6":"product_cat-audio-video","7":"desktop-align-left","8":"tablet-align-left","9":"mobile-align-left","11":"first","12":"instock","13":"shipping-taxable","14":"purchasable","15":"product-type-simple"},"acf":[],"_links":{"self":[{"href":"https:\/\/www.fjpremium.com\/fr\/wp-json\/wp\/v2\/product\/17623","targetHints":{"allow":["GET"]}}],"collection":[{"href":"https:\/\/www.fjpremium.com\/fr\/wp-json\/wp\/v2\/product"}],"about":[{"href":"https:\/\/www.fjpremium.com\/fr\/wp-json\/wp\/v2\/types\/product"}],"wp:featuredmedia":[{"embeddable":true,"href":"https:\/\/www.fjpremium.com\/fr\/wp-json\/wp\/v2\/media\/17624"}],"wp:attachment":[{"href":"https:\/\/www.fjpremium.com\/fr\/wp-json\/wp\/v2\/media?parent=17623"}],"wp:term":[{"taxonomy":"product_brand","embeddable":true,"href":"https:\/\/www.fjpremium.com\/fr\/wp-json\/wp\/v2\/product_brand?post=17623"},{"taxonomy":"product_cat","embeddable":true,"href":"https:\/\/www.fjpremium.com\/fr\/wp-json\/wp\/v2\/product_cat?post=17623"},{"taxonomy":"product_tag","embeddable":true,"href":"https:\/\/www.fjpremium.com\/fr\/wp-json\/wp\/v2\/product_tag?post=17623"}],"curies":[{"name":"wp","href":"https:\/\/api.w.org\/{rel}","templated":true}]}}