{"id":17618,"date":"2021-03-10T17:12:23","date_gmt":"2021-03-10T09:12:23","guid":{"rendered":"https:\/\/www.fjpremium.com\/?post_type=product&#038;p=17618"},"modified":"2023-09-18T14:35:03","modified_gmt":"2023-09-18T06:35:03","slug":"sata-15p-to-6p-cable-sata-cable-15-pin-to-6pin-sata-adapter","status":"publish","type":"product","link":"https:\/\/www.fjpremium.com\/fr\/product\/sata-15p-to-6p-cable-sata-cable-15-pin-to-6pin-sata-adapter\/","title":{"rendered":"C\u00e2ble adaptateur d'alimentation Sata 15 broches vers 6 broches"},"content":{"rendered":"<p>Si l'alimentation de votre ordinateur poss\u00e8de des t\u00eates d'alimentation Sata redondantes et qu'il vous manque une alimentation de carte graphique 6PIN, ce c\u00e2ble est l'accessoire id\u00e9al pour vous.<\/p>\n<p>Il est fabriqu\u00e9 avec pr\u00e9cision et mesure 20 cm de long.<\/p>\n<p>La configuration de notre c\u00e2ble est simple. Vous pouvez connecter le connecteur d'alimentation SATA \u00e0 l'alimentation SATA de l'ordinateur h\u00f4te et l'extr\u00e9mit\u00e9 6Pin \u00e0 la 6PIN de votre carte graphique.<\/p>\n<p>Sa particularit\u00e9 r\u00e9side dans sa conception sur mesure, o\u00f9 seuls six ports peuvent \u00eatre connect\u00e9s, l'un d'entre eux \u00e9tant volontairement laiss\u00e9 vide.<\/p>\n<p>Cela est d\u00fb \u00e0 une configuration unique o\u00f9 deux fils sont connect\u00e9s \u00e0 un seul port.<\/p>\n<p>En r\u00e9sum\u00e9, am\u00e9liorez la fonctionnalit\u00e9 de votre appareil gr\u00e2ce \u00e0 notre c\u00e2ble adaptateur d'alimentation Sata sp\u00e9cialis\u00e9.<\/p>","protected":false},"excerpt":{"rendered":"<p>Pr\u00e9sentation du c\u00e2ble adaptateur secteur Sata 15 broches vers 6 broches de Farsince, la fonctionnalit\u00e9 r\u00e9side dans son adaptabilit\u00e9, une solution mat\u00e9rielle distincte.<\/p>","protected":false},"featured_media":17619,"template":"","meta":{"_acf_changed":false,"_seopress_robots_primary_cat":"","_seopress_titles_title":"Best 15 PIN to 6PIN Sata Power Adapter Cable - FARSINCE","_seopress_titles_desc":"","_seopress_robots_index":"","site-sidebar-layout":"default","site-content-layout":"default","ast-site-content-layout":"default","site-content-style":"default","site-sidebar-style":"default","ast-global-header-display":"","ast-banner-title-visibility":"","ast-main-header-display":"","ast-hfb-above-header-display":"","ast-hfb-below-header-display":"","ast-hfb-mobile-header-display":"","site-post-title":"","ast-breadcrumbs-content":"","ast-featured-img":"","footer-sml-layout":"","ast-disable-related-posts":"","theme-transparent-header-meta":"default","adv-header-id-meta":"","stick-header-meta":"","header-above-stick-meta":"","header-main-stick-meta":"","header-below-stick-meta":"","astra-migrate-meta-layouts":"set","ast-page-background-enabled":"default","ast-page-background-meta":{"desktop":{"background-color":"","background-image":"","background-repeat":"repeat","background-position":"center center","background-size":"auto","background-attachment":"scroll","background-type":"","background-media":"","overlay-type":"","overlay-color":"","overlay-opacity":"","overlay-gradient":""},"tablet":{"background-color":"","background-image":"","background-repeat":"repeat","background-position":"center center","background-size":"auto","background-attachment":"scroll","background-type":"","background-media":"","overlay-type":"","overlay-color":"","overlay-opacity":"","overlay-gradient":""},"mobile":{"background-color":"","background-image":"","background-repeat":"repeat","background-position":"center center","background-size":"auto","background-attachment":"scroll","background-type":"","background-media":"","overlay-type":"","overlay-color":"","overlay-opacity":"","overlay-gradient":""}},"ast-content-background-meta":{"desktop":{"background-color":"var(--ast-global-color-5)","background-image":"","background-repeat":"repeat","background-position":"center center","background-size":"auto","background-attachment":"scroll","background-type":"","background-media":"","overlay-type":"","overlay-color":"","overlay-opacity":"","overlay-gradient":""},"tablet":{"background-color":"var(--ast-global-color-5)","background-image":"","background-repeat":"repeat","background-position":"center center","background-size":"auto","background-attachment":"scroll","background-type":"","background-media":"","overlay-type":"","overlay-color":"","overlay-opacity":"","overlay-gradient":""},"mobile":{"background-color":"var(--ast-global-color-5)","background-image":"","background-repeat":"repeat","background-position":"center center","background-size":"auto","background-attachment":"scroll","background-type":"","background-media":"","overlay-type":"","overlay-color":"","overlay-opacity":"","overlay-gradient":""}},"iawp_total_views":21},"product_brand":[],"product_cat":[633],"product_tag":[],"class_list":{"0":"post-17618","1":"product","2":"type-product","3":"status-publish","4":"has-post-thumbnail","6":"product_cat-pc-cables","7":"desktop-align-left","8":"tablet-align-left","9":"mobile-align-left","11":"first","12":"instock","13":"shipping-taxable","14":"purchasable","15":"product-type-simple"},"acf":[],"_links":{"self":[{"href":"https:\/\/www.fjpremium.com\/fr\/wp-json\/wp\/v2\/product\/17618","targetHints":{"allow":["GET"]}}],"collection":[{"href":"https:\/\/www.fjpremium.com\/fr\/wp-json\/wp\/v2\/product"}],"about":[{"href":"https:\/\/www.fjpremium.com\/fr\/wp-json\/wp\/v2\/types\/product"}],"wp:featuredmedia":[{"embeddable":true,"href":"https:\/\/www.fjpremium.com\/fr\/wp-json\/wp\/v2\/media\/17619"}],"wp:attachment":[{"href":"https:\/\/www.fjpremium.com\/fr\/wp-json\/wp\/v2\/media?parent=17618"}],"wp:term":[{"taxonomy":"product_brand","embeddable":true,"href":"https:\/\/www.fjpremium.com\/fr\/wp-json\/wp\/v2\/product_brand?post=17618"},{"taxonomy":"product_cat","embeddable":true,"href":"https:\/\/www.fjpremium.com\/fr\/wp-json\/wp\/v2\/product_cat?post=17618"},{"taxonomy":"product_tag","embeddable":true,"href":"https:\/\/www.fjpremium.com\/fr\/wp-json\/wp\/v2\/product_tag?post=17618"}],"curies":[{"name":"wp","href":"https:\/\/api.w.org\/{rel}","templated":true}]}}