{"id":17600,"date":"2021-03-10T17:05:45","date_gmt":"2021-03-10T09:05:45","guid":{"rendered":"https:\/\/www.fjpremium.com\/?post_type=product&#038;p=17600"},"modified":"2023-12-14T13:58:48","modified_gmt":"2023-12-14T05:58:48","slug":"thunderbolt-3-usb-4-cable-supper-speed-40gbps-5a100w-pd-fast-charging-charging-cable-tbt3-usb-c-cable","status":"publish","type":"product","link":"https:\/\/www.fjpremium.com\/fr\/product\/thunderbolt-3-usb-4-cable-supper-speed-40gbps-5a100w-pd-fast-charging-charging-cable-tbt3-usb-c-cable\/","title":{"rendered":"Cable Supper Speed 40Gbps 5A100w PD Fast Charging USB C Cable"},"content":{"rendered":"<p>Con\u00e7u avec des connecteurs Thunderbolt 3 USB C m\u00e2le-m\u00e2le, ce c\u00e2ble USB C \u00e0 charge rapide garantit des connexions stables et fiables.<\/p>\n<p>Les connecteurs nickel\u00e9s incorpor\u00e9s dans la conception t\u00e9moignent de la r\u00e9sistance \u00e0 la corrosion et garantissent une meilleure transmission du signal.<\/p>\n<p>En outre, la solide coque m\u00e9tallique qui abrite le c\u00e2ble offre une durabilit\u00e9 sup\u00e9rieure et une protection contre l'usure quotidienne.<\/p>\n<p>L'\u00e2me conductrice de ce c\u00e2ble est compos\u00e9e de cuivre nu de haute puret\u00e9, \u00e9galement appel\u00e9 cuivre sans oxyg\u00e8ne, qui offre une conductivit\u00e9 et une robustesse in\u00e9gal\u00e9es.<\/p>\n<p>De plus, vous pouvez personnaliser votre c\u00e2ble gr\u00e2ce \u00e0 l'option de logo personnalis\u00e9, ce qui ajoute une touche unique et personnalis\u00e9e \u00e0 votre \u00e9quipement technologique.<\/p>\n<p>L'inclusion d'une gaine souple en TPE dans notre c\u00e2ble USB C \u00e0 charge rapide ne fait pas qu'accentuer sa flexibilit\u00e9, mais sert \u00e9galement de couche de d\u00e9fense suppl\u00e9mentaire contre les dommages potentiels.<\/p>\n<p>En outre, il est \u00e9quip\u00e9 pour g\u00e9rer des gammes d'alimentation de 5 \u00e0 20 V et peut supporter un courant maximal de 5 A, ce qui d\u00e9montre son adaptabilit\u00e9 \u00e0 divers besoins en mati\u00e8re d'alimentation.<\/p>\n<p>Outre ses capacit\u00e9s sup\u00e9rieures de chargement et de transfert de donn\u00e9es, ce c\u00e2ble prend \u00e9galement en charge la r\u00e9solution 4K \u00e0 60 Hz, offrant ainsi une exp\u00e9rience visuelle de haute qualit\u00e9 et transparente.<\/p>\n<p>Cette caract\u00e9ristique en fait un excellent choix pour connecter des \u00e9crans haute r\u00e9solution \u00e0 des appareils compatibles.<\/p>\n<p>Le c\u00e2ble USB C \u00e0 charge rapide est donc m\u00e9ticuleusement con\u00e7u pour r\u00e9pondre \u00e0 toutes vos exigences en mati\u00e8re de connectivit\u00e9 et de charge \u00e0 haut d\u00e9bit.<\/p>","protected":false},"excerpt":{"rendered":"<p>Voici notre c\u00e2ble Thunderbolt 3 USB 4, un c\u00e2ble USB C \u00e0 charge rapide dot\u00e9 d'un taux de transfert de donn\u00e9es impressionnant de 40 Gbps et d'une capacit\u00e9 de charge de 100 W.<\/p>","protected":false},"featured_media":17601,"template":"","meta":{"_acf_changed":false,"_seopress_robots_primary_cat":"","_seopress_titles_title":"Fast Charging USB C Cable - Farsince","_seopress_titles_desc":"","_seopress_robots_index":"","site-sidebar-layout":"default","site-content-layout":"default","ast-site-content-layout":"default","site-content-style":"default","site-sidebar-style":"default","ast-global-header-display":"","ast-banner-title-visibility":"","ast-main-header-display":"","ast-hfb-above-header-display":"","ast-hfb-below-header-display":"","ast-hfb-mobile-header-display":"","site-post-title":"","ast-breadcrumbs-content":"","ast-featured-img":"","footer-sml-layout":"","ast-disable-related-posts":"","theme-transparent-header-meta":"default","adv-header-id-meta":"","stick-header-meta":"","header-above-stick-meta":"","header-main-stick-meta":"","header-below-stick-meta":"","astra-migrate-meta-layouts":"default","ast-page-background-enabled":"default","ast-page-background-meta":{"desktop":{"background-color":"","background-image":"","background-repeat":"repeat","background-position":"center center","background-size":"auto","background-attachment":"scroll","background-type":"","background-media":"","overlay-type":"","overlay-color":"","overlay-opacity":"","overlay-gradient":""},"tablet":{"background-color":"","background-image":"","background-repeat":"repeat","background-position":"center center","background-size":"auto","background-attachment":"scroll","background-type":"","background-media":"","overlay-type":"","overlay-color":"","overlay-opacity":"","overlay-gradient":""},"mobile":{"background-color":"","background-image":"","background-repeat":"repeat","background-position":"center center","background-size":"auto","background-attachment":"scroll","background-type":"","background-media":"","overlay-type":"","overlay-color":"","overlay-opacity":"","overlay-gradient":""}},"ast-content-background-meta":{"desktop":{"background-color":"var(--ast-global-color-5)","background-image":"","background-repeat":"repeat","background-position":"center center","background-size":"auto","background-attachment":"scroll","background-type":"","background-media":"","overlay-type":"","overlay-color":"","overlay-opacity":"","overlay-gradient":""},"tablet":{"background-color":"var(--ast-global-color-5)","background-image":"","background-repeat":"repeat","background-position":"center center","background-size":"auto","background-attachment":"scroll","background-type":"","background-media":"","overlay-type":"","overlay-color":"","overlay-opacity":"","overlay-gradient":""},"mobile":{"background-color":"var(--ast-global-color-5)","background-image":"","background-repeat":"repeat","background-position":"center center","background-size":"auto","background-attachment":"scroll","background-type":"","background-media":"","overlay-type":"","overlay-color":"","overlay-opacity":"","overlay-gradient":""}},"iawp_total_views":8},"product_brand":[],"product_cat":[636],"product_tag":[],"class_list":{"0":"post-17600","1":"product","2":"type-product","3":"status-publish","4":"has-post-thumbnail","6":"product_cat-usb-2-0-cables","7":"desktop-align-left","8":"tablet-align-left","9":"mobile-align-left","11":"first","12":"instock","13":"shipping-taxable","14":"purchasable","15":"product-type-simple"},"acf":[],"_links":{"self":[{"href":"https:\/\/www.fjpremium.com\/fr\/wp-json\/wp\/v2\/product\/17600","targetHints":{"allow":["GET"]}}],"collection":[{"href":"https:\/\/www.fjpremium.com\/fr\/wp-json\/wp\/v2\/product"}],"about":[{"href":"https:\/\/www.fjpremium.com\/fr\/wp-json\/wp\/v2\/types\/product"}],"wp:featuredmedia":[{"embeddable":true,"href":"https:\/\/www.fjpremium.com\/fr\/wp-json\/wp\/v2\/media\/17601"}],"wp:attachment":[{"href":"https:\/\/www.fjpremium.com\/fr\/wp-json\/wp\/v2\/media?parent=17600"}],"wp:term":[{"taxonomy":"product_brand","embeddable":true,"href":"https:\/\/www.fjpremium.com\/fr\/wp-json\/wp\/v2\/product_brand?post=17600"},{"taxonomy":"product_cat","embeddable":true,"href":"https:\/\/www.fjpremium.com\/fr\/wp-json\/wp\/v2\/product_cat?post=17600"},{"taxonomy":"product_tag","embeddable":true,"href":"https:\/\/www.fjpremium.com\/fr\/wp-json\/wp\/v2\/product_tag?post=17600"}],"curies":[{"name":"wp","href":"https:\/\/api.w.org\/{rel}","templated":true}]}}