{"id":17583,"date":"2021-03-10T17:00:13","date_gmt":"2021-03-10T09:00:13","guid":{"rendered":"https:\/\/www.fjpremium.com\/?post_type=product&#038;p=17583"},"modified":"2023-09-18T14:29:53","modified_gmt":"2023-09-18T06:29:53","slug":"sata-15pin-to-5-25-male-5-25-female-internal-power-cable","status":"publish","type":"product","link":"https:\/\/www.fjpremium.com\/fr\/product\/sata-15pin-to-5-25-male-5-25-female-internal-power-cable\/","title":{"rendered":"C\u00e2ble d'alimentation SATA 15 broches vers 5,25\" m\u00e2le 5,25\u2033 femelle"},"content":{"rendered":"<p>Avec un design ing\u00e9nieux de 15 broches vers 5,25\" m\u00e2le et femelle, le c\u00e2ble d'alimentation est la solution ultime pour alimenter les disques Serial ATA avec des connecteurs internes standard.<\/p>\n<p>Sa conception sup\u00e9rieure, avec des contacts plaqu\u00e9s or et une coque plaqu\u00e9e nickel, assure une conductivit\u00e9 \u00e9lev\u00e9e et une r\u00e9sistance \u00e0 la corrosion, promettant une fiabilit\u00e9 \u00e0 long terme.<\/p>\n<p>Nos c\u00e2bles, fabriqu\u00e9s avec des fils robustes de calibre 18AWG et une isolation HDPE, garantissent une alimentation \u00e9lectrique s\u00fbre et efficace.<\/p>\n<p>Mesurant 15cm+30cm, ils offrent une grande flexibilit\u00e9 pour une installation facile.<\/p>\n<p>En outre, vous pouvez compter sur son adh\u00e9sion aux r\u00e9glementations RoHS et REACH, qui garantissent \u00e0 la fois la s\u00e9curit\u00e9 et la responsabilit\u00e9 environnementale.<\/p>\n<p>En r\u00e9sum\u00e9, contactez-nous d\u00e8s aujourd'hui et commandez ce c\u00e2ble d'alimentation SATA pour b\u00e9n\u00e9ficier d'une solution d'alimentation efficace et sans souci qui vous permettra d'am\u00e9liorer vos op\u00e9rations commerciales.<\/p>","protected":false},"excerpt":{"rendered":"<p>Alimentez les appareils SATA sans effort avec le c\u00e2ble d&#039;alimentation SATA de Farsince pour une conductivit\u00e9 sup\u00e9rieure, une haute fiabilit\u00e9 et une facilit\u00e9 de plug-and-play.<\/p>","protected":false},"featured_media":17584,"template":"","meta":{"_acf_changed":false,"_seopress_robots_primary_cat":"","_seopress_titles_title":"Best SATA Power Supply Cable - Farsince","_seopress_titles_desc":"","_seopress_robots_index":"","site-sidebar-layout":"default","site-content-layout":"default","ast-site-content-layout":"default","site-content-style":"default","site-sidebar-style":"default","ast-global-header-display":"","ast-banner-title-visibility":"","ast-main-header-display":"","ast-hfb-above-header-display":"","ast-hfb-below-header-display":"","ast-hfb-mobile-header-display":"","site-post-title":"","ast-breadcrumbs-content":"","ast-featured-img":"","footer-sml-layout":"","ast-disable-related-posts":"","theme-transparent-header-meta":"default","adv-header-id-meta":"","stick-header-meta":"","header-above-stick-meta":"","header-main-stick-meta":"","header-below-stick-meta":"","astra-migrate-meta-layouts":"set","ast-page-background-enabled":"default","ast-page-background-meta":{"desktop":{"background-color":"","background-image":"","background-repeat":"repeat","background-position":"center center","background-size":"auto","background-attachment":"scroll","background-type":"","background-media":"","overlay-type":"","overlay-color":"","overlay-opacity":"","overlay-gradient":""},"tablet":{"background-color":"","background-image":"","background-repeat":"repeat","background-position":"center center","background-size":"auto","background-attachment":"scroll","background-type":"","background-media":"","overlay-type":"","overlay-color":"","overlay-opacity":"","overlay-gradient":""},"mobile":{"background-color":"","background-image":"","background-repeat":"repeat","background-position":"center center","background-size":"auto","background-attachment":"scroll","background-type":"","background-media":"","overlay-type":"","overlay-color":"","overlay-opacity":"","overlay-gradient":""}},"ast-content-background-meta":{"desktop":{"background-color":"var(--ast-global-color-5)","background-image":"","background-repeat":"repeat","background-position":"center center","background-size":"auto","background-attachment":"scroll","background-type":"","background-media":"","overlay-type":"","overlay-color":"","overlay-opacity":"","overlay-gradient":""},"tablet":{"background-color":"var(--ast-global-color-5)","background-image":"","background-repeat":"repeat","background-position":"center center","background-size":"auto","background-attachment":"scroll","background-type":"","background-media":"","overlay-type":"","overlay-color":"","overlay-opacity":"","overlay-gradient":""},"mobile":{"background-color":"var(--ast-global-color-5)","background-image":"","background-repeat":"repeat","background-position":"center center","background-size":"auto","background-attachment":"scroll","background-type":"","background-media":"","overlay-type":"","overlay-color":"","overlay-opacity":"","overlay-gradient":""}},"iawp_total_views":17},"product_brand":[],"product_cat":[633],"product_tag":[],"class_list":{"0":"post-17583","1":"product","2":"type-product","3":"status-publish","4":"has-post-thumbnail","6":"product_cat-pc-cables","7":"desktop-align-left","8":"tablet-align-left","9":"mobile-align-left","11":"first","12":"instock","13":"shipping-taxable","14":"purchasable","15":"product-type-simple"},"acf":[],"_links":{"self":[{"href":"https:\/\/www.fjpremium.com\/fr\/wp-json\/wp\/v2\/product\/17583","targetHints":{"allow":["GET"]}}],"collection":[{"href":"https:\/\/www.fjpremium.com\/fr\/wp-json\/wp\/v2\/product"}],"about":[{"href":"https:\/\/www.fjpremium.com\/fr\/wp-json\/wp\/v2\/types\/product"}],"wp:featuredmedia":[{"embeddable":true,"href":"https:\/\/www.fjpremium.com\/fr\/wp-json\/wp\/v2\/media\/17584"}],"wp:attachment":[{"href":"https:\/\/www.fjpremium.com\/fr\/wp-json\/wp\/v2\/media?parent=17583"}],"wp:term":[{"taxonomy":"product_brand","embeddable":true,"href":"https:\/\/www.fjpremium.com\/fr\/wp-json\/wp\/v2\/product_brand?post=17583"},{"taxonomy":"product_cat","embeddable":true,"href":"https:\/\/www.fjpremium.com\/fr\/wp-json\/wp\/v2\/product_cat?post=17583"},{"taxonomy":"product_tag","embeddable":true,"href":"https:\/\/www.fjpremium.com\/fr\/wp-json\/wp\/v2\/product_tag?post=17583"}],"curies":[{"name":"wp","href":"https:\/\/api.w.org\/{rel}","templated":true}]}}