{"id":17579,"date":"2021-03-10T16:58:44","date_gmt":"2021-03-10T08:58:44","guid":{"rendered":"https:\/\/www.fjpremium.com\/?post_type=product&#038;p=17579"},"modified":"2023-09-18T14:28:35","modified_gmt":"2023-09-18T06:28:35","slug":"one-5-25-to-two-5-25-female-internal-power-y-splitter-cable","status":"publish","type":"product","link":"https:\/\/www.fjpremium.com\/fr\/product\/one-5-25-to-two-5-25-female-internal-power-y-splitter-cable\/","title":{"rendered":"Un r\u00e9partiteur en Y interne de 5,25\u2033 \u00e0 deux r\u00e9partiteurs en Y internes de 5,25\u2033 femelles C\u00e2ble d'alimentation"},"content":{"rendered":"<p>Cet outil indispensable est con\u00e7u pour rationaliser la distribution d'\u00e9nergie au sein de votre syst\u00e8me, en alimentant sans effort vos lecteurs de disquettes 5,25\u2033, vos lecteurs de disques optiques ou vos disques durs.<\/p>\n<p>Ils sont dot\u00e9s d'une prise m\u00e2le et de deux prises femelles pour une plus grande commodit\u00e9.<\/p>\n<p>Il ne s'agit pas seulement de fonctionnalit\u00e9, mais aussi de qualit\u00e9.<\/p>\n<p>Les contacts plaqu\u00e9s or et la coque plaqu\u00e9e nickel garantissent une conductivit\u00e9 et une r\u00e9sistance \u00e0 la corrosion sup\u00e9rieures, assurant des performances fiables dans le temps.<\/p>\n<p>Construits avec quatre \u00e2mes et un calibre de 18AWG, nos c\u00e2bles incarnent la robustesse et la fiabilit\u00e9. Le bo\u00eetier robuste moul\u00e9 par injection renforce la long\u00e9vit\u00e9 du c\u00e2ble.<\/p>\n<p>De plus, conformes aux normes RoHS et REACH, ils garantissent la s\u00e9curit\u00e9 et le respect de l'environnement. Par cons\u00e9quent, optez pour nos c\u00e2bles d'alimentation en Y femelle et \u00e9quipez votre entreprise de solutions puissantes et performantes.<\/p>","protected":false},"excerpt":{"rendered":"<p>Simplifiez l'organisation de l'alimentation \u00e9lectrique gr\u00e2ce \u00e0 ces c\u00e2bles d'alimentation en Y internes femelles, qui fournissent une alimentation propre et fiable avec une connectivit\u00e9 sup\u00e9rieure.<\/p>","protected":false},"featured_media":17580,"template":"","meta":{"_acf_changed":false,"_seopress_robots_primary_cat":"","_seopress_titles_title":"Best Internal Y splitter Power Cable - Farsince","_seopress_titles_desc":"","_seopress_robots_index":"","site-sidebar-layout":"default","site-content-layout":"default","ast-site-content-layout":"default","site-content-style":"default","site-sidebar-style":"default","ast-global-header-display":"","ast-banner-title-visibility":"","ast-main-header-display":"","ast-hfb-above-header-display":"","ast-hfb-below-header-display":"","ast-hfb-mobile-header-display":"","site-post-title":"","ast-breadcrumbs-content":"","ast-featured-img":"","footer-sml-layout":"","ast-disable-related-posts":"","theme-transparent-header-meta":"default","adv-header-id-meta":"","stick-header-meta":"","header-above-stick-meta":"","header-main-stick-meta":"","header-below-stick-meta":"","astra-migrate-meta-layouts":"set","ast-page-background-enabled":"default","ast-page-background-meta":{"desktop":{"background-color":"","background-image":"","background-repeat":"repeat","background-position":"center center","background-size":"auto","background-attachment":"scroll","background-type":"","background-media":"","overlay-type":"","overlay-color":"","overlay-opacity":"","overlay-gradient":""},"tablet":{"background-color":"","background-image":"","background-repeat":"repeat","background-position":"center center","background-size":"auto","background-attachment":"scroll","background-type":"","background-media":"","overlay-type":"","overlay-color":"","overlay-opacity":"","overlay-gradient":""},"mobile":{"background-color":"","background-image":"","background-repeat":"repeat","background-position":"center center","background-size":"auto","background-attachment":"scroll","background-type":"","background-media":"","overlay-type":"","overlay-color":"","overlay-opacity":"","overlay-gradient":""}},"ast-content-background-meta":{"desktop":{"background-color":"var(--ast-global-color-5)","background-image":"","background-repeat":"repeat","background-position":"center center","background-size":"auto","background-attachment":"scroll","background-type":"","background-media":"","overlay-type":"","overlay-color":"","overlay-opacity":"","overlay-gradient":""},"tablet":{"background-color":"var(--ast-global-color-5)","background-image":"","background-repeat":"repeat","background-position":"center center","background-size":"auto","background-attachment":"scroll","background-type":"","background-media":"","overlay-type":"","overlay-color":"","overlay-opacity":"","overlay-gradient":""},"mobile":{"background-color":"var(--ast-global-color-5)","background-image":"","background-repeat":"repeat","background-position":"center center","background-size":"auto","background-attachment":"scroll","background-type":"","background-media":"","overlay-type":"","overlay-color":"","overlay-opacity":"","overlay-gradient":""}},"iawp_total_views":4},"product_brand":[],"product_cat":[633],"product_tag":[],"class_list":{"0":"post-17579","1":"product","2":"type-product","3":"status-publish","4":"has-post-thumbnail","6":"product_cat-pc-cables","7":"desktop-align-left","8":"tablet-align-left","9":"mobile-align-left","11":"first","12":"instock","13":"shipping-taxable","14":"purchasable","15":"product-type-simple"},"acf":[],"_links":{"self":[{"href":"https:\/\/www.fjpremium.com\/fr\/wp-json\/wp\/v2\/product\/17579","targetHints":{"allow":["GET"]}}],"collection":[{"href":"https:\/\/www.fjpremium.com\/fr\/wp-json\/wp\/v2\/product"}],"about":[{"href":"https:\/\/www.fjpremium.com\/fr\/wp-json\/wp\/v2\/types\/product"}],"wp:featuredmedia":[{"embeddable":true,"href":"https:\/\/www.fjpremium.com\/fr\/wp-json\/wp\/v2\/media\/17580"}],"wp:attachment":[{"href":"https:\/\/www.fjpremium.com\/fr\/wp-json\/wp\/v2\/media?parent=17579"}],"wp:term":[{"taxonomy":"product_brand","embeddable":true,"href":"https:\/\/www.fjpremium.com\/fr\/wp-json\/wp\/v2\/product_brand?post=17579"},{"taxonomy":"product_cat","embeddable":true,"href":"https:\/\/www.fjpremium.com\/fr\/wp-json\/wp\/v2\/product_cat?post=17579"},{"taxonomy":"product_tag","embeddable":true,"href":"https:\/\/www.fjpremium.com\/fr\/wp-json\/wp\/v2\/product_tag?post=17579"}],"curies":[{"name":"wp","href":"https:\/\/api.w.org\/{rel}","templated":true}]}}