{"id":17571,"date":"2021-03-10T16:57:20","date_gmt":"2021-03-10T08:57:20","guid":{"rendered":"https:\/\/www.fjpremium.com\/?post_type=product&#038;p=17571"},"modified":"2023-09-18T14:25:21","modified_gmt":"2023-09-18T06:25:21","slug":"sata-15-pin-female-to-4-pin-male-lp4-5-25-power-cable-adapter","status":"publish","type":"product","link":"https:\/\/www.fjpremium.com\/fr\/product\/sata-15-pin-female-to-4-pin-male-lp4-5-25-power-cable-adapter\/","title":{"rendered":"Adaptateur de c\u00e2ble d'alimentation SATA 15 broches femelles vers 4 broches m\u00e2les LP4 5.25\u2033."},"content":{"rendered":"<p>Cet accessoire indispensable fait le lien entre les nouveaux appareils SATA et les blocs d'alimentation dot\u00e9s de ports Molex LP4.<\/p>\n<p>Parfaitement con\u00e7u pour les bricoleurs ou les techniciens informatiques, il permet d'installer sans probl\u00e8me des disques durs ou des lecteurs de DVD SATA nouveaux ou de remplacement.<\/p>\n<p>Il est \u00e9galement dot\u00e9 de contacts plaqu\u00e9s or et d'une coque plaqu\u00e9e nickel pour une durabilit\u00e9 maximale et une conductivit\u00e9 efficace.<\/p>\n<p>Cet adaptateur de c\u00e2ble d'alimentation est envelopp\u00e9 d'une isolation HDPE pour plus de s\u00e9curit\u00e9 et de fiabilit\u00e9, et comporte quatre fils principaux, dont un rouge, deux noirs et un jaune.<\/p>\n<p>Il est con\u00e7u pour durer, avec un calibre de fil de 18AWG et un bo\u00eetier robuste moul\u00e9 par injection.<\/p>\n<p>En outre, nous donnons la priorit\u00e9 \u00e0 la s\u00e9curit\u00e9 et \u00e0 la durabilit\u00e9 ; il est conforme aux normes RoHS et REACH. En r\u00e9sum\u00e9, contactez-nous d\u00e8s aujourd'hui et commandez l'adaptateur.<\/p>","protected":false},"excerpt":{"rendered":"<p>Reliez l&#039;ancien au nouveau sans effort gr\u00e2ce \u00e0 notre adaptateur de c\u00e2ble d&#039;alimentation SATA 15 broches femelle vers 4 broches m\u00e2le LP4 5,25&quot;, id\u00e9al pour les disques durs SATA et les lecteurs optiques.<\/p>","protected":false},"featured_media":17572,"template":"","meta":{"_acf_changed":false,"_seopress_robots_primary_cat":"","_seopress_titles_title":"LP4 5.25&quot; Power Cable Adapter - Farsince","_seopress_titles_desc":"","_seopress_robots_index":"","site-sidebar-layout":"default","site-content-layout":"default","ast-site-content-layout":"default","site-content-style":"default","site-sidebar-style":"default","ast-global-header-display":"","ast-banner-title-visibility":"","ast-main-header-display":"","ast-hfb-above-header-display":"","ast-hfb-below-header-display":"","ast-hfb-mobile-header-display":"","site-post-title":"","ast-breadcrumbs-content":"","ast-featured-img":"","footer-sml-layout":"","ast-disable-related-posts":"","theme-transparent-header-meta":"default","adv-header-id-meta":"","stick-header-meta":"","header-above-stick-meta":"","header-main-stick-meta":"","header-below-stick-meta":"","astra-migrate-meta-layouts":"set","ast-page-background-enabled":"default","ast-page-background-meta":{"desktop":{"background-color":"","background-image":"","background-repeat":"repeat","background-position":"center center","background-size":"auto","background-attachment":"scroll","background-type":"","background-media":"","overlay-type":"","overlay-color":"","overlay-opacity":"","overlay-gradient":""},"tablet":{"background-color":"","background-image":"","background-repeat":"repeat","background-position":"center center","background-size":"auto","background-attachment":"scroll","background-type":"","background-media":"","overlay-type":"","overlay-color":"","overlay-opacity":"","overlay-gradient":""},"mobile":{"background-color":"","background-image":"","background-repeat":"repeat","background-position":"center center","background-size":"auto","background-attachment":"scroll","background-type":"","background-media":"","overlay-type":"","overlay-color":"","overlay-opacity":"","overlay-gradient":""}},"ast-content-background-meta":{"desktop":{"background-color":"var(--ast-global-color-5)","background-image":"","background-repeat":"repeat","background-position":"center center","background-size":"auto","background-attachment":"scroll","background-type":"","background-media":"","overlay-type":"","overlay-color":"","overlay-opacity":"","overlay-gradient":""},"tablet":{"background-color":"var(--ast-global-color-5)","background-image":"","background-repeat":"repeat","background-position":"center center","background-size":"auto","background-attachment":"scroll","background-type":"","background-media":"","overlay-type":"","overlay-color":"","overlay-opacity":"","overlay-gradient":""},"mobile":{"background-color":"var(--ast-global-color-5)","background-image":"","background-repeat":"repeat","background-position":"center center","background-size":"auto","background-attachment":"scroll","background-type":"","background-media":"","overlay-type":"","overlay-color":"","overlay-opacity":"","overlay-gradient":""}},"iawp_total_views":3},"product_brand":[],"product_cat":[633],"product_tag":[],"class_list":{"0":"post-17571","1":"product","2":"type-product","3":"status-publish","4":"has-post-thumbnail","6":"product_cat-pc-cables","7":"desktop-align-left","8":"tablet-align-left","9":"mobile-align-left","11":"first","12":"instock","13":"shipping-taxable","14":"purchasable","15":"product-type-simple"},"acf":[],"_links":{"self":[{"href":"https:\/\/www.fjpremium.com\/fr\/wp-json\/wp\/v2\/product\/17571","targetHints":{"allow":["GET"]}}],"collection":[{"href":"https:\/\/www.fjpremium.com\/fr\/wp-json\/wp\/v2\/product"}],"about":[{"href":"https:\/\/www.fjpremium.com\/fr\/wp-json\/wp\/v2\/types\/product"}],"wp:featuredmedia":[{"embeddable":true,"href":"https:\/\/www.fjpremium.com\/fr\/wp-json\/wp\/v2\/media\/17572"}],"wp:attachment":[{"href":"https:\/\/www.fjpremium.com\/fr\/wp-json\/wp\/v2\/media?parent=17571"}],"wp:term":[{"taxonomy":"product_brand","embeddable":true,"href":"https:\/\/www.fjpremium.com\/fr\/wp-json\/wp\/v2\/product_brand?post=17571"},{"taxonomy":"product_cat","embeddable":true,"href":"https:\/\/www.fjpremium.com\/fr\/wp-json\/wp\/v2\/product_cat?post=17571"},{"taxonomy":"product_tag","embeddable":true,"href":"https:\/\/www.fjpremium.com\/fr\/wp-json\/wp\/v2\/product_tag?post=17571"}],"curies":[{"name":"wp","href":"https:\/\/api.w.org\/{rel}","templated":true}]}}