{"id":17563,"date":"2021-03-10T16:55:35","date_gmt":"2021-03-10T08:55:35","guid":{"rendered":"https:\/\/www.fjpremium.com\/?post_type=product&#038;p=17563"},"modified":"2023-09-18T14:21:51","modified_gmt":"2023-09-18T06:21:51","slug":"sata-15-pin-male-to-4-pin-female-lp4-5-25-power-cable-adapter","status":"publish","type":"product","link":"https:\/\/www.fjpremium.com\/fr\/product\/sata-15-pin-male-to-4-pin-female-lp4-5-25-power-cable-adapter\/","title":{"rendered":"Adaptateur de c\u00e2ble d'alimentation SATA 15 broches m\u00e2les vers 4 broches femelles"},"content":{"rendered":"<p>Con\u00e7u sp\u00e9cialement pour connecter des disques durs ou des lecteurs optiques Serial ATA de pointe \u00e0 un bloc d'alimentation dot\u00e9 de ports Molex LP4, notre adaptateur s'av\u00e8re indispensable.<\/p>\n<p>L'installation de disques durs ou de lecteurs de DVD SATA nouveaux ou de remplacement devient un jeu d'enfant, m\u00eame lorsque l'alimentation ne dispose que de ports d'alimentation Molex.<\/p>\n<p>En outre, la qualit\u00e9 n'est jamais compromise, les contacts plaqu\u00e9s or et les coques plaqu\u00e9es nickel garantissant une connectivit\u00e9 durable et efficace.<\/p>\n<p>L'adaptateur comporte des fils rouges, noirs doubles et jaunes envelopp\u00e9s d'une isolation HDPE robuste pour une s\u00e9curit\u00e9 optimale. Son calibre de 18AWG assure une connexion solide et fiable dans un bo\u00eetier robuste moul\u00e9 par injection.<\/p>\n<p>En outre, gr\u00e2ce \u00e0 sa conformit\u00e9 aux normes RoHS et REACH, il offre des solutions durables et respectueuses de la s\u00e9curit\u00e9 pour r\u00e9pondre \u00e0 vos besoins en mati\u00e8re d'alimentation \u00e9lectrique.<\/p>\n<p>Dans l'ensemble, contactez-nous d\u00e8s aujourd'hui et commandez notre adaptateur de c\u00e2ble d'alimentation SATA.<\/p>","protected":false},"excerpt":{"rendered":"<p>Am\u00e9liorez la connectivit\u00e9 de votre appareil SATA avec l&#039;adaptateur de c\u00e2ble d&#039;alimentation SATA 15 broches m\u00e2le vers 4 broches femelle de Farsince, con\u00e7u pour les disques modernes et les alimentations existantes.<\/p>","protected":false},"featured_media":17564,"template":"","meta":{"_acf_changed":false,"_seopress_robots_primary_cat":"","_seopress_titles_title":"Best SATA Power Cable Adapter - Farsince","_seopress_titles_desc":"","_seopress_robots_index":"","site-sidebar-layout":"default","site-content-layout":"default","ast-site-content-layout":"default","site-content-style":"default","site-sidebar-style":"default","ast-global-header-display":"","ast-banner-title-visibility":"","ast-main-header-display":"","ast-hfb-above-header-display":"","ast-hfb-below-header-display":"","ast-hfb-mobile-header-display":"","site-post-title":"","ast-breadcrumbs-content":"","ast-featured-img":"","footer-sml-layout":"","ast-disable-related-posts":"","theme-transparent-header-meta":"default","adv-header-id-meta":"","stick-header-meta":"","header-above-stick-meta":"","header-main-stick-meta":"","header-below-stick-meta":"","astra-migrate-meta-layouts":"set","ast-page-background-enabled":"default","ast-page-background-meta":{"desktop":{"background-color":"","background-image":"","background-repeat":"repeat","background-position":"center center","background-size":"auto","background-attachment":"scroll","background-type":"","background-media":"","overlay-type":"","overlay-color":"","overlay-opacity":"","overlay-gradient":""},"tablet":{"background-color":"","background-image":"","background-repeat":"repeat","background-position":"center center","background-size":"auto","background-attachment":"scroll","background-type":"","background-media":"","overlay-type":"","overlay-color":"","overlay-opacity":"","overlay-gradient":""},"mobile":{"background-color":"","background-image":"","background-repeat":"repeat","background-position":"center center","background-size":"auto","background-attachment":"scroll","background-type":"","background-media":"","overlay-type":"","overlay-color":"","overlay-opacity":"","overlay-gradient":""}},"ast-content-background-meta":{"desktop":{"background-color":"var(--ast-global-color-5)","background-image":"","background-repeat":"repeat","background-position":"center center","background-size":"auto","background-attachment":"scroll","background-type":"","background-media":"","overlay-type":"","overlay-color":"","overlay-opacity":"","overlay-gradient":""},"tablet":{"background-color":"var(--ast-global-color-5)","background-image":"","background-repeat":"repeat","background-position":"center center","background-size":"auto","background-attachment":"scroll","background-type":"","background-media":"","overlay-type":"","overlay-color":"","overlay-opacity":"","overlay-gradient":""},"mobile":{"background-color":"var(--ast-global-color-5)","background-image":"","background-repeat":"repeat","background-position":"center center","background-size":"auto","background-attachment":"scroll","background-type":"","background-media":"","overlay-type":"","overlay-color":"","overlay-opacity":"","overlay-gradient":""}},"iawp_total_views":4},"product_brand":[],"product_cat":[633],"product_tag":[],"class_list":{"0":"post-17563","1":"product","2":"type-product","3":"status-publish","4":"has-post-thumbnail","6":"product_cat-pc-cables","7":"desktop-align-left","8":"tablet-align-left","9":"mobile-align-left","11":"first","12":"instock","13":"shipping-taxable","14":"purchasable","15":"product-type-simple"},"acf":[],"_links":{"self":[{"href":"https:\/\/www.fjpremium.com\/fr\/wp-json\/wp\/v2\/product\/17563","targetHints":{"allow":["GET"]}}],"collection":[{"href":"https:\/\/www.fjpremium.com\/fr\/wp-json\/wp\/v2\/product"}],"about":[{"href":"https:\/\/www.fjpremium.com\/fr\/wp-json\/wp\/v2\/types\/product"}],"wp:featuredmedia":[{"embeddable":true,"href":"https:\/\/www.fjpremium.com\/fr\/wp-json\/wp\/v2\/media\/17564"}],"wp:attachment":[{"href":"https:\/\/www.fjpremium.com\/fr\/wp-json\/wp\/v2\/media?parent=17563"}],"wp:term":[{"taxonomy":"product_brand","embeddable":true,"href":"https:\/\/www.fjpremium.com\/fr\/wp-json\/wp\/v2\/product_brand?post=17563"},{"taxonomy":"product_cat","embeddable":true,"href":"https:\/\/www.fjpremium.com\/fr\/wp-json\/wp\/v2\/product_cat?post=17563"},{"taxonomy":"product_tag","embeddable":true,"href":"https:\/\/www.fjpremium.com\/fr\/wp-json\/wp\/v2\/product_tag?post=17563"}],"curies":[{"name":"wp","href":"https:\/\/api.w.org\/{rel}","templated":true}]}}